{"id":65,"date":"2023-06-08T09:39:23","date_gmt":"2023-06-08T07:39:23","guid":{"rendered":"https:\/\/heikebrittaunap.com\/?page_id=65"},"modified":"2024-09-19T02:17:23","modified_gmt":"2024-09-19T00:17:23","slug":"impronta","status":"publish","type":"page","link":"https:\/\/heikebrittaunap.com\/it\/impressum\/","title":{"rendered":"Impronta"},"content":{"rendered":"<h1 style=\"text-align: center;\">Impronta<\/h1>\n<h3 style=\"text-align: left; color: var(--tcb-skin-color-5) !important; --tcb-applied-color: var$(--tcb-skin-color-5) !important;\"><span style=\"font-weight: normal;\">Informazioni ai sensi dei \u00a7\u00a7 5,6 DDG:<\/span><\/h3>\n<p><span><img decoding=\"async\" alt=\"\" data-id=\"1846\" width=\"477\" data-init-width=\"2048\" height=\"344\" data-init-height=\"1478\" title=\"IMMAGINE 6 Ritratto foto_photostudio_urbschat\" loading=\"lazy\" src=\"https:\/\/heikebrittaunap.com\/wp-content\/uploads\/2024\/09\/BILD-6-Portraet-Foto_fotostudio_urbschat.png\" data-width=\"477\" data-height=\"344\" style=\"aspect-ratio: auto 2048 \/ 1478;\"><\/span><\/p>\n<table>\n<tbody>\n<tr>\n<td colspan=\"2\">\n<h2 style=\"text-align: left;\"><span style=\"--tcb-applied-color: var$(--tcb-color-0) !important; color: var(--tcb-color-0) !important;\">Heike Britt Aunap Coaching & Consulting<\/span><\/h2>\n<\/td>\n<\/tr>\n<tr>\n<td>\n<p style=\"text-align: left;\"><span style=\"--tcb-applied-color: var$(--tcb-skin-color-5) !important; color: var(--tcb-skin-color-5) !important;\">Eiderstedter Weg 43 a<\/span><\/p>\n<p style=\"text-align: left;\"><span style=\"color: var(--tcb-skin-color-5) !important;\"><span style=\"--tcb-applied-color: var$(--tcb-skin-color-5) !important;\">14129 Berlino<\/span><\/span><\/p>\n<p style=\"text-align: left;\"><span style=\"color: var(--tcb-skin-color-5) !important;\"><span style=\"--tcb-applied-color: var$(--tcb-skin-color-5) !important;\">Tel: +49 30 6782 73 50Fax: +49 30 6782 73 49<a href=\"mailto:info@art-milano.com\" style=\"outline: none;\">info@heikebrittaunap.com<\/a><\/span><\/span><\/p>\n<p style=\"text-align: left;\"><span style=\"--tcb-applied-color: var$(--tcb-skin-color-5) !important; color: var(--tcb-skin-color-5) !important;\">Steuer-Nr.:25\/213\/61792UST-Nr.:DE253059390<\/span><\/p>\n<\/td>\n<\/tr>\n<\/tbody>\n<\/table>\n<h2 style=\"text-align: left;\">Risoluzione delle controversie<\/h2>\n<p style=\"text-align: left;\">Non siamo disposti o obbligati a partecipare a procedure di risoluzione delle controversie davanti a un collegio arbitrale dei consumatori.<\/p>\n<h3 style=\"text-align: left;\">Responsabilit\u00e0 per i contenuti<\/h3>\n<p style=\"text-align: left;\">In qualit\u00e0 di fornitore di servizi, siamo responsabili dei nostri contenuti su queste pagine ai sensi dell'art. 7 (1) TMG (legge tedesca sui media telematici) e della legislazione generale. Ai sensi dei \u00a7\u00a7 8-10 TMG, tuttavia, in qualit\u00e0 di fornitore di servizi non siamo obbligati a monitorare le informazioni trasmesse o memorizzate da terzi o a indagare su circostanze che indicano un'attivit\u00e0 illegale.<\/p>\n<p style=\"text-align: left;\">L'obbligo di rimuovere o bloccare l'uso delle informazioni in conformit\u00e0 alla legislazione generale rimane inalterato. Tuttavia, la responsabilit\u00e0 in questo senso \u00e8 possibile solo dal momento in cui veniamo a conoscenza di una specifica violazione. Non appena verremo a conoscenza di tali violazioni, provvederemo a rimuovere immediatamente tali contenuti.<\/p>\n<h3 style=\"text-align: left;\">Responsabilit\u00e0 per i link<\/h3>\n<p style=\"text-align: left;\">Il nostro sito web contiene link a siti esterni di terzi sui cui contenuti non abbiamo alcuna influenza. Pertanto, non ci assumiamo alcuna responsabilit\u00e0 per questi contenuti di terzi. Il rispettivo fornitore o gestore delle pagine \u00e8 sempre responsabile del contenuto delle pagine collegate. Le pagine collegate sono state controllate per verificare eventuali violazioni di legge al momento del collegamento. I contenuti illegali non erano riconoscibili al momento del collegamento.<\/p>\n<p style=\"text-align: left;\">Tuttavia, il monitoraggio permanente del contenuto delle pagine collegate non \u00e8 ragionevole senza prove concrete di una violazione. Se veniamo a conoscenza di violazioni legali, rimuoveremo immediatamente tali link.<\/p>\n<h3 style=\"text-align: left;\">Copyright<\/h3>\n<p style=\"text-align: left;\">I contenuti e le opere create dagli operatori del sito su queste pagine sono soggetti alla legge tedesca sul diritto d'autore. La duplicazione, l'elaborazione, la distribuzione e qualsiasi tipo di utilizzo al di fuori dei limiti della legge sul copyright richiedono il consenso scritto del rispettivo autore o creatore. Download e copie di questo sito sono consentiti solo per uso privato e non commerciale.<\/p>\n<p style=\"text-align: left;\">Nella misura in cui i contenuti di questo sito non sono stati creati dall'operatore, vengono rispettati i diritti d'autore di terzi. In particolare, i contenuti di terzi sono contrassegnati come tali. Se tuttavia doveste venire a conoscenza di una violazione del copyright, vi preghiamo di informarci. Qualora venissimo a conoscenza di violazioni, provvederemo a rimuovere immediatamente tali contenuti.<\/p>","protected":false},"excerpt":{"rendered":"<p>Impressum Angaben gem\u00e4\u00df \u00a7\u00a7 5,6 DDG: Heike Britt Aunap Coaching &#038; Consulting Eiderstedter Weg 43 a 14129 Berlin Tel: +49 30 6782 73 50Fax: +49 30 6782 73 49info@heikebrittaunap.com Steuer-Nr.:25\/213\/61792UST-Nr.:DE253059390 Streitschlichtung Wir sind nicht bereit oder verpflichtet, an Streitbeilegungsverfahren vor einer Verbraucherschlichtungsstelle teilzunehmen. Haftung f\u00fcr Inhalte Als Diensteanbieter sind wir gem\u00e4\u00df \u00a7 7 Abs.1 TMG [&hellip;]<\/p>\n","protected":false},"author":3,"featured_media":0,"parent":0,"menu_order":0,"comment_status":"closed","ping_status":"closed","template":"","meta":{"footnotes":"","tve_updated_post":"","tve_custom_css":"","tve_user_custom_css":"","tve_globals":{},"tcb2_ready":1,"tcb_editor_enabled":1,"tve_landing_page":"3a22d57d9140b5025a0010e858a1ea0e","_tve_header":"57","_tve_footer":"26"},"class_list":["post-65","page","type-page","status-publish","hentry","post-wrapper","thrv_wrapper"],"yoast_head":"<!-- This site is optimized with the Yoast SEO plugin v27.5 - https:\/\/yoast.com\/product\/yoast-seo-wordpress\/ -->\n<title>Impressum - heikebrittaunap.com<\/title>\n<meta name=\"robots\" content=\"index, follow, max-snippet:-1, max-image-preview:large, max-video-preview:-1\" \/>\n<link rel=\"canonical\" href=\"https:\/\/heikebrittaunap.com\/it\/impronta\/\" \/>\n<meta property=\"og:locale\" content=\"it_IT\" \/>\n<meta property=\"og:type\" content=\"article\" \/>\n<meta property=\"og:title\" content=\"Impressum - heikebrittaunap.com\" \/>\n<meta property=\"og:description\" content=\"Impressum Angaben gem\u00e4\u00df \u00a7\u00a7 5,6 DDG: Heike Britt Aunap Coaching &amp; Consulting Eiderstedter Weg 43 a 14129 Berlin Tel: +49 30 6782 73 50Fax: +49 30 6782 73 49info@heikebrittaunap.com Steuer-Nr.:25\/213\/61792UST-Nr.:DE253059390 Streitschlichtung Wir sind nicht bereit oder verpflichtet, an Streitbeilegungsverfahren vor einer Verbraucherschlichtungsstelle teilzunehmen. Haftung f\u00fcr Inhalte Als Diensteanbieter sind wir gem\u00e4\u00df \u00a7 7 Abs.1 TMG [&hellip;]\" \/>\n<meta property=\"og:url\" content=\"https:\/\/heikebrittaunap.com\/it\/impronta\/\" \/>\n<meta property=\"og:site_name\" content=\"heikebrittaunap.com\" \/>\n<meta property=\"article:modified_time\" content=\"2024-09-19T00:17:23+00:00\" \/>\n<meta property=\"og:image\" content=\"https:\/\/heikebrittaunap.com\/wp-content\/uploads\/2024\/09\/BILD-6-Portraet-Foto_fotostudio_urbschat.png\" \/>\n<meta name=\"twitter:card\" content=\"summary_large_image\" \/>\n<script type=\"application\/ld+json\" class=\"yoast-schema-graph\">{\"@context\":\"https:\\\/\\\/schema.org\",\"@graph\":[{\"@type\":\"WebPage\",\"@id\":\"https:\\\/\\\/heikebrittaunap.com\\\/impressum\\\/\",\"url\":\"https:\\\/\\\/heikebrittaunap.com\\\/impressum\\\/\",\"name\":\"Impressum - heikebrittaunap.com\",\"isPartOf\":{\"@id\":\"https:\\\/\\\/heikebrittaunap.com\\\/#website\"},\"primaryImageOfPage\":{\"@id\":\"https:\\\/\\\/heikebrittaunap.com\\\/impressum\\\/#primaryimage\"},\"image\":{\"@id\":\"https:\\\/\\\/heikebrittaunap.com\\\/impressum\\\/#primaryimage\"},\"thumbnailUrl\":\"https:\\\/\\\/heikebrittaunap.com\\\/wp-content\\\/uploads\\\/2024\\\/09\\\/BILD-6-Portraet-Foto_fotostudio_urbschat.png\",\"datePublished\":\"2023-06-08T07:39:23+00:00\",\"dateModified\":\"2024-09-19T00:17:23+00:00\",\"breadcrumb\":{\"@id\":\"https:\\\/\\\/heikebrittaunap.com\\\/impressum\\\/#breadcrumb\"},\"inLanguage\":\"it-IT\",\"potentialAction\":[{\"@type\":\"ReadAction\",\"target\":[\"https:\\\/\\\/heikebrittaunap.com\\\/impressum\\\/\"]}]},{\"@type\":\"ImageObject\",\"inLanguage\":\"it-IT\",\"@id\":\"https:\\\/\\\/heikebrittaunap.com\\\/impressum\\\/#primaryimage\",\"url\":\"https:\\\/\\\/heikebrittaunap.com\\\/wp-content\\\/uploads\\\/2024\\\/09\\\/BILD-6-Portraet-Foto_fotostudio_urbschat.png\",\"contentUrl\":\"https:\\\/\\\/heikebrittaunap.com\\\/wp-content\\\/uploads\\\/2024\\\/09\\\/BILD-6-Portraet-Foto_fotostudio_urbschat.png\"},{\"@type\":\"BreadcrumbList\",\"@id\":\"https:\\\/\\\/heikebrittaunap.com\\\/impressum\\\/#breadcrumb\",\"itemListElement\":[{\"@type\":\"ListItem\",\"position\":1,\"name\":\"Startseite\",\"item\":\"https:\\\/\\\/heikebrittaunap.com\\\/\"},{\"@type\":\"ListItem\",\"position\":2,\"name\":\"Impressum\"}]},{\"@type\":\"WebSite\",\"@id\":\"https:\\\/\\\/heikebrittaunap.com\\\/#website\",\"url\":\"https:\\\/\\\/heikebrittaunap.com\\\/\",\"name\":\"heikebrittaunap.com\",\"description\":\"\",\"potentialAction\":[{\"@type\":\"SearchAction\",\"target\":{\"@type\":\"EntryPoint\",\"urlTemplate\":\"https:\\\/\\\/heikebrittaunap.com\\\/?s={search_term_string}\"},\"query-input\":{\"@type\":\"PropertyValueSpecification\",\"valueRequired\":true,\"valueName\":\"search_term_string\"}}],\"inLanguage\":\"it-IT\"}]}<\/script>\n<!-- \/ Yoast SEO plugin. -->","yoast_head_json":{"title":"Impronta - heikebrittaunap.com","robots":{"index":"index","follow":"follow","max-snippet":"max-snippet:-1","max-image-preview":"max-image-preview:large","max-video-preview":"max-video-preview:-1"},"canonical":"https:\/\/heikebrittaunap.com\/it\/impronta\/","og_locale":"it_IT","og_type":"article","og_title":"Impressum - heikebrittaunap.com","og_description":"Impressum Angaben gem\u00e4\u00df \u00a7\u00a7 5,6 DDG: Heike Britt Aunap Coaching & Consulting Eiderstedter Weg 43 a 14129 Berlin Tel: +49 30 6782 73 50Fax: +49 30 6782 73 49info@heikebrittaunap.com Steuer-Nr.:25\/213\/61792UST-Nr.:DE253059390 Streitschlichtung Wir sind nicht bereit oder verpflichtet, an Streitbeilegungsverfahren vor einer Verbraucherschlichtungsstelle teilzunehmen. Haftung f\u00fcr Inhalte Als Diensteanbieter sind wir gem\u00e4\u00df \u00a7 7 Abs.1 TMG [&hellip;]","og_url":"https:\/\/heikebrittaunap.com\/it\/impronta\/","og_site_name":"heikebrittaunap.com","article_modified_time":"2024-09-19T00:17:23+00:00","og_image":[{"url":"https:\/\/heikebrittaunap.com\/wp-content\/uploads\/2024\/09\/BILD-6-Portraet-Foto_fotostudio_urbschat.png","type":"","width":"","height":""}],"twitter_card":"summary_large_image","schema":{"@context":"https:\/\/schema.org","@graph":[{"@type":"WebPage","@id":"https:\/\/heikebrittaunap.com\/impressum\/","url":"https:\/\/heikebrittaunap.com\/impressum\/","name":"Impronta - heikebrittaunap.com","isPartOf":{"@id":"https:\/\/heikebrittaunap.com\/#website"},"primaryImageOfPage":{"@id":"https:\/\/heikebrittaunap.com\/impressum\/#primaryimage"},"image":{"@id":"https:\/\/heikebrittaunap.com\/impressum\/#primaryimage"},"thumbnailUrl":"https:\/\/heikebrittaunap.com\/wp-content\/uploads\/2024\/09\/BILD-6-Portraet-Foto_fotostudio_urbschat.png","datePublished":"2023-06-08T07:39:23+00:00","dateModified":"2024-09-19T00:17:23+00:00","breadcrumb":{"@id":"https:\/\/heikebrittaunap.com\/impressum\/#breadcrumb"},"inLanguage":"it-IT","potentialAction":[{"@type":"ReadAction","target":["https:\/\/heikebrittaunap.com\/impressum\/"]}]},{"@type":"ImageObject","inLanguage":"it-IT","@id":"https:\/\/heikebrittaunap.com\/impressum\/#primaryimage","url":"https:\/\/heikebrittaunap.com\/wp-content\/uploads\/2024\/09\/BILD-6-Portraet-Foto_fotostudio_urbschat.png","contentUrl":"https:\/\/heikebrittaunap.com\/wp-content\/uploads\/2024\/09\/BILD-6-Portraet-Foto_fotostudio_urbschat.png"},{"@type":"BreadcrumbList","@id":"https:\/\/heikebrittaunap.com\/impressum\/#breadcrumb","itemListElement":[{"@type":"ListItem","position":1,"name":"Startseite","item":"https:\/\/heikebrittaunap.com\/"},{"@type":"ListItem","position":2,"name":"Impressum"}]},{"@type":"WebSite","@id":"https:\/\/heikebrittaunap.com\/#website","url":"https:\/\/heikebrittaunap.com\/","name":"heikebrittaunap.com","description":"","potentialAction":[{"@type":"SearchAction","target":{"@type":"EntryPoint","urlTemplate":"https:\/\/heikebrittaunap.com\/?s={search_term_string}"},"query-input":{"@type":"PropertyValueSpecification","valueRequired":true,"valueName":"search_term_string"}}],"inLanguage":"it-IT"}]}},"_links":{"self":[{"href":"https:\/\/heikebrittaunap.com\/it\/wp-json\/wp\/v2\/pages\/65","targetHints":{"allow":["GET"]}}],"collection":[{"href":"https:\/\/heikebrittaunap.com\/it\/wp-json\/wp\/v2\/pages"}],"about":[{"href":"https:\/\/heikebrittaunap.com\/it\/wp-json\/wp\/v2\/types\/page"}],"author":[{"embeddable":true,"href":"https:\/\/heikebrittaunap.com\/it\/wp-json\/wp\/v2\/users\/3"}],"replies":[{"embeddable":true,"href":"https:\/\/heikebrittaunap.com\/it\/wp-json\/wp\/v2\/comments?post=65"}],"version-history":[{"count":10,"href":"https:\/\/heikebrittaunap.com\/it\/wp-json\/wp\/v2\/pages\/65\/revisions"}],"predecessor-version":[{"id":1850,"href":"https:\/\/heikebrittaunap.com\/it\/wp-json\/wp\/v2\/pages\/65\/revisions\/1850"}],"wp:attachment":[{"href":"https:\/\/heikebrittaunap.com\/it\/wp-json\/wp\/v2\/media?parent=65"}],"curies":[{"name":"wp","href":"https:\/\/api.w.org\/{rel}","templated":true}]}}