{"id":329,"date":"2023-10-12T16:34:14","date_gmt":"2023-10-12T14:34:14","guid":{"rendered":"https:\/\/heikebrittaunap.com\/?page_id=329"},"modified":"2023-10-12T17:05:43","modified_gmt":"2023-10-12T15:05:43","slug":"46846-2","status":"publish","type":"page","link":"https:\/\/heikebrittaunap.com\/it\/46846-2\/","title":{"rendered":"Registrazione al webinar (notifica della prossima data)"},"content":{"rendered":"<h1 style=\"text-align: center;\"><span style=\"font-weight: normal;\">Time outOas<\/span>e<\/h1>\n<h5 style=\"text-align: center;\">Formazione dal vivo<\/h5>\n<h1 style=\"text-align: center;\">Oasi del tempo<\/h1>\n<h5 style=\"text-align: center;\">Formazione dal vivo<\/h5>\n<h2>Soluzioni creative di gestione dello stress per l'equilibrio tra lavoro e vita privata<\/h2>\n<h4 style=\"\"><strong>La Masterclass LIVE non ha attualmente luogo.<\/strong><\/h4>\n<p style=\"text-align: left;\">Gerne m\u00f6chte ich Dich einladen, dir eine kleine Auszeit zu g\u00f6nnen:Komm einfach in meine <strong>Masterclass LIVE \u201eLa vostra oasi di relax all'ora di pranzo\u201c.\u201c<\/strong> e iniziare il vostro viaggio di trasformazione:<\/p>\n<ul>\n<li style=\"\"><span style=\"\">combinare lavoro e vita privata in modo olistico con una strategia coerente e un piano chiaro.<\/span><\/li>\n<li style=\"\"><span style=\"\">essere in grado di godere di una vita appagata e felice nonostante i propri obiettivi professionali<\/span><\/li>\n<li style=\"\"><span style=\"\">per darvi il permesso interiore di creare dei momenti di pausa e di cura per voi stessi.<\/span><\/li>\n<\/ul>\n<ul>\n<li style=\"\"><span style=\"\">A volte non ci vuole molto. Spesso manca solo un piccolo impulso, la leva della realizzazione, perch\u00e9 il viaggio possa iniziare.<\/span><\/li>\n<li style=\"\"><span style=\"\">E a volte non ci vuole molto tempo.<\/span><\/li>\n<\/ul>\n<p style=\"\">Per il mio <strong>Masterclass dal vivo<\/strong> \u00e8 necessario <strong>solo 30-45 minuti<\/strong> Zeit zu nehmen.Lass dich in dieser kleinen Auszeit inspirieren von meinen praxiserprobten Methoden, die du sehr einfach sofort in deinem Alltag integrieren kannst.<\/p>\n<p style=\"\">\n<p style=\"\">Erlebe wie leicht es sein kann, mehr Klarheit, Balance und Erf\u00fcllung zu sp\u00fcren&#8230;&#8230; und wie befreiend es sein kann, sich selbst Zeit und Wertsch\u00e4tzung zu schenken.<\/p>","protected":false},"excerpt":{"rendered":"<p>AuszeitOase LIVE Training AuszeitOase LIVE Training Kreative L\u00f6sungen zur Stressbew\u00e4ltigung f\u00fcr deine Work-Life-Balance Die LIVE-Masterclass findet aktuell nicht statt. Gerne m\u00f6chte ich Dich einladen, dir eine kleine Auszeit zu g\u00f6nnen:Komm einfach in meine LIVE Masterclass \u201eDeine AuszeitOase am Mittag\u201c und beginne deine transformative Reise: um Beruf und Privatleben ganzheitlich mit stimmiger Strategie und klarem Plan [&hellip;]<\/p>\n","protected":false},"author":3,"featured_media":0,"parent":0,"menu_order":0,"comment_status":"closed","ping_status":"closed","template":"","meta":{"footnotes":"","tve_updated_post":"","tve_custom_css":"","tve_user_custom_css":"","tve_globals":{},"tcb2_ready":1,"tcb_editor_enabled":1,"tve_landing_page":"3a22d57d9140b5025a0010e858a1ea0e","_tve_header":"31","_tve_footer":"26"},"class_list":["post-329","page","type-page","status-publish","hentry","post-wrapper","thrv_wrapper"],"yoast_head":"<!-- This site is optimized with the Yoast SEO plugin v27.5 - https:\/\/yoast.com\/product\/yoast-seo-wordpress\/ -->\n<title>Webinaranmeldung (n\u00e4chster Termin Benachrichtigung) - heikebrittaunap.com<\/title>\n<meta name=\"robots\" content=\"index, follow, max-snippet:-1, max-image-preview:large, max-video-preview:-1\" \/>\n<link rel=\"canonical\" href=\"https:\/\/heikebrittaunap.com\/it\/46846-2\/\" \/>\n<meta property=\"og:locale\" content=\"it_IT\" \/>\n<meta property=\"og:type\" content=\"article\" \/>\n<meta property=\"og:title\" content=\"Webinaranmeldung (n\u00e4chster Termin Benachrichtigung) - heikebrittaunap.com\" \/>\n<meta property=\"og:description\" content=\"AuszeitOase LIVE Training AuszeitOase LIVE Training Kreative L\u00f6sungen zur Stressbew\u00e4ltigung f\u00fcr deine Work-Life-Balance Die LIVE-Masterclass findet aktuell nicht statt. Gerne m\u00f6chte ich Dich einladen, dir eine kleine Auszeit zu g\u00f6nnen:Komm einfach in meine LIVE Masterclass \u201eDeine AuszeitOase am Mittag\u201c und beginne deine transformative Reise: um Beruf und Privatleben ganzheitlich mit stimmiger Strategie und klarem Plan [&hellip;]\" \/>\n<meta property=\"og:url\" content=\"https:\/\/heikebrittaunap.com\/it\/46846-2\/\" \/>\n<meta property=\"og:site_name\" content=\"heikebrittaunap.com\" \/>\n<meta property=\"article:modified_time\" content=\"2023-10-12T15:05:43+00:00\" \/>\n<meta name=\"twitter:card\" content=\"summary_large_image\" \/>\n<meta name=\"twitter:label1\" content=\"Tempo di lettura stimato\" \/>\n\t<meta name=\"twitter:data1\" content=\"2 minuti\" \/>\n<script type=\"application\/ld+json\" class=\"yoast-schema-graph\">{\"@context\":\"https:\\\/\\\/schema.org\",\"@graph\":[{\"@type\":\"WebPage\",\"@id\":\"https:\\\/\\\/heikebrittaunap.com\\\/46846-2\\\/\",\"url\":\"https:\\\/\\\/heikebrittaunap.com\\\/46846-2\\\/\",\"name\":\"Webinaranmeldung (n\u00e4chster Termin Benachrichtigung) - heikebrittaunap.com\",\"isPartOf\":{\"@id\":\"https:\\\/\\\/heikebrittaunap.com\\\/#website\"},\"datePublished\":\"2023-10-12T14:34:14+00:00\",\"dateModified\":\"2023-10-12T15:05:43+00:00\",\"breadcrumb\":{\"@id\":\"https:\\\/\\\/heikebrittaunap.com\\\/46846-2\\\/#breadcrumb\"},\"inLanguage\":\"it-IT\",\"potentialAction\":[{\"@type\":\"ReadAction\",\"target\":[\"https:\\\/\\\/heikebrittaunap.com\\\/46846-2\\\/\"]}]},{\"@type\":\"BreadcrumbList\",\"@id\":\"https:\\\/\\\/heikebrittaunap.com\\\/46846-2\\\/#breadcrumb\",\"itemListElement\":[{\"@type\":\"ListItem\",\"position\":1,\"name\":\"Startseite\",\"item\":\"https:\\\/\\\/heikebrittaunap.com\\\/\"},{\"@type\":\"ListItem\",\"position\":2,\"name\":\"Webinaranmeldung (n\u00e4chster Termin Benachrichtigung)\"}]},{\"@type\":\"WebSite\",\"@id\":\"https:\\\/\\\/heikebrittaunap.com\\\/#website\",\"url\":\"https:\\\/\\\/heikebrittaunap.com\\\/\",\"name\":\"heikebrittaunap.com\",\"description\":\"\",\"potentialAction\":[{\"@type\":\"SearchAction\",\"target\":{\"@type\":\"EntryPoint\",\"urlTemplate\":\"https:\\\/\\\/heikebrittaunap.com\\\/?s={search_term_string}\"},\"query-input\":{\"@type\":\"PropertyValueSpecification\",\"valueRequired\":true,\"valueName\":\"search_term_string\"}}],\"inLanguage\":\"it-IT\"}]}<\/script>\n<!-- \/ Yoast SEO plugin. -->","yoast_head_json":{"title":"Registrazione al webinar (notifica della prossima data) - heikebrittaunap.com","robots":{"index":"index","follow":"follow","max-snippet":"max-snippet:-1","max-image-preview":"max-image-preview:large","max-video-preview":"max-video-preview:-1"},"canonical":"https:\/\/heikebrittaunap.com\/it\/46846-2\/","og_locale":"it_IT","og_type":"article","og_title":"Webinaranmeldung (n\u00e4chster Termin Benachrichtigung) - heikebrittaunap.com","og_description":"AuszeitOase LIVE Training AuszeitOase LIVE Training Kreative L\u00f6sungen zur Stressbew\u00e4ltigung f\u00fcr deine Work-Life-Balance Die LIVE-Masterclass findet aktuell nicht statt. Gerne m\u00f6chte ich Dich einladen, dir eine kleine Auszeit zu g\u00f6nnen:Komm einfach in meine LIVE Masterclass \u201eDeine AuszeitOase am Mittag\u201c und beginne deine transformative Reise: um Beruf und Privatleben ganzheitlich mit stimmiger Strategie und klarem Plan [&hellip;]","og_url":"https:\/\/heikebrittaunap.com\/it\/46846-2\/","og_site_name":"heikebrittaunap.com","article_modified_time":"2023-10-12T15:05:43+00:00","twitter_card":"summary_large_image","twitter_misc":{"Tempo di lettura stimato":"2 minuti"},"schema":{"@context":"https:\/\/schema.org","@graph":[{"@type":"WebPage","@id":"https:\/\/heikebrittaunap.com\/46846-2\/","url":"https:\/\/heikebrittaunap.com\/46846-2\/","name":"Registrazione al webinar (notifica della prossima data) - heikebrittaunap.com","isPartOf":{"@id":"https:\/\/heikebrittaunap.com\/#website"},"datePublished":"2023-10-12T14:34:14+00:00","dateModified":"2023-10-12T15:05:43+00:00","breadcrumb":{"@id":"https:\/\/heikebrittaunap.com\/46846-2\/#breadcrumb"},"inLanguage":"it-IT","potentialAction":[{"@type":"ReadAction","target":["https:\/\/heikebrittaunap.com\/46846-2\/"]}]},{"@type":"BreadcrumbList","@id":"https:\/\/heikebrittaunap.com\/46846-2\/#breadcrumb","itemListElement":[{"@type":"ListItem","position":1,"name":"Startseite","item":"https:\/\/heikebrittaunap.com\/"},{"@type":"ListItem","position":2,"name":"Webinaranmeldung (n\u00e4chster Termin Benachrichtigung)"}]},{"@type":"WebSite","@id":"https:\/\/heikebrittaunap.com\/#website","url":"https:\/\/heikebrittaunap.com\/","name":"heikebrittaunap.com","description":"","potentialAction":[{"@type":"SearchAction","target":{"@type":"EntryPoint","urlTemplate":"https:\/\/heikebrittaunap.com\/?s={search_term_string}"},"query-input":{"@type":"PropertyValueSpecification","valueRequired":true,"valueName":"search_term_string"}}],"inLanguage":"it-IT"}]}},"_links":{"self":[{"href":"https:\/\/heikebrittaunap.com\/it\/wp-json\/wp\/v2\/pages\/329","targetHints":{"allow":["GET"]}}],"collection":[{"href":"https:\/\/heikebrittaunap.com\/it\/wp-json\/wp\/v2\/pages"}],"about":[{"href":"https:\/\/heikebrittaunap.com\/it\/wp-json\/wp\/v2\/types\/page"}],"author":[{"embeddable":true,"href":"https:\/\/heikebrittaunap.com\/it\/wp-json\/wp\/v2\/users\/3"}],"replies":[{"embeddable":true,"href":"https:\/\/heikebrittaunap.com\/it\/wp-json\/wp\/v2\/comments?post=329"}],"version-history":[{"count":6,"href":"https:\/\/heikebrittaunap.com\/it\/wp-json\/wp\/v2\/pages\/329\/revisions"}],"predecessor-version":[{"id":336,"href":"https:\/\/heikebrittaunap.com\/it\/wp-json\/wp\/v2\/pages\/329\/revisions\/336"}],"wp:attachment":[{"href":"https:\/\/heikebrittaunap.com\/it\/wp-json\/wp\/v2\/media?parent=329"}],"curies":[{"name":"wp","href":"https:\/\/api.w.org\/{rel}","templated":true}]}}