{"id":3184,"date":"2026-02-13T11:17:17","date_gmt":"2026-02-13T10:17:17","guid":{"rendered":"https:\/\/heikebrittaunap.com\/?page_id=3184"},"modified":"2026-02-17T09:56:03","modified_gmt":"2026-02-17T08:56:03","slug":"pagina-di-ringraziamento-webinar-i-tuoi-prossimi-3-passi","status":"publish","type":"page","link":"https:\/\/heikebrittaunap.com\/it\/webinar-dankesseite-deine-naechsten-3-schritte\/","title":{"rendered":"WEBINAR Pagina di ringraziamento \u2013 I tuoi prossimi 3 passi"},"content":{"rendered":"<h1 style=\"text-align: center;\">Ottimo, sei registrato!<\/h1>\n<p style=\"\">Guarda assolutamente il video ora e scopri i tuoi prossimi passi<\/p>\n<p><span><img decoding=\"async\" alt=\"\" data-id=\"3185\" width=\"54\" data-init-width=\"338\" height=\"50\" data-init-height=\"314\" title=\"freccia oro\" loading=\"lazy\" src=\"https:\/\/heikebrittaunap.com\/wp-content\/uploads\/2026\/02\/pfeil-gold.jpg\" data-width=\"54\" data-height=\"50\" style=\"aspect-ratio: auto 338 \/ 314;\"><\/span><\/p>\n<h4 style=\"\">Richiedi qui la checklist in 5 passi per donne leader&nbsp;<\/h4>\n<h4 style=\"\">2. Entra nel gruppo di supporto e ponimi qui le tue domande sulla Masterclass.<\/h4>\n<h4 style=\"\">3. Per donne che vogliono pi\u00f9 che funzionare<\/h4>\n<h4 style=\"\">Avete gi\u00e0 ricevuto il mio nuovo libro sulla leadership con Brian Tracy?<\/h4>\n<p><span><img decoding=\"async\" alt=\"\" data-id=\"2165\" width=\"563\" data-init-width=\"1920\" height=\"317\" data-init-height=\"1080\" title=\"468620216_568674735917024_6082255704384855673_n\" loading=\"lazy\" src=\"https:\/\/heikebrittaunap.com\/wp-content\/uploads\/2024\/12\/468620216_568674735917024_6082255704384855673_n.jpg\" data-width=\"563\" data-height=\"317\" style=\"aspect-ratio: auto 1920 \/ 1080;\"><\/span><\/p>\n<p style=\"text-align: left;\">Du f\u00fchrst viel, tr\u00e4gst viel \u2013 und willst nicht noch ein \u201eMuss\u201c auf der Liste.Dieses Buch ist dein Begleiter f\u00fcr mehr Leichtigkeit im Leadership:In&nbsp;<strong data-end=\"423\" data-start=\"383\">\u201eCracking the Business Mastery Code\u201c (Il codice della maestria aziendale)\u201c<\/strong> Condividi <strong>Brian Tracy <\/strong>e 23 coautori condividono le loro migliori strategie e strumenti su come guidare con successo senza perdere se stessi.<\/p>\n<p style=\"text-align: left;\">Nel mio capitolo <strong><em data-end=\"542\" data-start=\"512\">Padroneggiate la vostra brillantezza interiore<\/em> <\/strong>Vi mostrer\u00f2 come rafforzare la vostra pace interiore, la chiarezza e la fiducia in voi stessi come donna leader.<\/p>\n<h4 style=\"text-align: center;\">Entra nella mia community<\/h4>\n<h4 style=\"text-align: center;\">Dann werde Teil meiner Community&#8230;<\/h4>\n<h5 style=\"\">Podcast per manager moderni<\/h5>\n<p>Der &#8222;KUNSTvoll entspannt&#8220; Podcast bietet dir L\u00f6sungen und Inspiration:<\/p>\n<ul>\n<li>Come l'arte aiuta a superare i propri limiti<\/li>\n<li>come utilizzare meglio le proprie risorse e i propri punti di forza<\/li>\n<li>come vivere la vostra creativit\u00e0 e realizzare le vostre visioni<\/li>\n<\/ul>\n<h5 style=\"\">Vieni nella mia Leadership Lounge<\/h5>\n<p>Qui vi parlo della mia attivit\u00e0, del coaching, dell'arte e dell'Italia.<\/p>\n<p>Entrare in contatto con persone che la pensano come te e trarne vantaggio:<\/p>\n<ul>\n<li>corsi di formazione stimolanti<\/li>\n<li>Consigli per gli affari<\/li>\n<li>workshop gratuiti sulla leadership di successo<\/li>\n<\/ul>\n<h5 style=\"\">Collegatevi a me su LinkedIn<\/h5>\n<p>Ricevere preziosi consigli e strategie per una gestione efficace del tempo e dello stress e per il vostro benessere personale:<\/p>\n<ul>\n<li>Molti consigli pratici e realizzabili per una leadership senza stress<\/li>\n<li>Strategie per il vostro sviluppo personale.<\/li>\n<li>Notizie su nuove offerte ed eventi&nbsp;<\/li>\n<\/ul>","protected":false},"excerpt":{"rendered":"<p>Prima, du bist angemeldet! Schau die jetzt unbedingt das Video an und erfahre deine n\u00e4chsten Schritte 1. Sichere dir hier die 5 Schritte Checkliste f\u00fcr weibliche F\u00fchrungskr\u00e4fte&nbsp; 2. Komm in die Support Gruppe und stell mir hier deine Fragen zur Masterclass 3. F\u00fcr Frauen, die mehr wollen als nur funktionieren Hast du eigentlich schon mein [&hellip;]<\/p>\n","protected":false},"author":3,"featured_media":0,"parent":0,"menu_order":0,"comment_status":"closed","ping_status":"closed","template":"","meta":{"footnotes":""},"class_list":["post-3184","page","type-page","status-publish","hentry","post-wrapper","thrv_wrapper"],"yoast_head":"<!-- This site is optimized with the Yoast SEO plugin v27.4 - https:\/\/yoast.com\/product\/yoast-seo-wordpress\/ -->\n<title>WEBINAR Dankesseite - Deine n\u00e4chsten 3 Schritte - heikebrittaunap.com<\/title>\n<meta name=\"robots\" content=\"index, follow, max-snippet:-1, max-image-preview:large, max-video-preview:-1\" \/>\n<link rel=\"canonical\" href=\"https:\/\/heikebrittaunap.com\/it\/pagina-di-ringraziamento-webinar-i-tuoi-prossimi-3-passi\/\" \/>\n<meta property=\"og:locale\" content=\"it_IT\" \/>\n<meta property=\"og:type\" content=\"article\" \/>\n<meta property=\"og:title\" content=\"WEBINAR Dankesseite - Deine n\u00e4chsten 3 Schritte - heikebrittaunap.com\" \/>\n<meta property=\"og:description\" content=\"Prima, du bist angemeldet! Schau die jetzt unbedingt das Video an und erfahre deine n\u00e4chsten Schritte 1. Sichere dir hier die 5 Schritte Checkliste f\u00fcr weibliche F\u00fchrungskr\u00e4fte&nbsp; 2. Komm in die Support Gruppe und stell mir hier deine Fragen zur Masterclass 3. F\u00fcr Frauen, die mehr wollen als nur funktionieren Hast du eigentlich schon mein [&hellip;]\" \/>\n<meta property=\"og:url\" content=\"https:\/\/heikebrittaunap.com\/it\/pagina-di-ringraziamento-webinar-i-tuoi-prossimi-3-passi\/\" \/>\n<meta property=\"og:site_name\" content=\"heikebrittaunap.com\" \/>\n<meta property=\"article:modified_time\" content=\"2026-02-17T08:56:03+00:00\" \/>\n<meta property=\"og:image\" content=\"https:\/\/heikebrittaunap.com\/wp-content\/uploads\/2026\/02\/pfeil-gold.jpg\" \/>\n<meta name=\"twitter:card\" content=\"summary_large_image\" \/>\n<meta name=\"twitter:label1\" content=\"Tempo di lettura stimato\" \/>\n\t<meta name=\"twitter:data1\" content=\"3 minuti\" \/>\n<script type=\"application\/ld+json\" class=\"yoast-schema-graph\">{\"@context\":\"https:\\\/\\\/schema.org\",\"@graph\":[{\"@type\":\"WebPage\",\"@id\":\"https:\\\/\\\/heikebrittaunap.com\\\/webinar-dankesseite-deine-naechsten-3-schritte\\\/\",\"url\":\"https:\\\/\\\/heikebrittaunap.com\\\/webinar-dankesseite-deine-naechsten-3-schritte\\\/\",\"name\":\"WEBINAR Dankesseite - Deine n\u00e4chsten 3 Schritte - heikebrittaunap.com\",\"isPartOf\":{\"@id\":\"https:\\\/\\\/heikebrittaunap.com\\\/#website\"},\"primaryImageOfPage\":{\"@id\":\"https:\\\/\\\/heikebrittaunap.com\\\/webinar-dankesseite-deine-naechsten-3-schritte\\\/#primaryimage\"},\"image\":{\"@id\":\"https:\\\/\\\/heikebrittaunap.com\\\/webinar-dankesseite-deine-naechsten-3-schritte\\\/#primaryimage\"},\"thumbnailUrl\":\"https:\\\/\\\/heikebrittaunap.com\\\/wp-content\\\/uploads\\\/2026\\\/02\\\/pfeil-gold.jpg\",\"datePublished\":\"2026-02-13T10:17:17+00:00\",\"dateModified\":\"2026-02-17T08:56:03+00:00\",\"breadcrumb\":{\"@id\":\"https:\\\/\\\/heikebrittaunap.com\\\/webinar-dankesseite-deine-naechsten-3-schritte\\\/#breadcrumb\"},\"inLanguage\":\"it-IT\",\"potentialAction\":[{\"@type\":\"ReadAction\",\"target\":[\"https:\\\/\\\/heikebrittaunap.com\\\/webinar-dankesseite-deine-naechsten-3-schritte\\\/\"]}]},{\"@type\":\"ImageObject\",\"inLanguage\":\"it-IT\",\"@id\":\"https:\\\/\\\/heikebrittaunap.com\\\/webinar-dankesseite-deine-naechsten-3-schritte\\\/#primaryimage\",\"url\":\"https:\\\/\\\/heikebrittaunap.com\\\/wp-content\\\/uploads\\\/2026\\\/02\\\/pfeil-gold.jpg\",\"contentUrl\":\"https:\\\/\\\/heikebrittaunap.com\\\/wp-content\\\/uploads\\\/2026\\\/02\\\/pfeil-gold.jpg\"},{\"@type\":\"BreadcrumbList\",\"@id\":\"https:\\\/\\\/heikebrittaunap.com\\\/webinar-dankesseite-deine-naechsten-3-schritte\\\/#breadcrumb\",\"itemListElement\":[{\"@type\":\"ListItem\",\"position\":1,\"name\":\"Startseite\",\"item\":\"https:\\\/\\\/heikebrittaunap.com\\\/\"},{\"@type\":\"ListItem\",\"position\":2,\"name\":\"WEBINAR Dankesseite &#8211; Deine n\u00e4chsten 3 Schritte\"}]},{\"@type\":\"WebSite\",\"@id\":\"https:\\\/\\\/heikebrittaunap.com\\\/#website\",\"url\":\"https:\\\/\\\/heikebrittaunap.com\\\/\",\"name\":\"heikebrittaunap.com\",\"description\":\"\",\"potentialAction\":[{\"@type\":\"SearchAction\",\"target\":{\"@type\":\"EntryPoint\",\"urlTemplate\":\"https:\\\/\\\/heikebrittaunap.com\\\/?s={search_term_string}\"},\"query-input\":{\"@type\":\"PropertyValueSpecification\",\"valueRequired\":true,\"valueName\":\"search_term_string\"}}],\"inLanguage\":\"it-IT\"}]}<\/script>\n<!-- \/ Yoast SEO plugin. -->","yoast_head_json":{"title":"WEBINAR Pagina di ringraziamento - I tuoi prossimi 3 passi - heikebrittaunap.com","robots":{"index":"index","follow":"follow","max-snippet":"max-snippet:-1","max-image-preview":"max-image-preview:large","max-video-preview":"max-video-preview:-1"},"canonical":"https:\/\/heikebrittaunap.com\/it\/pagina-di-ringraziamento-webinar-i-tuoi-prossimi-3-passi\/","og_locale":"it_IT","og_type":"article","og_title":"WEBINAR Dankesseite - Deine n\u00e4chsten 3 Schritte - heikebrittaunap.com","og_description":"Prima, du bist angemeldet! Schau die jetzt unbedingt das Video an und erfahre deine n\u00e4chsten Schritte 1. Sichere dir hier die 5 Schritte Checkliste f\u00fcr weibliche F\u00fchrungskr\u00e4fte&nbsp; 2. Komm in die Support Gruppe und stell mir hier deine Fragen zur Masterclass 3. F\u00fcr Frauen, die mehr wollen als nur funktionieren Hast du eigentlich schon mein [&hellip;]","og_url":"https:\/\/heikebrittaunap.com\/it\/pagina-di-ringraziamento-webinar-i-tuoi-prossimi-3-passi\/","og_site_name":"heikebrittaunap.com","article_modified_time":"2026-02-17T08:56:03+00:00","og_image":[{"url":"https:\/\/heikebrittaunap.com\/wp-content\/uploads\/2026\/02\/pfeil-gold.jpg","type":"","width":"","height":""}],"twitter_card":"summary_large_image","twitter_misc":{"Tempo di lettura stimato":"3 minuti"},"schema":{"@context":"https:\/\/schema.org","@graph":[{"@type":"WebPage","@id":"https:\/\/heikebrittaunap.com\/webinar-dankesseite-deine-naechsten-3-schritte\/","url":"https:\/\/heikebrittaunap.com\/webinar-dankesseite-deine-naechsten-3-schritte\/","name":"WEBINAR Pagina di ringraziamento - I tuoi prossimi 3 passi - heikebrittaunap.com","isPartOf":{"@id":"https:\/\/heikebrittaunap.com\/#website"},"primaryImageOfPage":{"@id":"https:\/\/heikebrittaunap.com\/webinar-dankesseite-deine-naechsten-3-schritte\/#primaryimage"},"image":{"@id":"https:\/\/heikebrittaunap.com\/webinar-dankesseite-deine-naechsten-3-schritte\/#primaryimage"},"thumbnailUrl":"https:\/\/heikebrittaunap.com\/wp-content\/uploads\/2026\/02\/pfeil-gold.jpg","datePublished":"2026-02-13T10:17:17+00:00","dateModified":"2026-02-17T08:56:03+00:00","breadcrumb":{"@id":"https:\/\/heikebrittaunap.com\/webinar-dankesseite-deine-naechsten-3-schritte\/#breadcrumb"},"inLanguage":"it-IT","potentialAction":[{"@type":"ReadAction","target":["https:\/\/heikebrittaunap.com\/webinar-dankesseite-deine-naechsten-3-schritte\/"]}]},{"@type":"ImageObject","inLanguage":"it-IT","@id":"https:\/\/heikebrittaunap.com\/webinar-dankesseite-deine-naechsten-3-schritte\/#primaryimage","url":"https:\/\/heikebrittaunap.com\/wp-content\/uploads\/2026\/02\/pfeil-gold.jpg","contentUrl":"https:\/\/heikebrittaunap.com\/wp-content\/uploads\/2026\/02\/pfeil-gold.jpg"},{"@type":"BreadcrumbList","@id":"https:\/\/heikebrittaunap.com\/webinar-dankesseite-deine-naechsten-3-schritte\/#breadcrumb","itemListElement":[{"@type":"ListItem","position":1,"name":"Startseite","item":"https:\/\/heikebrittaunap.com\/"},{"@type":"ListItem","position":2,"name":"WEBINAR Dankesseite &#8211; Deine n\u00e4chsten 3 Schritte"}]},{"@type":"WebSite","@id":"https:\/\/heikebrittaunap.com\/#website","url":"https:\/\/heikebrittaunap.com\/","name":"heikebrittaunap.com","description":"","potentialAction":[{"@type":"SearchAction","target":{"@type":"EntryPoint","urlTemplate":"https:\/\/heikebrittaunap.com\/?s={search_term_string}"},"query-input":{"@type":"PropertyValueSpecification","valueRequired":true,"valueName":"search_term_string"}}],"inLanguage":"it-IT"}]}},"_links":{"self":[{"href":"https:\/\/heikebrittaunap.com\/it\/wp-json\/wp\/v2\/pages\/3184","targetHints":{"allow":["GET"]}}],"collection":[{"href":"https:\/\/heikebrittaunap.com\/it\/wp-json\/wp\/v2\/pages"}],"about":[{"href":"https:\/\/heikebrittaunap.com\/it\/wp-json\/wp\/v2\/types\/page"}],"author":[{"embeddable":true,"href":"https:\/\/heikebrittaunap.com\/it\/wp-json\/wp\/v2\/users\/3"}],"replies":[{"embeddable":true,"href":"https:\/\/heikebrittaunap.com\/it\/wp-json\/wp\/v2\/comments?post=3184"}],"version-history":[{"count":4,"href":"https:\/\/heikebrittaunap.com\/it\/wp-json\/wp\/v2\/pages\/3184\/revisions"}],"predecessor-version":[{"id":3191,"href":"https:\/\/heikebrittaunap.com\/it\/wp-json\/wp\/v2\/pages\/3184\/revisions\/3191"}],"wp:attachment":[{"href":"https:\/\/heikebrittaunap.com\/it\/wp-json\/wp\/v2\/media?parent=3184"}],"curies":[{"name":"wp","href":"https:\/\/api.w.org\/{rel}","templated":true}]}}