{"id":306,"date":"2023-09-26T00:16:16","date_gmt":"2023-09-25T22:16:16","guid":{"rendered":"https:\/\/heikebrittaunap.com\/?page_id=306"},"modified":"2023-09-26T01:54:02","modified_gmt":"2023-09-25T23:54:02","slug":"sondaggio-sul-ritiro-grazie","status":"publish","type":"page","link":"https:\/\/heikebrittaunap.com\/it\/retreat-umfrage-danke\/","title":{"rendered":"Sondaggio sul ritiro: grazie"},"content":{"rendered":"<h1 style=\"\"><strong>Vi ringrazio di cuore per il vostro tempo.<\/strong><\/h1>\n<p style=\"text-align: center;\">Deine Meinung ist so wichtig, um mein Retreat-Angebot noch besser an deine Bed\u00fcrfnisse anzupassen.Ich w\u00fcnsche dir einen sonnigen Start in den Herbst \u2013 bleib kreativ und entspannt.<\/p>\n<p style=\"text-align: center;\">\n<p style=\"text-align: center;\">La vostra Heike Britt<\/p>\n<p style=\"text-align: center;\">\n<p style=\"text-align: center;\">","protected":false},"excerpt":{"rendered":"<p>Ich danke dir vom Herzen f\u00fcr deine Zeit. Deine Meinung ist so wichtig, um mein Retreat-Angebot noch besser an deine Bed\u00fcrfnisse anzupassen.Ich w\u00fcnsche dir einen sonnigen Start in den Herbst \u2013 bleib kreativ und entspannt. Deine Heike Britt<\/p>","protected":false},"author":3,"featured_media":0,"parent":0,"menu_order":0,"comment_status":"closed","ping_status":"closed","template":"","meta":{"footnotes":"","tve_updated_post":"","tve_custom_css":"","tve_user_custom_css":"","tve_globals":{},"tcb2_ready":1,"tcb_editor_enabled":1,"tve_landing_page":"3a22d57d9140b5025a0010e858a1ea0e","_tve_header":"31","_tve_footer":"26"},"class_list":["post-306","page","type-page","status-publish","hentry","post-wrapper","thrv_wrapper"],"yoast_head":"<!-- This site is optimized with the Yoast SEO plugin v27.5 - https:\/\/yoast.com\/product\/yoast-seo-wordpress\/ -->\n<title>Retreat-Umfrage-Danke - heikebrittaunap.com<\/title>\n<meta name=\"robots\" content=\"index, follow, max-snippet:-1, max-image-preview:large, max-video-preview:-1\" \/>\n<link rel=\"canonical\" href=\"https:\/\/heikebrittaunap.com\/it\/sondaggio-sul-ritiro-grazie\/\" \/>\n<meta property=\"og:locale\" content=\"it_IT\" \/>\n<meta property=\"og:type\" content=\"article\" \/>\n<meta property=\"og:title\" content=\"Retreat-Umfrage-Danke - heikebrittaunap.com\" \/>\n<meta property=\"og:description\" content=\"Ich danke dir vom Herzen f\u00fcr deine Zeit. Deine Meinung ist so wichtig, um mein Retreat-Angebot noch besser an deine Bed\u00fcrfnisse anzupassen.Ich w\u00fcnsche dir einen sonnigen Start in den Herbst \u2013 bleib kreativ und entspannt. Deine Heike Britt\" \/>\n<meta property=\"og:url\" content=\"https:\/\/heikebrittaunap.com\/it\/sondaggio-sul-ritiro-grazie\/\" \/>\n<meta property=\"og:site_name\" content=\"heikebrittaunap.com\" \/>\n<meta property=\"article:modified_time\" content=\"2023-09-25T23:54:02+00:00\" \/>\n<meta name=\"twitter:card\" content=\"summary_large_image\" \/>\n<meta name=\"twitter:label1\" content=\"Tempo di lettura stimato\" \/>\n\t<meta name=\"twitter:data1\" content=\"1 minuto\" \/>\n<script type=\"application\/ld+json\" class=\"yoast-schema-graph\">{\"@context\":\"https:\\\/\\\/schema.org\",\"@graph\":[{\"@type\":\"WebPage\",\"@id\":\"https:\\\/\\\/heikebrittaunap.com\\\/retreat-umfrage-danke\\\/\",\"url\":\"https:\\\/\\\/heikebrittaunap.com\\\/retreat-umfrage-danke\\\/\",\"name\":\"Retreat-Umfrage-Danke - heikebrittaunap.com\",\"isPartOf\":{\"@id\":\"https:\\\/\\\/heikebrittaunap.com\\\/#website\"},\"datePublished\":\"2023-09-25T22:16:16+00:00\",\"dateModified\":\"2023-09-25T23:54:02+00:00\",\"breadcrumb\":{\"@id\":\"https:\\\/\\\/heikebrittaunap.com\\\/retreat-umfrage-danke\\\/#breadcrumb\"},\"inLanguage\":\"it-IT\",\"potentialAction\":[{\"@type\":\"ReadAction\",\"target\":[\"https:\\\/\\\/heikebrittaunap.com\\\/retreat-umfrage-danke\\\/\"]}]},{\"@type\":\"BreadcrumbList\",\"@id\":\"https:\\\/\\\/heikebrittaunap.com\\\/retreat-umfrage-danke\\\/#breadcrumb\",\"itemListElement\":[{\"@type\":\"ListItem\",\"position\":1,\"name\":\"Startseite\",\"item\":\"https:\\\/\\\/heikebrittaunap.com\\\/\"},{\"@type\":\"ListItem\",\"position\":2,\"name\":\"Retreat-Umfrage-Danke\"}]},{\"@type\":\"WebSite\",\"@id\":\"https:\\\/\\\/heikebrittaunap.com\\\/#website\",\"url\":\"https:\\\/\\\/heikebrittaunap.com\\\/\",\"name\":\"heikebrittaunap.com\",\"description\":\"\",\"potentialAction\":[{\"@type\":\"SearchAction\",\"target\":{\"@type\":\"EntryPoint\",\"urlTemplate\":\"https:\\\/\\\/heikebrittaunap.com\\\/?s={search_term_string}\"},\"query-input\":{\"@type\":\"PropertyValueSpecification\",\"valueRequired\":true,\"valueName\":\"search_term_string\"}}],\"inLanguage\":\"it-IT\"}]}<\/script>\n<!-- \/ Yoast SEO plugin. -->","yoast_head_json":{"title":"Ritiro-Sondaggio-Grazie - heikebrittaunap.com","robots":{"index":"index","follow":"follow","max-snippet":"max-snippet:-1","max-image-preview":"max-image-preview:large","max-video-preview":"max-video-preview:-1"},"canonical":"https:\/\/heikebrittaunap.com\/it\/sondaggio-sul-ritiro-grazie\/","og_locale":"it_IT","og_type":"article","og_title":"Retreat-Umfrage-Danke - heikebrittaunap.com","og_description":"Ich danke dir vom Herzen f\u00fcr deine Zeit. Deine Meinung ist so wichtig, um mein Retreat-Angebot noch besser an deine Bed\u00fcrfnisse anzupassen.Ich w\u00fcnsche dir einen sonnigen Start in den Herbst \u2013 bleib kreativ und entspannt. Deine Heike Britt","og_url":"https:\/\/heikebrittaunap.com\/it\/sondaggio-sul-ritiro-grazie\/","og_site_name":"heikebrittaunap.com","article_modified_time":"2023-09-25T23:54:02+00:00","twitter_card":"summary_large_image","twitter_misc":{"Tempo di lettura stimato":"1 minuto"},"schema":{"@context":"https:\/\/schema.org","@graph":[{"@type":"WebPage","@id":"https:\/\/heikebrittaunap.com\/retreat-umfrage-danke\/","url":"https:\/\/heikebrittaunap.com\/retreat-umfrage-danke\/","name":"Ritiro-Sondaggio-Grazie - heikebrittaunap.com","isPartOf":{"@id":"https:\/\/heikebrittaunap.com\/#website"},"datePublished":"2023-09-25T22:16:16+00:00","dateModified":"2023-09-25T23:54:02+00:00","breadcrumb":{"@id":"https:\/\/heikebrittaunap.com\/retreat-umfrage-danke\/#breadcrumb"},"inLanguage":"it-IT","potentialAction":[{"@type":"ReadAction","target":["https:\/\/heikebrittaunap.com\/retreat-umfrage-danke\/"]}]},{"@type":"BreadcrumbList","@id":"https:\/\/heikebrittaunap.com\/retreat-umfrage-danke\/#breadcrumb","itemListElement":[{"@type":"ListItem","position":1,"name":"Startseite","item":"https:\/\/heikebrittaunap.com\/"},{"@type":"ListItem","position":2,"name":"Retreat-Umfrage-Danke"}]},{"@type":"WebSite","@id":"https:\/\/heikebrittaunap.com\/#website","url":"https:\/\/heikebrittaunap.com\/","name":"heikebrittaunap.com","description":"","potentialAction":[{"@type":"SearchAction","target":{"@type":"EntryPoint","urlTemplate":"https:\/\/heikebrittaunap.com\/?s={search_term_string}"},"query-input":{"@type":"PropertyValueSpecification","valueRequired":true,"valueName":"search_term_string"}}],"inLanguage":"it-IT"}]}},"_links":{"self":[{"href":"https:\/\/heikebrittaunap.com\/it\/wp-json\/wp\/v2\/pages\/306","targetHints":{"allow":["GET"]}}],"collection":[{"href":"https:\/\/heikebrittaunap.com\/it\/wp-json\/wp\/v2\/pages"}],"about":[{"href":"https:\/\/heikebrittaunap.com\/it\/wp-json\/wp\/v2\/types\/page"}],"author":[{"embeddable":true,"href":"https:\/\/heikebrittaunap.com\/it\/wp-json\/wp\/v2\/users\/3"}],"replies":[{"embeddable":true,"href":"https:\/\/heikebrittaunap.com\/it\/wp-json\/wp\/v2\/comments?post=306"}],"version-history":[{"count":10,"href":"https:\/\/heikebrittaunap.com\/it\/wp-json\/wp\/v2\/pages\/306\/revisions"}],"predecessor-version":[{"id":323,"href":"https:\/\/heikebrittaunap.com\/it\/wp-json\/wp\/v2\/pages\/306\/revisions\/323"}],"wp:attachment":[{"href":"https:\/\/heikebrittaunap.com\/it\/wp-json\/wp\/v2\/media?parent=306"}],"curies":[{"name":"wp","href":"https:\/\/api.w.org\/{rel}","templated":true}]}}