{"id":2603,"date":"2025-07-11T01:55:11","date_gmt":"2025-07-10T23:55:11","guid":{"rendered":"https:\/\/heikebrittaunap.com\/?page_id=2603"},"modified":"2025-11-29T23:25:27","modified_gmt":"2025-11-29T22:25:27","slug":"magneti-di-piombo","status":"publish","type":"page","link":"https:\/\/heikebrittaunap.com\/it\/leadmagnets\/","title":{"rendered":"Magneti di piombo"},"content":{"rendered":"<h1 style=\"text-align: center;\"><b>&#8222;Hey&#8220;<\/b><\/h1>\n<h1 id=\"personalized-greeting\" style=\"  font-family: Modernline !important;  font-weight: var(--g-bold-weight, bold);  color: rgb(159, 115, 50);  font-size: 46px;  line-height: 1.3em;  padding-top: 0;  padding-bottom: 20px;  margin-top: 0;  margin-bottom: 0;  text-align: center;\">  Hey!<\/h1>\n<p>[tcb-script]  document.addEventListener(&#8222;DOMContentLoaded&#8220;, function () {    const params = new URLSearchParams(window.location.search);    const name = params.get(&#8218;utmname&#8216;);    if (name) {      const greeting = document.getElementById(&#8218;personalized-greeting&#8216;);      greeting.textContent = `Hey ${decodeURIComponent(name)}!`;    }  });[\/tcb-script]<b>Entdecke wertvolle Ressourcen,<\/b><b>die dich gezielt unterst\u00fctzen, deine Ziele zu erreichen.<\/b><span style=\"\"><img decoding=\"async\" alt=\"\" data-id=\"2051\" width=\"394\" data-init-width=\"1280\" height=\"222\" data-init-height=\"720\" title=\"Heike Bitt Aunap Checkliste \" loading=\"lazy\" src=\"https:\/\/heikebrittaunap.com\/wp-content\/uploads\/2024\/11\/Vorschaubild-Checkliste.png\" data-width=\"394\" data-height=\"222\" style=\"aspect-ratio: auto 1280 \/ 720;\" mt-d=\"-0.14799999999999613\" center-v-d=\"false\" mt-t=\"-76.69500000000002\" mt-m=\"0\" ml-d=\"0\" ml-t=\"0\" ml-m=\"-0.20299999999997453\"><span style=\"\"><\/span><\/span><\/p>\n<h4 style=\"\"><span>Die 2-Wochen-Checkliste f\u00fcr weibliche F\u00fchrungskr\u00e4fte<\/span><\/h4>\n<p style=\"color: var(--tcb-skin-color-5) !important; --tcb-applied-color: var$(--tcb-skin-color-5) !important;\">Entdecke, wie du vor und nach deinem Urlaub stressfrei bleibst und deine Erholung wirklich genie\u00dfen kannst. Ohne von Chaos und To-Dos \u00fcberw\u00e4ltigt zu werden.<\/p>\n<p><span style=\"\"><img decoding=\"async\" alt=\"\" data-id=\"814\" width=\"394\" data-init-width=\"1280\" height=\"222\" data-init-height=\"720\" title=\"2\" loading=\"lazy\" src=\"https:\/\/heikebrittaunap.com\/wp-content\/uploads\/2024\/04\/2.jpeg\" data-width=\"394\" data-height=\"222\" style=\"aspect-ratio: auto 1280 \/ 720;\" mt-d=\"-0.14799999999999613\" center-v-d=\"false\" mt-t=\"-76.69500000000002\" mt-m=\"0\" ml-d=\"0\" ml-t=\"0\" ml-m=\"-0.20299999999997453\"><span style=\"\"><\/span><\/span><\/p>\n<h4><span>Komm schnell aus dem Stress und empower deinen Alltag<\/span><\/h4>\n<p style=\"color: var(--tcb-skin-color-5) !important; --tcb-applied-color: var$(--tcb-skin-color-5) !important;\">Effektive Strategien und Zeitmanagement-Tipps damit du trotz hoher Verantwortung im Berufsleben mehr Ausgeglichenheit in deinen Alltag integrieren kannst.<\/p>\n<p><span style=\"\"><img decoding=\"async\" alt=\"\" data-id=\"2712\" width=\"394\" data-init-width=\"1280\" height=\"222\" data-init-height=\"720\" title=\"Vorschaubild Website (5)\" loading=\"lazy\" src=\"https:\/\/heikebrittaunap.com\/wp-content\/uploads\/2025\/09\/Vorschaubild-Website-5.png\" data-width=\"394\" data-height=\"222\" style=\"aspect-ratio: auto 1280 \/ 720;\" mt-d=\"-0.14799999999999613\" center-v-d=\"false\" mt-t=\"-76.69500000000002\" mt-m=\"0\" ml-d=\"0\" ml-t=\"0\" ml-m=\"-0.20299999999997453\"><span style=\"\"><\/span><\/span><\/p>\n<h4><span>Kostenfreie Fallstudie: F\u00fcr weibliche F\u00fchrungskr\u00e4fte in Top-Positionen<\/span><\/h4>\n<p style=\"color: var(--tcb-skin-color-5) !important; --tcb-applied-color: var$(--tcb-skin-color-5) !important;\">Wie du als weibliche F\u00fchrungskraft in 3 Schritten Klarheit, neue Energie und echten Handlungsspielraum gewinnst, ohne daf\u00fcr dein ganzes Leben umzukrempeln.<\/p>\n<h4><span>Kostenfreie Fallstudie: F\u00fcr weibliche F\u00fchrungskr\u00e4fte in Top-Positionen, die 2025 mit innerer St\u00e4rke und klarer Pr\u00e4senz f\u00fchren wollen<\/span><\/h4>\n<p style=\"color: var(--tcb-skin-color-5) !important; --tcb-applied-color: var$(--tcb-skin-color-5) !important;\">Master your inner Brilliance &#8211; F\u00fchren mit Gelassenheit und St\u00e4rke<\/p>\n<p style=\"\">Mehr Erfolg, weniger Stress \u2013 f\u00fcr dich als F\u00fchrungskraft Wie du als weibliche F\u00fchrungskraft in 3 Schritten Klarheit, neue Energie und echten Handlungsspielraum gewinnst ohne daf\u00fcr dein ganzes Leben umzukrempeln.<\/p>\n<p><span style=\"\"><img decoding=\"async\" alt=\"\" data-id=\"2716\" width=\"394\" data-init-width=\"1280\" height=\"222\" data-init-height=\"720\" title=\"telegram\" loading=\"lazy\" src=\"https:\/\/heikebrittaunap.com\/wp-content\/uploads\/2025\/09\/telegram.png\" data-width=\"394\" data-height=\"222\" style=\"aspect-ratio: auto 1280 \/ 720;\" mt-d=\"0\" center-v-d=\"false\" mt-t=\"-76.69500000000002\" mt-m=\"0\" ml-d=\"0\" ml-t=\"0\" ml-m=\"-0.20299999999997453\"><span style=\"\"><\/span><\/span><\/p>\n<h4><span>Leadership Lounge &#8211; Telegram Gruppe<\/span><\/h4>\n<p style=\"color: var(--tcb-skin-color-5) !important; --tcb-applied-color: var$(--tcb-skin-color-5) !important;\">Verbinde dich mit Gleichgesinnten in meiner exklusiven Telegram Gruppe LEADERSHIP LOUNGE &#8211; ein Ort der Vernetzung, des Austausches und der Inspiration. Mit monatlichen exklusiven LIVE Trainings.<\/p>\n<p><span style=\"\"><img decoding=\"async\" alt=\"\" data-id=\"2715\" width=\"394\" data-init-width=\"1280\" height=\"222\" data-init-height=\"720\" title=\"podcast\" loading=\"lazy\" src=\"https:\/\/heikebrittaunap.com\/wp-content\/uploads\/2025\/09\/podcast.png\" data-width=\"394\" data-height=\"222\" style=\"aspect-ratio: auto 1280 \/ 720;\" mt-d=\"0\" center-v-d=\"false\" mt-t=\"-76.69500000000002\" mt-m=\"0\" ml-d=\"0\" ml-t=\"0\" ml-m=\"-0.20299999999997453\"><span style=\"\"><\/span><\/span><\/p>\n<h4><span>Podcast f\u00fcr moderne\u2028<\/span><span>F\u00fchrungskr\u00e4fte<\/span><\/h4>\n<p style=\"color: var(--tcb-skin-color-5) !important; --tcb-applied-color: var$(--tcb-skin-color-5) !important;\">Entdecke die faszinierende Verbindung zwischen Kunst und einem stressfreien Leben. Komm mit auf diese traumhafte KUNSTreise mit inspirierenden Geschichten und praktischen Leadership Tipps.<\/p>\n<p><span style=\"\"><img decoding=\"async\" alt=\"\" data-id=\"2214\" width=\"394\" data-init-width=\"1280\" height=\"222\" data-init-height=\"640\" title=\"Facebook-Cover-after thebookslaunch (002)\" loading=\"lazy\" src=\"https:\/\/heikebrittaunap.com\/wp-content\/uploads\/2024\/12\/Facebook-Cover-after-thebookslaunch-002.jpg\" data-width=\"394\" data-height=\"222\" style=\"aspect-ratio: auto 1280 \/ 640;\" mt-d=\"0\" center-v-d=\"false\" mt-t=\"-76.69500000000002\" mt-m=\"0\" ml-d=\"0\" ml-t=\"0\" ml-m=\"-0.20299999999997453\"><span style=\"\"><\/span><\/span><\/p>\n<h4><span>Sichere dir hier mein brandneues Buch mit Brian Tracy<\/span><\/h4>\n<p style=\"color: var(--tcb-skin-color-5) !important; --tcb-applied-color: var$(--tcb-skin-color-5) !important;\">Entfache deine F\u00fchrungsst\u00e4rke \u2013 Begeistere Menschen und erreiche mehr! Stell dir vor, du f\u00fchrst mit Brillanz, ziehst Menschen m\u00fchelos in deinen Bann und erreichst deine Karriereziele \u2013 ohne dein Privatleben zu opfern.&nbsp;<\/p>\n<p><span><img decoding=\"async\" alt=\"\" data-id=\"2613\" width=\"592\" data-init-width=\"500\" height=\"333\" data-init-height=\"281\" title=\"9TPY9WBM\" loading=\"lazy\" src=\"https:\/\/heikebrittaunap.com\/wp-content\/uploads\/2025\/07\/9TPY9WBM.jpg\" data-width=\"592\" data-height=\"333\" style=\"aspect-ratio: auto 500 \/ 281;\"><\/span><\/p>\n<h4 style=\"\"><span style=\"\">F\u00fchren ohne auszubrennen &#8211; deine SOMMER AUSZEIT beginnt jetzt<\/span><\/h4>\n<p>F\u00fchrung darf leicht sein &#8211; und du musst daf\u00fcr nicht perfekt sein!Starte jetzt deine 5-Tages-Auszeit, in der du als weibliche F\u00fchrungskraft endlich wieder zu dir selbst findest mit Fokus, Klarheit und innerer Ruhe.  <\/p>\n<h2 style=\"margin: 0 0 8px; font-size: 1.6rem; color: #9f7332;\">    <img decoding=\"async\" role=\"img\" alt=\"\ud83c\udf89\" src=\"https:\/\/s.w.org\/images\/core\/emoji\/15.1.0\/svg\/1f389.svg\"> Sommer Special  <\/h2>\n<p style=\"font-size: 1.1rem; margin: 4px 0;\">    <strong>Nur jetzt zum Kennenlernpreis:<\/strong>  <\/p>\n<p style=\"font-size: 1.3rem; font-weight: bold; margin: 4px 0;\">    Statt 697\u202f\u20ac <span style=\"color: #388e3c;\">nur 47\u202f\u20ac netto<\/span>  <\/p>\n<p style=\"font-size: 1rem; margin: 4px 0 16px;\">    Mit Gutscheincode:    <span style=\"      background-color: #fff;      padding: 4px 10px;      border-radius: 6px;      font-weight: bold;      border: 1px solid #9f7332;      color: #9f7332;    \">SOMMER<\/span>  <\/p>\n<p>  <a href=\"https:\/\/www.checkout-ds24.com\/product\/528863\" target=\"_blank\" rel=\"noopener\">    Jetzt Angebot sichern  <\/a><span style=\"\"><img decoding=\"async\" alt=\"\" data-id=\"2615\" width=\"598\" data-init-width=\"1077\" height=\"298\" data-init-height=\"536\" title=\"Screenshot 2025-07-11 at 01.36.37\" loading=\"lazy\" src=\"https:\/\/heikebrittaunap.com\/wp-content\/uploads\/2025\/07\/Screenshot-2025-07-11-at-01.36.37.png\" data-width=\"598\" data-height=\"298\" style=\"aspect-ratio: auto 1077 \/ 536;\" ml-d=\"-1\" mt-d=\"0\"><\/span><\/p>\n<h4 style=\"\"><span style=\"\">Sei DU &#8211; Transformation Day for Female Leaders<\/span><\/h4>\n<p style=\"\">Deine Auszeit in Mailand<\/p>\n<p>Erlebe die inspirierende Atmosph\u00e4re Mailands. Tauche ein in einen exklusiven R\u00fcckzugsort, der speziell f\u00fcr weibliche F\u00fchrungskr\u00e4fte wie dich konzipiert ist. Der TRANSFORMATION DAY bietet dir eine einmalige Gelegenheit, dich in einer Welt aus Luxus und Gelassenheit zu regenerieren.<span style=\"\"><img decoding=\"async\" alt=\"\" data-id=\"878\" width=\"403\" data-init-width=\"1864\" height=\"795\" data-init-height=\"3676\" title=\"Telegram Heike neu\" loading=\"lazy\" src=\"https:\/\/heikebrittaunap.com\/wp-content\/uploads\/2024\/05\/Telegram-Heike-neu.png\" data-width=\"403\" data-height=\"795\" style=\"aspect-ratio: auto 1864 \/ 3676;\" mt-d=\"-128\" ml-d=\"0\" center-v-d=\"false\"><\/span><\/p>\n<h4 style=\"\"><span style=\"\">Leadership Lounge &#8211; Telegram Gruppe<\/span><\/h4>\n<p style=\"\">WERDE TEIL MEINER TELEGRAM GRUPPE<\/p>\n<p>Verbinde dich mit Gleichgesinnten in meiner exklusiven Telegram Gruppe LEADERSHIP LOUNGE &#8211; ein Ort der Vernetzung, des Austausches und der Inspiration.<span><img decoding=\"async\" alt=\"\" data-id=\"2214\" width=\"592\" data-init-width=\"1280\" height=\"296\" data-init-height=\"640\" title=\"Facebook-Cover-after thebookslaunch (002)\" loading=\"lazy\" src=\"https:\/\/heikebrittaunap.com\/wp-content\/uploads\/2024\/12\/Facebook-Cover-after-thebookslaunch-002.jpg\" data-width=\"592\" data-height=\"296\" style=\"aspect-ratio: auto 1280 \/ 640;\"><\/span><\/p>\n<h4 style=\"\"><span style=\"\">Sichere dir hier mein brandneues Buch mit Brian Tracy<\/span><\/h4>\n<p style=\"\">&#8222;Cracking the Business Mastery Code&#8220;<\/p>\n<p>Entfache deine F\u00fchrungsst\u00e4rke \u2013 Begeistere Menschen und erreiche mehr! Stell dir vor, du f\u00fchrst mit Brillanz, ziehst Menschen m\u00fchelos in deinen Bann und erreichst deine Karriereziele \u2013 ohne dein Privatleben zu opfern. Dieses Buch zeigt dir, wie du als F\u00fchrungskraft echte Wirkung erzielst, dich von der Masse abhebst und gleichzeitig ein erf\u00fclltes Leben f\u00fchrst.<span><img decoding=\"async\" alt=\"\" data-id=\"813\" width=\"592\" data-init-width=\"1280\" height=\"333\" data-init-height=\"720\" title=\"5-Tage-Challenge f\u00fcr mehr Gelassenheit und Selbstbewusstsein als F\u00fchrungskraft\" loading=\"lazy\" src=\"https:\/\/heikebrittaunap.com\/wp-content\/uploads\/2024\/04\/1.jpeg\" data-width=\"592\" data-height=\"333\" style=\"aspect-ratio: auto 1280 \/ 720;\"><\/span><\/p>\n<h4 style=\"\"><span style=\"\">Leadership Lounge &#8211; Telegram Gruppe<\/span><\/h4>\n<p style=\"\">5-Tage-Challenge Leadership Renewed<\/p>\n<p>Definiere deine Priorit\u00e4ten und bewahre deinen Standpunkt. Lerne m\u00fcheloser mit Herausforderungen umzugehen und eine nachhaltige Work-Life-Balance zu etablieren.<span><img decoding=\"async\" alt=\"\" data-id=\"2058\" width=\"592\" data-init-width=\"1280\" height=\"333\" data-init-height=\"720\" title=\"Kopie von Vorschaubild Website\" loading=\"lazy\" src=\"https:\/\/heikebrittaunap.com\/wp-content\/uploads\/2024\/11\/Kopie-von-Vorschaubild-Website.jpg\" data-width=\"592\" data-height=\"333\" style=\"aspect-ratio: auto 1280 \/ 720;\"><\/span><\/p>\n<h4 style=\"\"><span style=\"\">\u00dcberwinde deine Selbstzweifel<\/span><\/h4>\n<p style=\"\">5-Schritte-Checkliste, damit du die Anerkennung bekommst, die du verdienst&nbsp;<\/p>\n<p>Lass dich nicht l\u00e4nger von Selbstzweifeln und dem Gef\u00fchl, nicht gut genug zu sein, ausbremsen.Bekomme deine innere Kritikerin in den Griff, st\u00e4rke dein Selbstvertrauen und erreiche den beruflichen Erfolg, den du dir schon lange w\u00fcnschst.<\/p>\n<h1 \"=\"\" style=\"text-align: center;\" tve-droppable\"=\"\">Hier ein paar Kundenstimmen von Heike Britt<\/h1>\n<p><!-- ProvenExpert Bewertungssiegel -->[tcb-script type=&#8220;text\/javascript&#8220; src=&#8220;https:\/\/www.provenexpert.com\/widget\/landing_heike-britt-aunap.js?feedback=1&avatar=1&competence=1&style=white&#8220; async=&#8220;&#8220;][\/tcb-script]<!-- ProvenExpert Bewertungssiegel Ende --><\/p>\n<h2 style=\"\">Wer seinem Stern folgt,<\/h2>\n<h2 style=\"\">der kehre nicht um.<\/h2>\n<h6 style=\"text-align: right;\">Leonardo da Vinci<\/h6>\n","protected":false},"excerpt":{"rendered":"<p>&#8222;Hey&#8220; Hey! [tcb-script] document.addEventListener(&#8222;DOMContentLoaded&#8220;, function () { const params = new URLSearchParams(window.location.search); const name = params.get(&#8218;utmname&#8216;); if (name) { const greeting = document.getElementById(&#8218;personalized-greeting&#8216;); greeting.textContent = `Hey ${decodeURIComponent(name)}!`; } });[\/tcb-script]Entdecke wertvolle Ressourcen,die dich gezielt unterst\u00fctzen, deine Ziele zu erreichen. Die 2-Wochen-Checkliste f\u00fcr weibliche F\u00fchrungskr\u00e4fte Entdecke, wie du vor und nach deinem Urlaub stressfrei bleibst und deine [&hellip;]<\/p>\n","protected":false},"author":3,"featured_media":0,"parent":0,"menu_order":0,"comment_status":"closed","ping_status":"closed","template":"","meta":{"footnotes":""},"class_list":["post-2603","page","type-page","status-publish","hentry","post-wrapper","thrv_wrapper"],"yoast_head":"<!-- This site is optimized with the Yoast SEO plugin v27.4 - https:\/\/yoast.com\/product\/yoast-seo-wordpress\/ -->\n<title>0\u20ac Angebot - heikebrittaunap.com<\/title>\n<meta name=\"description\" content=\"Entdecke wertvolle Ressourcen,die dich gezielt unterst\u00fctzen, deine Ziele zu erreichen. Von fundiertem Wissen bis hin zu praktischen Tools und Inspiration f\u00fcr deinen Weg zum Erfolg.\" \/>\n<meta name=\"robots\" content=\"noindex, follow\" \/>\n<meta property=\"og:locale\" content=\"it_IT\" \/>\n<meta property=\"og:type\" content=\"article\" \/>\n<meta property=\"og:title\" content=\"0\u20ac Angebot - heikebrittaunap.com\" \/>\n<meta property=\"og:description\" content=\"Entdecke wertvolle Ressourcen,die dich gezielt unterst\u00fctzen, deine Ziele zu erreichen. Von fundiertem Wissen bis hin zu praktischen Tools und Inspiration f\u00fcr deinen Weg zum Erfolg.\" \/>\n<meta property=\"og:url\" content=\"https:\/\/heikebrittaunap.com\/it\/magneti-di-piombo\/\" \/>\n<meta property=\"og:site_name\" content=\"heikebrittaunap.com\" \/>\n<meta property=\"article:modified_time\" content=\"2025-11-29T22:25:27+00:00\" \/>\n<meta property=\"og:image\" content=\"https:\/\/heikebrittaunap.com\/wp-content\/uploads\/2024\/11\/Vorschaubild-Checkliste.png\" \/>\n<meta name=\"twitter:card\" content=\"summary_large_image\" \/>\n<meta name=\"twitter:label1\" content=\"Tempo di lettura stimato\" \/>\n\t<meta name=\"twitter:data1\" content=\"7 minuti\" \/>\n<script type=\"application\/ld+json\" class=\"yoast-schema-graph\">{\"@context\":\"https:\\\/\\\/schema.org\",\"@graph\":[{\"@type\":\"WebPage\",\"@id\":\"https:\\\/\\\/heikebrittaunap.com\\\/leadmagnets\\\/\",\"url\":\"https:\\\/\\\/heikebrittaunap.com\\\/leadmagnets\\\/\",\"name\":\"0\u20ac Angebot - heikebrittaunap.com\",\"isPartOf\":{\"@id\":\"https:\\\/\\\/heikebrittaunap.com\\\/#website\"},\"primaryImageOfPage\":{\"@id\":\"https:\\\/\\\/heikebrittaunap.com\\\/leadmagnets\\\/#primaryimage\"},\"image\":{\"@id\":\"https:\\\/\\\/heikebrittaunap.com\\\/leadmagnets\\\/#primaryimage\"},\"thumbnailUrl\":\"https:\\\/\\\/heikebrittaunap.com\\\/wp-content\\\/uploads\\\/2024\\\/11\\\/Vorschaubild-Checkliste.png\",\"datePublished\":\"2025-07-10T23:55:11+00:00\",\"dateModified\":\"2025-11-29T22:25:27+00:00\",\"description\":\"Entdecke wertvolle Ressourcen,die dich gezielt unterst\u00fctzen, deine Ziele zu erreichen. Von fundiertem Wissen bis hin zu praktischen Tools und Inspiration f\u00fcr deinen Weg zum Erfolg.\",\"breadcrumb\":{\"@id\":\"https:\\\/\\\/heikebrittaunap.com\\\/leadmagnets\\\/#breadcrumb\"},\"inLanguage\":\"it-IT\",\"potentialAction\":[{\"@type\":\"ReadAction\",\"target\":[\"https:\\\/\\\/heikebrittaunap.com\\\/leadmagnets\\\/\"]}]},{\"@type\":\"ImageObject\",\"inLanguage\":\"it-IT\",\"@id\":\"https:\\\/\\\/heikebrittaunap.com\\\/leadmagnets\\\/#primaryimage\",\"url\":\"https:\\\/\\\/heikebrittaunap.com\\\/wp-content\\\/uploads\\\/2024\\\/11\\\/Vorschaubild-Checkliste.png\",\"contentUrl\":\"https:\\\/\\\/heikebrittaunap.com\\\/wp-content\\\/uploads\\\/2024\\\/11\\\/Vorschaubild-Checkliste.png\"},{\"@type\":\"BreadcrumbList\",\"@id\":\"https:\\\/\\\/heikebrittaunap.com\\\/leadmagnets\\\/#breadcrumb\",\"itemListElement\":[{\"@type\":\"ListItem\",\"position\":1,\"name\":\"Startseite\",\"item\":\"https:\\\/\\\/heikebrittaunap.com\\\/\"},{\"@type\":\"ListItem\",\"position\":2,\"name\":\"Leadmagnets\"}]},{\"@type\":\"WebSite\",\"@id\":\"https:\\\/\\\/heikebrittaunap.com\\\/#website\",\"url\":\"https:\\\/\\\/heikebrittaunap.com\\\/\",\"name\":\"heikebrittaunap.com\",\"description\":\"\",\"potentialAction\":[{\"@type\":\"SearchAction\",\"target\":{\"@type\":\"EntryPoint\",\"urlTemplate\":\"https:\\\/\\\/heikebrittaunap.com\\\/?s={search_term_string}\"},\"query-input\":{\"@type\":\"PropertyValueSpecification\",\"valueRequired\":true,\"valueName\":\"search_term_string\"}}],\"inLanguage\":\"it-IT\"}]}<\/script>\n<!-- \/ Yoast SEO plugin. -->","yoast_head_json":{"title":"0\u20ac offerta - heikebrittaunap.com","description":"Scoprite risorse preziose per aiutarvi a raggiungere i vostri obiettivi. Da conoscenze approfondite a strumenti pratici e ispirazione per il vostro cammino verso il successo.","robots":{"index":"noindex","follow":"follow"},"og_locale":"it_IT","og_type":"article","og_title":"0\u20ac Angebot - heikebrittaunap.com","og_description":"Entdecke wertvolle Ressourcen,die dich gezielt unterst\u00fctzen, deine Ziele zu erreichen. Von fundiertem Wissen bis hin zu praktischen Tools und Inspiration f\u00fcr deinen Weg zum Erfolg.","og_url":"https:\/\/heikebrittaunap.com\/it\/magneti-di-piombo\/","og_site_name":"heikebrittaunap.com","article_modified_time":"2025-11-29T22:25:27+00:00","og_image":[{"url":"https:\/\/heikebrittaunap.com\/wp-content\/uploads\/2024\/11\/Vorschaubild-Checkliste.png","type":"","width":"","height":""}],"twitter_card":"summary_large_image","twitter_misc":{"Tempo di lettura stimato":"7 minuti"},"schema":{"@context":"https:\/\/schema.org","@graph":[{"@type":"WebPage","@id":"https:\/\/heikebrittaunap.com\/leadmagnets\/","url":"https:\/\/heikebrittaunap.com\/leadmagnets\/","name":"0\u20ac offerta - heikebrittaunap.com","isPartOf":{"@id":"https:\/\/heikebrittaunap.com\/#website"},"primaryImageOfPage":{"@id":"https:\/\/heikebrittaunap.com\/leadmagnets\/#primaryimage"},"image":{"@id":"https:\/\/heikebrittaunap.com\/leadmagnets\/#primaryimage"},"thumbnailUrl":"https:\/\/heikebrittaunap.com\/wp-content\/uploads\/2024\/11\/Vorschaubild-Checkliste.png","datePublished":"2025-07-10T23:55:11+00:00","dateModified":"2025-11-29T22:25:27+00:00","description":"Scoprite risorse preziose per aiutarvi a raggiungere i vostri obiettivi. Da conoscenze approfondite a strumenti pratici e ispirazione per il vostro cammino verso il successo.","breadcrumb":{"@id":"https:\/\/heikebrittaunap.com\/leadmagnets\/#breadcrumb"},"inLanguage":"it-IT","potentialAction":[{"@type":"ReadAction","target":["https:\/\/heikebrittaunap.com\/leadmagnets\/"]}]},{"@type":"ImageObject","inLanguage":"it-IT","@id":"https:\/\/heikebrittaunap.com\/leadmagnets\/#primaryimage","url":"https:\/\/heikebrittaunap.com\/wp-content\/uploads\/2024\/11\/Vorschaubild-Checkliste.png","contentUrl":"https:\/\/heikebrittaunap.com\/wp-content\/uploads\/2024\/11\/Vorschaubild-Checkliste.png"},{"@type":"BreadcrumbList","@id":"https:\/\/heikebrittaunap.com\/leadmagnets\/#breadcrumb","itemListElement":[{"@type":"ListItem","position":1,"name":"Startseite","item":"https:\/\/heikebrittaunap.com\/"},{"@type":"ListItem","position":2,"name":"Leadmagnets"}]},{"@type":"WebSite","@id":"https:\/\/heikebrittaunap.com\/#website","url":"https:\/\/heikebrittaunap.com\/","name":"heikebrittaunap.com","description":"","potentialAction":[{"@type":"SearchAction","target":{"@type":"EntryPoint","urlTemplate":"https:\/\/heikebrittaunap.com\/?s={search_term_string}"},"query-input":{"@type":"PropertyValueSpecification","valueRequired":true,"valueName":"search_term_string"}}],"inLanguage":"it-IT"}]}},"_links":{"self":[{"href":"https:\/\/heikebrittaunap.com\/it\/wp-json\/wp\/v2\/pages\/2603","targetHints":{"allow":["GET"]}}],"collection":[{"href":"https:\/\/heikebrittaunap.com\/it\/wp-json\/wp\/v2\/pages"}],"about":[{"href":"https:\/\/heikebrittaunap.com\/it\/wp-json\/wp\/v2\/types\/page"}],"author":[{"embeddable":true,"href":"https:\/\/heikebrittaunap.com\/it\/wp-json\/wp\/v2\/users\/3"}],"replies":[{"embeddable":true,"href":"https:\/\/heikebrittaunap.com\/it\/wp-json\/wp\/v2\/comments?post=2603"}],"version-history":[{"count":10,"href":"https:\/\/heikebrittaunap.com\/it\/wp-json\/wp\/v2\/pages\/2603\/revisions"}],"predecessor-version":[{"id":2870,"href":"https:\/\/heikebrittaunap.com\/it\/wp-json\/wp\/v2\/pages\/2603\/revisions\/2870"}],"wp:attachment":[{"href":"https:\/\/heikebrittaunap.com\/it\/wp-json\/wp\/v2\/media?parent=2603"}],"curies":[{"name":"wp","href":"https:\/\/api.w.org\/{rel}","templated":true}]}}