{"id":2507,"date":"2025-04-16T23:46:39","date_gmt":"2025-04-16T21:46:39","guid":{"rendered":"https:\/\/heikebrittaunap.com\/?page_id=2507"},"modified":"2025-07-04T15:42:55","modified_gmt":"2025-07-04T13:42:55","slug":"visualizza-il-caso-di-studio","status":"publish","type":"page","link":"https:\/\/heikebrittaunap.com\/it\/fallstudie-ansehen\/","title":{"rendered":"Visualizza il caso di studio - Pagina di ringraziamento"},"content":{"rendered":"<p><a href=\"https:\/\/heikebrittaunap.com\" data-id-d=\"0\" data-dynamic-link=\"thrive_global_shortcode_url\" data-shortcode-id=\"0\" data-img-style=\"width: 100%;\"><img loading=\"lazy\" decoding=\"async\" src=\"https:\/\/heikebrittaunap.com\/wp-content\/uploads\/2023\/06\/LOGO-Heike-Britt-Aunap-V1-1.png\" height=\"1000\" width=\"1000\" alt=\"\" style=\"width: 100%;\"><\/img><\/a><\/p>\n<h1 style=\"text-align: center;\"><strong><span style=\"--tcb-applied-color: var$(--tcb-skin-color-5) !important; color: var(--tcb-skin-color-5) !important;\"><\/span>Schritt 1: Hier Fallstudie anschauen<\/strong><\/h1>\n<p><strong>Erfahre jetzt in der Fallstudie MASTER YOUR INNER BRILLIANCE,&nbsp;<\/strong><strong><\/strong>wie dumit klaren Strukturen, einem starken Mindset und gezieltem Stressmanagement souver\u00e4n f\u00fchrst.<\/p>\n<h2 style=\"text-align: center;\"><strong>Schritt 2: Dein n\u00e4chster Schritt<\/strong><\/h2>\n<p>Klicke jetzt hier auf den Button und bewirb dich f\u00fcr den exklusiven <strong>Transformation Day in Mailand<\/strong>.Deine weiteren Schritte erf\u00e4hrst du von mir nach erfolgreicher Bewerbung in einem pers\u00f6nlichen Video. &nbsp;<!-- ProvenExpert Bewertungssiegel -->[tcb-script type=&#8220;text\/javascript&#8220; src=&#8220;https:\/\/www.provenexpert.com\/widget\/landing_heike-britt-aunap.js?feedback=1&avatar=1&competence=1&style=white&#8220; async=&#8220;&#8220;][\/tcb-script]<!-- ProvenExpert Bewertungssiegel Ende --><\/p>\n<p style=\"text-align: center;\">BEKANNT AUS&nbsp;<\/p>\n<p><span><img decoding=\"async\" alt=\"\" data-id=\"822\" width=\"772\" height=\"737\" title=\"Hamburg 2\" src=\"https:\/\/heikebrittaunap.com\/wp-content\/uploads\/2024\/04\/Hamburg-2-300x286.png\" data-src=\"https:\/\/heikebrittaunap.com\/wp-content\/uploads\/2024\/04\/Hamburg-2-300x286.png\" loading=\"lazy\" data-sizes=\"{&quot;thumbnail&quot;:{&quot;height&quot;:150,&quot;width&quot;:150,&quot;url&quot;:&quot;https:\/\/heikebrittaunap.com\/wp-content\/uploads\/2024\/04\/Hamburg-2-150x150.png&quot;,&quot;orientation&quot;:&quot;landscape&quot;},&quot;medium&quot;:{&quot;height&quot;:286,&quot;width&quot;:300,&quot;url&quot;:&quot;https:\/\/heikebrittaunap.com\/wp-content\/uploads\/2024\/04\/Hamburg-2-300x286.png&quot;,&quot;orientation&quot;:&quot;landscape&quot;},&quot;full&quot;:{&quot;url&quot;:&quot;https:\/\/heikebrittaunap.com\/wp-content\/uploads\/2024\/04\/Hamburg-2.png&quot;,&quot;height&quot;:737,&quot;width&quot;:772,&quot;orientation&quot;:&quot;landscape&quot;}}\"><\/span><span><img decoding=\"async\" alt=\"\" data-id=\"823\" width=\"772\" height=\"737\" title=\"TV Mittelrhein\" src=\"https:\/\/heikebrittaunap.com\/wp-content\/uploads\/2024\/04\/TV-Mittelrhein-300x286.png\" data-src=\"https:\/\/heikebrittaunap.com\/wp-content\/uploads\/2024\/04\/TV-Mittelrhein-300x286.png\" loading=\"lazy\" data-sizes=\"{&quot;thumbnail&quot;:{&quot;height&quot;:150,&quot;width&quot;:150,&quot;url&quot;:&quot;https:\/\/heikebrittaunap.com\/wp-content\/uploads\/2024\/04\/TV-Mittelrhein-150x150.png&quot;,&quot;orientation&quot;:&quot;landscape&quot;},&quot;medium&quot;:{&quot;height&quot;:286,&quot;width&quot;:300,&quot;url&quot;:&quot;https:\/\/heikebrittaunap.com\/wp-content\/uploads\/2024\/04\/TV-Mittelrhein-300x286.png&quot;,&quot;orientation&quot;:&quot;landscape&quot;},&quot;full&quot;:{&quot;url&quot;:&quot;https:\/\/heikebrittaunap.com\/wp-content\/uploads\/2024\/04\/TV-Mittelrhein.png&quot;,&quot;height&quot;:737,&quot;width&quot;:772,&quot;orientation&quot;:&quot;landscape&quot;}}\"><\/span><span><img decoding=\"async\" alt=\"\" data-id=\"827\" width=\"772\" height=\"737\" title=\"Berliner Morgenpost\" src=\"https:\/\/heikebrittaunap.com\/wp-content\/uploads\/2024\/04\/Berliner-Morgenpost-300x286.png\" data-src=\"https:\/\/heikebrittaunap.com\/wp-content\/uploads\/2024\/04\/Berliner-Morgenpost-300x286.png\" loading=\"lazy\" data-sizes=\"{&quot;thumbnail&quot;:{&quot;height&quot;:150,&quot;width&quot;:150,&quot;url&quot;:&quot;https:\/\/heikebrittaunap.com\/wp-content\/uploads\/2024\/04\/Berliner-Morgenpost-150x150.png&quot;,&quot;orientation&quot;:&quot;landscape&quot;},&quot;medium&quot;:{&quot;height&quot;:286,&quot;width&quot;:300,&quot;url&quot;:&quot;https:\/\/heikebrittaunap.com\/wp-content\/uploads\/2024\/04\/Berliner-Morgenpost-300x286.png&quot;,&quot;orientation&quot;:&quot;landscape&quot;},&quot;full&quot;:{&quot;url&quot;:&quot;https:\/\/heikebrittaunap.com\/wp-content\/uploads\/2024\/04\/Berliner-Morgenpost.png&quot;,&quot;height&quot;:737,&quot;width&quot;:772,&quot;orientation&quot;:&quot;landscape&quot;}}\"><\/span><span><img decoding=\"async\" alt=\"\" data-id=\"824\" width=\"772\" height=\"737\" title=\"Top Speaker\" src=\"https:\/\/heikebrittaunap.com\/wp-content\/uploads\/2024\/04\/Top-Speaker-300x286.png\" data-src=\"https:\/\/heikebrittaunap.com\/wp-content\/uploads\/2024\/04\/Top-Speaker-300x286.png\" loading=\"lazy\" data-sizes=\"{&quot;thumbnail&quot;:{&quot;height&quot;:150,&quot;width&quot;:150,&quot;url&quot;:&quot;https:\/\/heikebrittaunap.com\/wp-content\/uploads\/2024\/04\/Top-Speaker-150x150.png&quot;,&quot;orientation&quot;:&quot;landscape&quot;},&quot;medium&quot;:{&quot;height&quot;:286,&quot;width&quot;:300,&quot;url&quot;:&quot;https:\/\/heikebrittaunap.com\/wp-content\/uploads\/2024\/04\/Top-Speaker-300x286.png&quot;,&quot;orientation&quot;:&quot;landscape&quot;},&quot;full&quot;:{&quot;url&quot;:&quot;https:\/\/heikebrittaunap.com\/wp-content\/uploads\/2024\/04\/Top-Speaker.png&quot;,&quot;height&quot;:737,&quot;width&quot;:772,&quot;orientation&quot;:&quot;landscape&quot;}}\"><\/span><span><img decoding=\"async\" alt=\"\" data-id=\"825\" width=\"772\" height=\"737\" title=\"Scherer Daily\" src=\"https:\/\/heikebrittaunap.com\/wp-content\/uploads\/2024\/04\/Scherer-Daily-300x286.png\" data-src=\"https:\/\/heikebrittaunap.com\/wp-content\/uploads\/2024\/04\/Scherer-Daily-300x286.png\" loading=\"lazy\" data-sizes=\"{&quot;thumbnail&quot;:{&quot;height&quot;:150,&quot;width&quot;:150,&quot;url&quot;:&quot;https:\/\/heikebrittaunap.com\/wp-content\/uploads\/2024\/04\/Scherer-Daily-150x150.png&quot;,&quot;orientation&quot;:&quot;landscape&quot;},&quot;medium&quot;:{&quot;height&quot;:286,&quot;width&quot;:300,&quot;url&quot;:&quot;https:\/\/heikebrittaunap.com\/wp-content\/uploads\/2024\/04\/Scherer-Daily-300x286.png&quot;,&quot;orientation&quot;:&quot;landscape&quot;},&quot;full&quot;:{&quot;url&quot;:&quot;https:\/\/heikebrittaunap.com\/wp-content\/uploads\/2024\/04\/Scherer-Daily.png&quot;,&quot;height&quot;:737,&quot;width&quot;:772,&quot;orientation&quot;:&quot;landscape&quot;}}\"><\/span><span><img decoding=\"async\" alt=\"\" data-id=\"828\" width=\"772\" height=\"737\" title=\"Certify Coach\" src=\"https:\/\/heikebrittaunap.com\/wp-content\/uploads\/2024\/04\/Certify-Coach-300x286.png\" data-src=\"https:\/\/heikebrittaunap.com\/wp-content\/uploads\/2024\/04\/Certify-Coach-300x286.png\" loading=\"lazy\" data-sizes=\"{&quot;thumbnail&quot;:{&quot;height&quot;:150,&quot;width&quot;:150,&quot;url&quot;:&quot;https:\/\/heikebrittaunap.com\/wp-content\/uploads\/2024\/04\/Certify-Coach-150x150.png&quot;,&quot;orientation&quot;:&quot;landscape&quot;},&quot;medium&quot;:{&quot;height&quot;:286,&quot;width&quot;:300,&quot;url&quot;:&quot;https:\/\/heikebrittaunap.com\/wp-content\/uploads\/2024\/04\/Certify-Coach-300x286.png&quot;,&quot;orientation&quot;:&quot;landscape&quot;},&quot;full&quot;:{&quot;url&quot;:&quot;https:\/\/heikebrittaunap.com\/wp-content\/uploads\/2024\/04\/Certify-Coach.png&quot;,&quot;height&quot;:737,&quot;width&quot;:772,&quot;orientation&quot;:&quot;landscape&quot;}}\"><\/span><span><img decoding=\"async\" alt=\"\" data-id=\"826\" width=\"772\" height=\"737\" title=\"Portal Kunstgeschichte\" src=\"https:\/\/heikebrittaunap.com\/wp-content\/uploads\/2024\/04\/Portal-Kunstgeschichte-300x286.png\" data-src=\"https:\/\/heikebrittaunap.com\/wp-content\/uploads\/2024\/04\/Portal-Kunstgeschichte-300x286.png\" loading=\"lazy\" data-sizes=\"{&quot;thumbnail&quot;:{&quot;height&quot;:150,&quot;width&quot;:150,&quot;url&quot;:&quot;https:\/\/heikebrittaunap.com\/wp-content\/uploads\/2024\/04\/Portal-Kunstgeschichte-150x150.png&quot;,&quot;orientation&quot;:&quot;landscape&quot;},&quot;medium&quot;:{&quot;height&quot;:286,&quot;width&quot;:300,&quot;url&quot;:&quot;https:\/\/heikebrittaunap.com\/wp-content\/uploads\/2024\/04\/Portal-Kunstgeschichte-300x286.png&quot;,&quot;orientation&quot;:&quot;landscape&quot;},&quot;full&quot;:{&quot;url&quot;:&quot;https:\/\/heikebrittaunap.com\/wp-content\/uploads\/2024\/04\/Portal-Kunstgeschichte.png&quot;,&quot;height&quot;:737,&quot;width&quot;:772,&quot;orientation&quot;:&quot;landscape&quot;}}\"><\/span><span><img decoding=\"async\" alt=\"\" data-id=\"829\" width=\"772\" height=\"737\" title=\"TV 2\" src=\"https:\/\/heikebrittaunap.com\/wp-content\/uploads\/2024\/04\/TV-2-300x286.png\" data-src=\"https:\/\/heikebrittaunap.com\/wp-content\/uploads\/2024\/04\/TV-2-300x286.png\" loading=\"lazy\" data-sizes=\"{&quot;thumbnail&quot;:{&quot;height&quot;:150,&quot;width&quot;:150,&quot;url&quot;:&quot;https:\/\/heikebrittaunap.com\/wp-content\/uploads\/2024\/04\/TV-2-150x150.png&quot;,&quot;orientation&quot;:&quot;landscape&quot;},&quot;medium&quot;:{&quot;height&quot;:286,&quot;width&quot;:300,&quot;url&quot;:&quot;https:\/\/heikebrittaunap.com\/wp-content\/uploads\/2024\/04\/TV-2-300x286.png&quot;,&quot;orientation&quot;:&quot;landscape&quot;},&quot;full&quot;:{&quot;url&quot;:&quot;https:\/\/heikebrittaunap.com\/wp-content\/uploads\/2024\/04\/TV-2.png&quot;,&quot;height&quot;:737,&quot;width&quot;:772,&quot;orientation&quot;:&quot;landscape&quot;}}\"><\/span><\/p>\n","protected":false},"excerpt":{"rendered":"<p>Schritt 1: Hier Fallstudie anschauen Erfahre jetzt in der Fallstudie MASTER YOUR INNER BRILLIANCE,&nbsp;wie dumit klaren Strukturen, einem starken Mindset und gezieltem Stressmanagement souver\u00e4n f\u00fchrst. Schritt 2: Dein n\u00e4chster Schritt Klicke jetzt hier auf den Button und bewirb dich f\u00fcr den exklusiven Transformation Day in Mailand.Deine weiteren Schritte erf\u00e4hrst du von mir nach erfolgreicher Bewerbung [&hellip;]<\/p>\n","protected":false},"author":3,"featured_media":0,"parent":0,"menu_order":0,"comment_status":"closed","ping_status":"closed","template":"","meta":{"footnotes":""},"class_list":["post-2507","page","type-page","status-publish","hentry","post-wrapper","thrv_wrapper"],"yoast_head":"<!-- This site is optimized with the Yoast SEO plugin v27.5 - https:\/\/yoast.com\/product\/yoast-seo-wordpress\/ -->\n<title>Fallstudie ansehen - Danke Seite - heikebrittaunap.com<\/title>\n<meta name=\"robots\" content=\"noindex, follow\" \/>\n<meta property=\"og:locale\" content=\"it_IT\" \/>\n<meta property=\"og:type\" content=\"article\" \/>\n<meta property=\"og:title\" content=\"Fallstudie ansehen - Danke Seite - heikebrittaunap.com\" \/>\n<meta property=\"og:description\" content=\"Schritt 1: Hier Fallstudie anschauen Erfahre jetzt in der Fallstudie MASTER YOUR INNER BRILLIANCE,&nbsp;wie dumit klaren Strukturen, einem starken Mindset und gezieltem Stressmanagement souver\u00e4n f\u00fchrst. Schritt 2: Dein n\u00e4chster Schritt Klicke jetzt hier auf den Button und bewirb dich f\u00fcr den exklusiven Transformation Day in Mailand.Deine weiteren Schritte erf\u00e4hrst du von mir nach erfolgreicher Bewerbung [&hellip;]\" \/>\n<meta property=\"og:url\" content=\"https:\/\/heikebrittaunap.com\/it\/visualizza-il-caso-di-studio\/\" \/>\n<meta property=\"og:site_name\" content=\"heikebrittaunap.com\" \/>\n<meta property=\"article:modified_time\" content=\"2025-07-04T13:42:55+00:00\" \/>\n<meta property=\"og:image\" content=\"https:\/\/heikebrittaunap.com\/wp-content\/uploads\/2023\/06\/LOGO-Heike-Britt-Aunap-V1-1.png\" \/>\n<meta name=\"twitter:card\" content=\"summary_large_image\" \/>\n<meta name=\"twitter:label1\" content=\"Tempo di lettura stimato\" \/>\n\t<meta name=\"twitter:data1\" content=\"3 minuti\" \/>\n<script type=\"application\/ld+json\" class=\"yoast-schema-graph\">{\"@context\":\"https:\\\/\\\/schema.org\",\"@graph\":[{\"@type\":\"WebPage\",\"@id\":\"https:\\\/\\\/heikebrittaunap.com\\\/fallstudie-ansehen\\\/\",\"url\":\"https:\\\/\\\/heikebrittaunap.com\\\/fallstudie-ansehen\\\/\",\"name\":\"Fallstudie ansehen - Danke Seite - heikebrittaunap.com\",\"isPartOf\":{\"@id\":\"https:\\\/\\\/heikebrittaunap.com\\\/#website\"},\"primaryImageOfPage\":{\"@id\":\"https:\\\/\\\/heikebrittaunap.com\\\/fallstudie-ansehen\\\/#primaryimage\"},\"image\":{\"@id\":\"https:\\\/\\\/heikebrittaunap.com\\\/fallstudie-ansehen\\\/#primaryimage\"},\"thumbnailUrl\":\"https:\\\/\\\/heikebrittaunap.com\\\/wp-content\\\/uploads\\\/2023\\\/06\\\/LOGO-Heike-Britt-Aunap-V1-1.png\",\"datePublished\":\"2025-04-16T21:46:39+00:00\",\"dateModified\":\"2025-07-04T13:42:55+00:00\",\"breadcrumb\":{\"@id\":\"https:\\\/\\\/heikebrittaunap.com\\\/fallstudie-ansehen\\\/#breadcrumb\"},\"inLanguage\":\"it-IT\",\"potentialAction\":[{\"@type\":\"ReadAction\",\"target\":[\"https:\\\/\\\/heikebrittaunap.com\\\/fallstudie-ansehen\\\/\"]}]},{\"@type\":\"ImageObject\",\"inLanguage\":\"it-IT\",\"@id\":\"https:\\\/\\\/heikebrittaunap.com\\\/fallstudie-ansehen\\\/#primaryimage\",\"url\":\"https:\\\/\\\/heikebrittaunap.com\\\/wp-content\\\/uploads\\\/2023\\\/06\\\/LOGO-Heike-Britt-Aunap-V1-1.png\",\"contentUrl\":\"https:\\\/\\\/heikebrittaunap.com\\\/wp-content\\\/uploads\\\/2023\\\/06\\\/LOGO-Heike-Britt-Aunap-V1-1.png\"},{\"@type\":\"BreadcrumbList\",\"@id\":\"https:\\\/\\\/heikebrittaunap.com\\\/fallstudie-ansehen\\\/#breadcrumb\",\"itemListElement\":[{\"@type\":\"ListItem\",\"position\":1,\"name\":\"Startseite\",\"item\":\"https:\\\/\\\/heikebrittaunap.com\\\/\"},{\"@type\":\"ListItem\",\"position\":2,\"name\":\"Fallstudie ansehen &#8211; Danke Seite\"}]},{\"@type\":\"WebSite\",\"@id\":\"https:\\\/\\\/heikebrittaunap.com\\\/#website\",\"url\":\"https:\\\/\\\/heikebrittaunap.com\\\/\",\"name\":\"heikebrittaunap.com\",\"description\":\"\",\"potentialAction\":[{\"@type\":\"SearchAction\",\"target\":{\"@type\":\"EntryPoint\",\"urlTemplate\":\"https:\\\/\\\/heikebrittaunap.com\\\/?s={search_term_string}\"},\"query-input\":{\"@type\":\"PropertyValueSpecification\",\"valueRequired\":true,\"valueName\":\"search_term_string\"}}],\"inLanguage\":\"it-IT\"}]}<\/script>\n<!-- \/ Yoast SEO plugin. -->","yoast_head_json":{"title":"Visualizza il caso di studio - Pagina di ringraziamento - heikebrittaunap.com","robots":{"index":"noindex","follow":"follow"},"og_locale":"it_IT","og_type":"article","og_title":"Fallstudie ansehen - Danke Seite - heikebrittaunap.com","og_description":"Schritt 1: Hier Fallstudie anschauen Erfahre jetzt in der Fallstudie MASTER YOUR INNER BRILLIANCE,&nbsp;wie dumit klaren Strukturen, einem starken Mindset und gezieltem Stressmanagement souver\u00e4n f\u00fchrst. Schritt 2: Dein n\u00e4chster Schritt Klicke jetzt hier auf den Button und bewirb dich f\u00fcr den exklusiven Transformation Day in Mailand.Deine weiteren Schritte erf\u00e4hrst du von mir nach erfolgreicher Bewerbung [&hellip;]","og_url":"https:\/\/heikebrittaunap.com\/it\/visualizza-il-caso-di-studio\/","og_site_name":"heikebrittaunap.com","article_modified_time":"2025-07-04T13:42:55+00:00","og_image":[{"url":"https:\/\/heikebrittaunap.com\/wp-content\/uploads\/2023\/06\/LOGO-Heike-Britt-Aunap-V1-1.png","type":"","width":"","height":""}],"twitter_card":"summary_large_image","twitter_misc":{"Tempo di lettura stimato":"3 minuti"},"schema":{"@context":"https:\/\/schema.org","@graph":[{"@type":"WebPage","@id":"https:\/\/heikebrittaunap.com\/fallstudie-ansehen\/","url":"https:\/\/heikebrittaunap.com\/fallstudie-ansehen\/","name":"Visualizza il caso di studio - Pagina di ringraziamento - heikebrittaunap.com","isPartOf":{"@id":"https:\/\/heikebrittaunap.com\/#website"},"primaryImageOfPage":{"@id":"https:\/\/heikebrittaunap.com\/fallstudie-ansehen\/#primaryimage"},"image":{"@id":"https:\/\/heikebrittaunap.com\/fallstudie-ansehen\/#primaryimage"},"thumbnailUrl":"https:\/\/heikebrittaunap.com\/wp-content\/uploads\/2023\/06\/LOGO-Heike-Britt-Aunap-V1-1.png","datePublished":"2025-04-16T21:46:39+00:00","dateModified":"2025-07-04T13:42:55+00:00","breadcrumb":{"@id":"https:\/\/heikebrittaunap.com\/fallstudie-ansehen\/#breadcrumb"},"inLanguage":"it-IT","potentialAction":[{"@type":"ReadAction","target":["https:\/\/heikebrittaunap.com\/fallstudie-ansehen\/"]}]},{"@type":"ImageObject","inLanguage":"it-IT","@id":"https:\/\/heikebrittaunap.com\/fallstudie-ansehen\/#primaryimage","url":"https:\/\/heikebrittaunap.com\/wp-content\/uploads\/2023\/06\/LOGO-Heike-Britt-Aunap-V1-1.png","contentUrl":"https:\/\/heikebrittaunap.com\/wp-content\/uploads\/2023\/06\/LOGO-Heike-Britt-Aunap-V1-1.png"},{"@type":"BreadcrumbList","@id":"https:\/\/heikebrittaunap.com\/fallstudie-ansehen\/#breadcrumb","itemListElement":[{"@type":"ListItem","position":1,"name":"Startseite","item":"https:\/\/heikebrittaunap.com\/"},{"@type":"ListItem","position":2,"name":"Fallstudie ansehen &#8211; Danke Seite"}]},{"@type":"WebSite","@id":"https:\/\/heikebrittaunap.com\/#website","url":"https:\/\/heikebrittaunap.com\/","name":"heikebrittaunap.com","description":"","potentialAction":[{"@type":"SearchAction","target":{"@type":"EntryPoint","urlTemplate":"https:\/\/heikebrittaunap.com\/?s={search_term_string}"},"query-input":{"@type":"PropertyValueSpecification","valueRequired":true,"valueName":"search_term_string"}}],"inLanguage":"it-IT"}]}},"_links":{"self":[{"href":"https:\/\/heikebrittaunap.com\/it\/wp-json\/wp\/v2\/pages\/2507","targetHints":{"allow":["GET"]}}],"collection":[{"href":"https:\/\/heikebrittaunap.com\/it\/wp-json\/wp\/v2\/pages"}],"about":[{"href":"https:\/\/heikebrittaunap.com\/it\/wp-json\/wp\/v2\/types\/page"}],"author":[{"embeddable":true,"href":"https:\/\/heikebrittaunap.com\/it\/wp-json\/wp\/v2\/users\/3"}],"replies":[{"embeddable":true,"href":"https:\/\/heikebrittaunap.com\/it\/wp-json\/wp\/v2\/comments?post=2507"}],"version-history":[{"count":10,"href":"https:\/\/heikebrittaunap.com\/it\/wp-json\/wp\/v2\/pages\/2507\/revisions"}],"predecessor-version":[{"id":2607,"href":"https:\/\/heikebrittaunap.com\/it\/wp-json\/wp\/v2\/pages\/2507\/revisions\/2607"}],"wp:attachment":[{"href":"https:\/\/heikebrittaunap.com\/it\/wp-json\/wp\/v2\/media?parent=2507"}],"curies":[{"name":"wp","href":"https:\/\/api.w.org\/{rel}","templated":true}]}}