{"id":2443,"date":"2025-01-20T13:43:28","date_gmt":"2025-01-20T12:43:28","guid":{"rendered":"https:\/\/heikebrittaunap.com\/?page_id=2443"},"modified":"2025-01-20T13:45:06","modified_gmt":"2025-01-20T12:45:06","slug":"grazie-alla-giornata-della-trasformazione","status":"publish","type":"page","link":"https:\/\/heikebrittaunap.com\/it\/danke-transformation-day\/","title":{"rendered":"grazie Giornata della trasformazione"},"content":{"rendered":"<h1 style=\"text-align: center;\">Grazie per il vostro interesse!<\/h1>\n<p style=\"text-align: center;\">Abbiamo ricevuto la sua richiesta e la contatteremo entro le prossime 24 ore con tutti i dettagli del nostro evento.<\/p>\n<p style=\"text-align: center;\"><strong><\/strong>Non vediamo l'ora di farvi conoscere il Transformation Day for Female Leaders.<\/p>\n<p style=\"text-align: center;\">Rimanete entusiasti: il primo passo verso la vostra trasformazione inizia ora!<\/p>\n<p><span><img decoding=\"async\" alt=\"\" data-id=\"11\" width=\"296\" data-init-width=\"1000\" height=\"296\" data-init-height=\"1000\" title=\"Foto con bordo e punti dorati\" loading=\"lazy\" src=\"https:\/\/heikebrittaunap.com\/wp-content\/uploads\/2023\/06\/Photo-mit-Goldrand-Punkten.png\" data-width=\"296\" data-height=\"296\" style=\"aspect-ratio: auto 1000 \/ 1000;\"><\/span><\/p>","protected":false},"excerpt":{"rendered":"<p>Vielen Dank f\u00fcr Deine Interesse! Wir haben deine Anfrage erhalten und werden uns innerhalb der n\u00e4chsten 24 Stunden bei dir melden, um dir alle Details zu unserem Event mitzuteilen. Wir freuen uns darauf, dich n\u00e4her mit dem Transformation Day for Female Leaders vertraut zu machen. Bleib gespannt \u2013 der erste Schritt zu deiner Transformation beginnt [&hellip;]<\/p>\n","protected":false},"author":3,"featured_media":0,"parent":0,"menu_order":0,"comment_status":"closed","ping_status":"closed","template":"","meta":{"footnotes":""},"class_list":["post-2443","page","type-page","status-publish","hentry","post-wrapper","thrv_wrapper"],"yoast_head":"<!-- This site is optimized with the Yoast SEO plugin v27.5 - https:\/\/yoast.com\/product\/yoast-seo-wordpress\/ -->\n<title>danke Transformation Day - heikebrittaunap.com<\/title>\n<meta name=\"robots\" content=\"index, follow, max-snippet:-1, max-image-preview:large, max-video-preview:-1\" \/>\n<link rel=\"canonical\" href=\"https:\/\/heikebrittaunap.com\/it\/grazie-alla-giornata-della-trasformazione\/\" \/>\n<meta property=\"og:locale\" content=\"it_IT\" \/>\n<meta property=\"og:type\" content=\"article\" \/>\n<meta property=\"og:title\" content=\"danke Transformation Day - heikebrittaunap.com\" \/>\n<meta property=\"og:description\" content=\"Vielen Dank f\u00fcr Deine Interesse! Wir haben deine Anfrage erhalten und werden uns innerhalb der n\u00e4chsten 24 Stunden bei dir melden, um dir alle Details zu unserem Event mitzuteilen. Wir freuen uns darauf, dich n\u00e4her mit dem Transformation Day for Female Leaders vertraut zu machen. Bleib gespannt \u2013 der erste Schritt zu deiner Transformation beginnt [&hellip;]\" \/>\n<meta property=\"og:url\" content=\"https:\/\/heikebrittaunap.com\/it\/grazie-alla-giornata-della-trasformazione\/\" \/>\n<meta property=\"og:site_name\" content=\"heikebrittaunap.com\" \/>\n<meta property=\"article:modified_time\" content=\"2025-01-20T12:45:06+00:00\" \/>\n<meta property=\"og:image\" content=\"https:\/\/heikebrittaunap.com\/wp-content\/uploads\/2023\/06\/Photo-mit-Goldrand-Punkten.png\" \/>\n<meta name=\"twitter:card\" content=\"summary_large_image\" \/>\n<meta name=\"twitter:label1\" content=\"Tempo di lettura stimato\" \/>\n\t<meta name=\"twitter:data1\" content=\"1 minuto\" \/>\n<script type=\"application\/ld+json\" class=\"yoast-schema-graph\">{\"@context\":\"https:\\\/\\\/schema.org\",\"@graph\":[{\"@type\":\"WebPage\",\"@id\":\"https:\\\/\\\/heikebrittaunap.com\\\/danke-transformation-day\\\/\",\"url\":\"https:\\\/\\\/heikebrittaunap.com\\\/danke-transformation-day\\\/\",\"name\":\"danke Transformation Day - heikebrittaunap.com\",\"isPartOf\":{\"@id\":\"https:\\\/\\\/heikebrittaunap.com\\\/#website\"},\"primaryImageOfPage\":{\"@id\":\"https:\\\/\\\/heikebrittaunap.com\\\/danke-transformation-day\\\/#primaryimage\"},\"image\":{\"@id\":\"https:\\\/\\\/heikebrittaunap.com\\\/danke-transformation-day\\\/#primaryimage\"},\"thumbnailUrl\":\"https:\\\/\\\/heikebrittaunap.com\\\/wp-content\\\/uploads\\\/2023\\\/06\\\/Photo-mit-Goldrand-Punkten.png\",\"datePublished\":\"2025-01-20T12:43:28+00:00\",\"dateModified\":\"2025-01-20T12:45:06+00:00\",\"breadcrumb\":{\"@id\":\"https:\\\/\\\/heikebrittaunap.com\\\/danke-transformation-day\\\/#breadcrumb\"},\"inLanguage\":\"it-IT\",\"potentialAction\":[{\"@type\":\"ReadAction\",\"target\":[\"https:\\\/\\\/heikebrittaunap.com\\\/danke-transformation-day\\\/\"]}]},{\"@type\":\"ImageObject\",\"inLanguage\":\"it-IT\",\"@id\":\"https:\\\/\\\/heikebrittaunap.com\\\/danke-transformation-day\\\/#primaryimage\",\"url\":\"https:\\\/\\\/heikebrittaunap.com\\\/wp-content\\\/uploads\\\/2023\\\/06\\\/Photo-mit-Goldrand-Punkten.png\",\"contentUrl\":\"https:\\\/\\\/heikebrittaunap.com\\\/wp-content\\\/uploads\\\/2023\\\/06\\\/Photo-mit-Goldrand-Punkten.png\"},{\"@type\":\"BreadcrumbList\",\"@id\":\"https:\\\/\\\/heikebrittaunap.com\\\/danke-transformation-day\\\/#breadcrumb\",\"itemListElement\":[{\"@type\":\"ListItem\",\"position\":1,\"name\":\"Startseite\",\"item\":\"https:\\\/\\\/heikebrittaunap.com\\\/\"},{\"@type\":\"ListItem\",\"position\":2,\"name\":\"danke Transformation Day\"}]},{\"@type\":\"WebSite\",\"@id\":\"https:\\\/\\\/heikebrittaunap.com\\\/#website\",\"url\":\"https:\\\/\\\/heikebrittaunap.com\\\/\",\"name\":\"heikebrittaunap.com\",\"description\":\"\",\"potentialAction\":[{\"@type\":\"SearchAction\",\"target\":{\"@type\":\"EntryPoint\",\"urlTemplate\":\"https:\\\/\\\/heikebrittaunap.com\\\/?s={search_term_string}\"},\"query-input\":{\"@type\":\"PropertyValueSpecification\",\"valueRequired\":true,\"valueName\":\"search_term_string\"}}],\"inLanguage\":\"it-IT\"}]}<\/script>\n<!-- \/ Yoast SEO plugin. -->","yoast_head_json":{"title":"grazie Giornata della trasformazione - heikebrittaunap.com","robots":{"index":"index","follow":"follow","max-snippet":"max-snippet:-1","max-image-preview":"max-image-preview:large","max-video-preview":"max-video-preview:-1"},"canonical":"https:\/\/heikebrittaunap.com\/it\/grazie-alla-giornata-della-trasformazione\/","og_locale":"it_IT","og_type":"article","og_title":"danke Transformation Day - heikebrittaunap.com","og_description":"Vielen Dank f\u00fcr Deine Interesse! Wir haben deine Anfrage erhalten und werden uns innerhalb der n\u00e4chsten 24 Stunden bei dir melden, um dir alle Details zu unserem Event mitzuteilen. Wir freuen uns darauf, dich n\u00e4her mit dem Transformation Day for Female Leaders vertraut zu machen. Bleib gespannt \u2013 der erste Schritt zu deiner Transformation beginnt [&hellip;]","og_url":"https:\/\/heikebrittaunap.com\/it\/grazie-alla-giornata-della-trasformazione\/","og_site_name":"heikebrittaunap.com","article_modified_time":"2025-01-20T12:45:06+00:00","og_image":[{"url":"https:\/\/heikebrittaunap.com\/wp-content\/uploads\/2023\/06\/Photo-mit-Goldrand-Punkten.png","type":"","width":"","height":""}],"twitter_card":"summary_large_image","twitter_misc":{"Tempo di lettura stimato":"1 minuto"},"schema":{"@context":"https:\/\/schema.org","@graph":[{"@type":"WebPage","@id":"https:\/\/heikebrittaunap.com\/danke-transformation-day\/","url":"https:\/\/heikebrittaunap.com\/danke-transformation-day\/","name":"grazie Giornata della trasformazione - heikebrittaunap.com","isPartOf":{"@id":"https:\/\/heikebrittaunap.com\/#website"},"primaryImageOfPage":{"@id":"https:\/\/heikebrittaunap.com\/danke-transformation-day\/#primaryimage"},"image":{"@id":"https:\/\/heikebrittaunap.com\/danke-transformation-day\/#primaryimage"},"thumbnailUrl":"https:\/\/heikebrittaunap.com\/wp-content\/uploads\/2023\/06\/Photo-mit-Goldrand-Punkten.png","datePublished":"2025-01-20T12:43:28+00:00","dateModified":"2025-01-20T12:45:06+00:00","breadcrumb":{"@id":"https:\/\/heikebrittaunap.com\/danke-transformation-day\/#breadcrumb"},"inLanguage":"it-IT","potentialAction":[{"@type":"ReadAction","target":["https:\/\/heikebrittaunap.com\/danke-transformation-day\/"]}]},{"@type":"ImageObject","inLanguage":"it-IT","@id":"https:\/\/heikebrittaunap.com\/danke-transformation-day\/#primaryimage","url":"https:\/\/heikebrittaunap.com\/wp-content\/uploads\/2023\/06\/Photo-mit-Goldrand-Punkten.png","contentUrl":"https:\/\/heikebrittaunap.com\/wp-content\/uploads\/2023\/06\/Photo-mit-Goldrand-Punkten.png"},{"@type":"BreadcrumbList","@id":"https:\/\/heikebrittaunap.com\/danke-transformation-day\/#breadcrumb","itemListElement":[{"@type":"ListItem","position":1,"name":"Startseite","item":"https:\/\/heikebrittaunap.com\/"},{"@type":"ListItem","position":2,"name":"danke Transformation Day"}]},{"@type":"WebSite","@id":"https:\/\/heikebrittaunap.com\/#website","url":"https:\/\/heikebrittaunap.com\/","name":"heikebrittaunap.com","description":"","potentialAction":[{"@type":"SearchAction","target":{"@type":"EntryPoint","urlTemplate":"https:\/\/heikebrittaunap.com\/?s={search_term_string}"},"query-input":{"@type":"PropertyValueSpecification","valueRequired":true,"valueName":"search_term_string"}}],"inLanguage":"it-IT"}]}},"_links":{"self":[{"href":"https:\/\/heikebrittaunap.com\/it\/wp-json\/wp\/v2\/pages\/2443","targetHints":{"allow":["GET"]}}],"collection":[{"href":"https:\/\/heikebrittaunap.com\/it\/wp-json\/wp\/v2\/pages"}],"about":[{"href":"https:\/\/heikebrittaunap.com\/it\/wp-json\/wp\/v2\/types\/page"}],"author":[{"embeddable":true,"href":"https:\/\/heikebrittaunap.com\/it\/wp-json\/wp\/v2\/users\/3"}],"replies":[{"embeddable":true,"href":"https:\/\/heikebrittaunap.com\/it\/wp-json\/wp\/v2\/comments?post=2443"}],"version-history":[{"count":3,"href":"https:\/\/heikebrittaunap.com\/it\/wp-json\/wp\/v2\/pages\/2443\/revisions"}],"predecessor-version":[{"id":2446,"href":"https:\/\/heikebrittaunap.com\/it\/wp-json\/wp\/v2\/pages\/2443\/revisions\/2446"}],"wp:attachment":[{"href":"https:\/\/heikebrittaunap.com\/it\/wp-json\/wp\/v2\/media?parent=2443"}],"curies":[{"name":"wp","href":"https:\/\/api.w.org\/{rel}","templated":true}]}}