{"id":2293,"date":"2024-12-18T11:10:26","date_gmt":"2024-12-18T10:10:26","guid":{"rendered":"https:\/\/heikebrittaunap.com\/?page_id=2293"},"modified":"2025-01-18T23:30:01","modified_gmt":"2025-01-18T22:30:01","slug":"contatto","status":"publish","type":"page","link":"https:\/\/heikebrittaunap.com\/it\/kontakt\/","title":{"rendered":"Contattateci"},"content":{"rendered":"<h1 style=\"\">Contattate <span style=\"font-family: Modernline; --tcb-applied-color: var$(--tcb-color-0) !important; color: var(--tcb-color-0) !important;\">Heike Britt<\/span><\/h1>\n<p style=\"\">E diventare l'opera d'arte delle vostre qualit\u00e0.<\/p>\n<p style=\"\">IL SUCCESSO, L'EQUILIBRIO E LA REALIZZAZIONE INIZIANO QUI.<\/p>\n<p><span style=\"\"><img decoding=\"async\" alt=\"Heike Britt Aunap Consulenza e coaching esecutivo\" data-id=\"1511\" width=\"400\" data-init-width=\"387\" height=\"529\" data-init-height=\"512\" title=\"Heike Britt Aunap Consulenza e coaching esecutivo \" loading=\"lazy\" src=\"https:\/\/heikebrittaunap.com\/wp-content\/uploads\/2024\/07\/Heike-Britt-Aunap-Kunstkistorikerin-und-Coach-mit-Charmat.png\" data-width=\"400\" data-height=\"529\" style=\"aspect-ratio: auto 387 \/ 512;\" mt-d=\"-11.421999999999912\" ml-d=\"0\" mt-t=\"0\" center-v-t=\"false\" ml-t=\"0\"><\/span><span style=\"\"><img decoding=\"async\" alt=\"Heike Britt Aunap Consulenza e coaching esecutivo\" data-id=\"2313\" width=\"361\" data-init-width=\"1200\" height=\"451\" data-init-height=\"1500\" title=\"Heike Britt Aunap Consulenza e coaching esecutivo\" loading=\"lazy\" src=\"https:\/\/heikebrittaunap.com\/wp-content\/uploads\/2024\/12\/HBA-Kontakt-1.png\" data-width=\"361\" data-height=\"451\" style=\"aspect-ratio: auto 1200 \/ 1500;\" mt-d=\"0\" ml-d=\"-1\" center-h-d=\"false\"><\/span><\/p>\n<p data-hide=\"true\" style=\"text-align: center;\">La mia missione<\/p>\n<p><span style=\"--tcb-applied-color: var$(--tcb-skin-color-5) !important; color: var(--tcb-skin-color-5) !important;\">Voglio offrire alle donne uno spazio per sviluppare le loro capacit\u00e0, per guidare con maggiore sicurezza e per raggiungere chiaramente i loro obiettivi.<\/span><span style=\"--tcb-applied-color: var$(--tcb-skin-color-5) !important; color: var(--tcb-skin-color-5) !important;\">Non si tratta solo di successo, ma anche di equilibrio, gioia e vita,<\/span><span style=\"--tcb-applied-color: var$(--tcb-skin-color-5) !important; color: var(--tcb-skin-color-5) !important;\"><\/span><span style=\"--tcb-applied-color: var$(--tcb-skin-color-5) !important; color: var(--tcb-skin-color-5) !important;\">che appaga davvero.<\/span><span><img decoding=\"async\" alt=\"Heike Britt Aunap Consulenza e coaching esecutivo\" data-id=\"1573\" width=\"325\" data-init-width=\"1535\" height=\"450\" data-init-height=\"2126\" title=\"Heike Britt Aunap Consulenza e coaching esecutivo\" loading=\"lazy\" src=\"https:\/\/heikebrittaunap.com\/wp-content\/uploads\/2024\/08\/URB_1465_13x18_KN.jpg\" data-width=\"325\" data-height=\"450\" style=\"aspect-ratio: auto 1535 \/ 2126;\"><\/span><\/p>\n<p style=\"\"><strong>Telefono<\/strong><\/p>\n<p style=\"\">+49 30 6782 7350<\/p>\n<p style=\"\"><strong>e-mail<\/strong><\/p>\n<p style=\"line-height: 1.75em !important;\">info(at)heikebrittaunap.com<\/p>\n<p style=\"\"><strong>Indirizzo<\/strong><\/p>\n<p style=\"line-height: 1.75em !important;\">Eiderstedter Weg 43a, 14129 Berlino<\/p>\n<h2 style=\"\">Chi segue la sua stella,<\/h2>\n<h2 style=\"\">non torner\u00e0 indietro.<\/h2>\n<h6 style=\"text-align: right;\">Leonardo da Vinci<\/h6>\n<h2 style=\"text-align: center;\">Sentitevi liberi di fare rete con me<\/h2>\n<p><span style=\"\"><a href=\"https:\/\/wa.me\/message\/CQJJXIDPDL3EC1\" target=\"_blank\" rel=\"\"><img decoding=\"async\" alt=\"\" data-id=\"2376\" width=\"60\" data-init-width=\"1168\" height=\"60\" data-init-height=\"1171\" title=\"Whatsapp\" loading=\"lazy\" src=\"https:\/\/heikebrittaunap.com\/wp-content\/uploads\/2024\/12\/Whatsapp.png\" data-width=\"60\" data-height=\"60\" style=\"aspect-ratio: auto 1168 \/ 1171;\" mt-d=\"0\" ml-d=\"0\" data-link-wrap=\"1\"><\/a><\/span><a href=\"https:\/\/wa.me\/message\/CQJJXIDPDL3EC1\" target=\"_blank\" rel=\"\" style=\"\"><\/p>\n<p style=\"\"><span style=\"--tcb-text-highlight-color: rgb(42, 187, 97) !important;\" data-text-highlight=\"none\">Messaggio diretto a Heike Britt<\/span><\/p>\n<p><\/a><span style=\"\"><a href=\"https:\/\/www.linkedin.com\/in\/heikebrittaunap\/\" target=\"_blank\" rel=\"\"><img decoding=\"async\" alt=\"\" data-id=\"2373\" width=\"60\" data-init-width=\"512\" height=\"60\" data-init-height=\"512\" title=\"linkedin_3536505\" loading=\"lazy\" src=\"https:\/\/heikebrittaunap.com\/wp-content\/uploads\/2024\/12\/linkedin_3536505.png\" data-width=\"60\" data-height=\"60\" style=\"aspect-ratio: auto 512 \/ 512;\" mt-d=\"0\" ml-d=\"0\" data-link-wrap=\"1\"><\/a><\/span><a href=\"https:\/\/www.linkedin.com\/in\/heikebrittaunap\/\" target=\"_blank\" rel=\"\" style=\"\"><\/p>\n<p style=\"\"><span style=\"--tcb-text-highlight-color: rgb(42, 187, 97) !important;\" data-text-highlight=\"none\">LinkedIn<\/span><\/p>\n<p><\/a><span style=\"\"><a href=\"https:\/\/www.instagram.com\/heikebrittaunap\/\" target=\"_blank\" rel=\"\"><img decoding=\"async\" alt=\"\" data-id=\"2372\" width=\"60\" data-init-width=\"512\" height=\"60\" data-init-height=\"512\" title=\"instagram_2111463\" loading=\"lazy\" src=\"https:\/\/heikebrittaunap.com\/wp-content\/uploads\/2024\/12\/instagram_2111463.png\" data-width=\"60\" data-height=\"60\" style=\"aspect-ratio: auto 512 \/ 512;\" mt-d=\"0\" ml-d=\"0\" data-link-wrap=\"1\"><\/a><\/span><a href=\"https:\/\/www.instagram.com\/heikebrittaunap\/\" target=\"_blank\" rel=\"\" style=\"\"><\/p>\n<p style=\"\"><span style=\"--tcb-text-highlight-color: rgb(42, 187, 97) !important;\" data-text-highlight=\"none\">Instagram<\/span><\/p>\n<p><\/a><span style=\"\"><a href=\"https:\/\/open.spotify.com\/show\/7Jtjgju2XPon3PMOd1Q7rt?si=f747a53b7e104192\" target=\"_blank\" rel=\"\"><img decoding=\"async\" alt=\"\" data-id=\"2377\" width=\"60\" data-init-width=\"512\" height=\"60\" data-init-height=\"512\" title=\"microfono\" loading=\"lazy\" src=\"https:\/\/heikebrittaunap.com\/wp-content\/uploads\/2024\/12\/microphone.png\" data-width=\"60\" data-height=\"60\" style=\"aspect-ratio: auto 512 \/ 512;\" mt-d=\"0\" ml-d=\"0\" data-link-wrap=\"1\"><\/a><\/span><a href=\"https:\/\/open.spotify.com\/show\/7Jtjgju2XPon3PMOd1Q7rt?si=f747a53b7e104192\" target=\"_blank\" rel=\"\" style=\"\"><\/p>\n<p style=\"\"><span style=\"--tcb-text-highlight-color: rgb(42, 187, 97) !important;\" data-text-highlight=\"none\">Podcast<\/span><\/p>\n<p><\/a><span style=\"\"><img decoding=\"async\" alt=\"\" data-id=\"2435\" width=\"534\" data-init-width=\"763\" height=\"554\" data-init-height=\"792\" title=\"Immagine - Contatto\" loading=\"lazy\" src=\"https:\/\/heikebrittaunap.com\/wp-content\/uploads\/2025\/01\/Picture-Kontakt.png\" data-width=\"534\" data-height=\"554\" style=\"aspect-ratio: auto 763 \/ 792;\" ml-d=\"0\" mt-d=\"-1.780999999999949\"><\/span><\/p>","protected":false},"excerpt":{"rendered":"<p>Get in touch with Heike Britt Und werde zum KUNSTwerk deiner Eigenschaften. ERFOLG, BALANCE UND ERF\u00dcLLUNG BEGINNT HIER. Meine Mission Ich m\u00f6chte Frauen einen Raum bieten, ihre F\u00e4higkeiten zu entfalten, selbstbewusster zu f\u00fchren und ihre Ziele klar zu erreichen.Dabei geht es um mehr als Erfolg \u2013 es geht um Balance, Freude und ein Leben,das wirklich [&hellip;]<\/p>\n","protected":false},"author":3,"featured_media":1590,"parent":0,"menu_order":0,"comment_status":"closed","ping_status":"closed","template":"","meta":{"footnotes":""},"class_list":["post-2293","page","type-page","status-publish","has-post-thumbnail","hentry","post-wrapper","thrv_wrapper"],"yoast_head":"<!-- This site is optimized with the Yoast SEO plugin v27.5 - https:\/\/yoast.com\/product\/yoast-seo-wordpress\/ -->\n<title>Kontakt | Heike Britt Aunap<\/title>\n<meta name=\"description\" content=\"Ich unterst\u00fctze weibliche F\u00fchrungskr\u00e4fte dabei, Selbstsicherheit zu gewinnen &amp; ihr Team zu inspirieren \u2013 f\u00fcr authentische &amp; nachhaltige F\u00fchrung.\" \/>\n<meta name=\"robots\" content=\"index, follow, max-snippet:-1, max-image-preview:large, max-video-preview:-1\" \/>\n<link rel=\"canonical\" href=\"https:\/\/heikebrittaunap.com\/it\/contatto\/\" \/>\n<meta property=\"og:locale\" content=\"it_IT\" \/>\n<meta property=\"og:type\" content=\"article\" \/>\n<meta property=\"og:title\" content=\"Kontakt | Heike Britt Aunap\" \/>\n<meta property=\"og:description\" content=\"Ich unterst\u00fctze weibliche F\u00fchrungskr\u00e4fte dabei, Selbstsicherheit zu gewinnen &amp; ihr Team zu inspirieren \u2013 f\u00fcr authentische &amp; nachhaltige F\u00fchrung.\" \/>\n<meta property=\"og:url\" content=\"https:\/\/heikebrittaunap.com\/it\/contatto\/\" \/>\n<meta property=\"og:site_name\" content=\"heikebrittaunap.com\" \/>\n<meta property=\"article:modified_time\" content=\"2025-01-18T22:30:01+00:00\" \/>\n<meta property=\"og:image\" content=\"https:\/\/heikebrittaunap.com\/wp-content\/uploads\/2024\/08\/Portraet-gruen-hoch-coaching-page.jpg\" \/>\n\t<meta property=\"og:image:width\" content=\"1535\" \/>\n\t<meta property=\"og:image:height\" content=\"2126\" \/>\n\t<meta property=\"og:image:type\" content=\"image\/jpeg\" \/>\n<meta name=\"twitter:card\" content=\"summary_large_image\" \/>\n<meta name=\"twitter:label1\" content=\"Tempo di lettura stimato\" \/>\n\t<meta name=\"twitter:data1\" content=\"3 minuti\" \/>\n<script type=\"application\/ld+json\" class=\"yoast-schema-graph\">{\"@context\":\"https:\\\/\\\/schema.org\",\"@graph\":[{\"@type\":\"WebPage\",\"@id\":\"https:\\\/\\\/heikebrittaunap.com\\\/kontakt\\\/\",\"url\":\"https:\\\/\\\/heikebrittaunap.com\\\/kontakt\\\/\",\"name\":\"Kontakt | Heike Britt Aunap\",\"isPartOf\":{\"@id\":\"https:\\\/\\\/heikebrittaunap.com\\\/#website\"},\"primaryImageOfPage\":{\"@id\":\"https:\\\/\\\/heikebrittaunap.com\\\/kontakt\\\/#primaryimage\"},\"image\":{\"@id\":\"https:\\\/\\\/heikebrittaunap.com\\\/kontakt\\\/#primaryimage\"},\"thumbnailUrl\":\"https:\\\/\\\/heikebrittaunap.com\\\/wp-content\\\/uploads\\\/2024\\\/08\\\/Portraet-gruen-hoch-coaching-page.jpg\",\"datePublished\":\"2024-12-18T10:10:26+00:00\",\"dateModified\":\"2025-01-18T22:30:01+00:00\",\"description\":\"Ich unterst\u00fctze weibliche F\u00fchrungskr\u00e4fte dabei, Selbstsicherheit zu gewinnen & ihr Team zu inspirieren \u2013 f\u00fcr authentische & nachhaltige F\u00fchrung.\",\"breadcrumb\":{\"@id\":\"https:\\\/\\\/heikebrittaunap.com\\\/kontakt\\\/#breadcrumb\"},\"inLanguage\":\"it-IT\",\"potentialAction\":[{\"@type\":\"ReadAction\",\"target\":[\"https:\\\/\\\/heikebrittaunap.com\\\/kontakt\\\/\"]}]},{\"@type\":\"ImageObject\",\"inLanguage\":\"it-IT\",\"@id\":\"https:\\\/\\\/heikebrittaunap.com\\\/kontakt\\\/#primaryimage\",\"url\":\"https:\\\/\\\/heikebrittaunap.com\\\/wp-content\\\/uploads\\\/2024\\\/08\\\/Portraet-gruen-hoch-coaching-page.jpg\",\"contentUrl\":\"https:\\\/\\\/heikebrittaunap.com\\\/wp-content\\\/uploads\\\/2024\\\/08\\\/Portraet-gruen-hoch-coaching-page.jpg\",\"width\":1535,\"height\":2126},{\"@type\":\"BreadcrumbList\",\"@id\":\"https:\\\/\\\/heikebrittaunap.com\\\/kontakt\\\/#breadcrumb\",\"itemListElement\":[{\"@type\":\"ListItem\",\"position\":1,\"name\":\"Startseite\",\"item\":\"https:\\\/\\\/heikebrittaunap.com\\\/\"},{\"@type\":\"ListItem\",\"position\":2,\"name\":\"Kontakt\"}]},{\"@type\":\"WebSite\",\"@id\":\"https:\\\/\\\/heikebrittaunap.com\\\/#website\",\"url\":\"https:\\\/\\\/heikebrittaunap.com\\\/\",\"name\":\"heikebrittaunap.com\",\"description\":\"\",\"potentialAction\":[{\"@type\":\"SearchAction\",\"target\":{\"@type\":\"EntryPoint\",\"urlTemplate\":\"https:\\\/\\\/heikebrittaunap.com\\\/?s={search_term_string}\"},\"query-input\":{\"@type\":\"PropertyValueSpecification\",\"valueRequired\":true,\"valueName\":\"search_term_string\"}}],\"inLanguage\":\"it-IT\"}]}<\/script>\n<!-- \/ Yoast SEO plugin. -->","yoast_head_json":{"title":"Contatto | Heike Britt Aunap","description":"Sostengo le donne manager nell'acquisire fiducia in se stesse e nell'ispirare il proprio team, per una leadership autentica e sostenibile.","robots":{"index":"index","follow":"follow","max-snippet":"max-snippet:-1","max-image-preview":"max-image-preview:large","max-video-preview":"max-video-preview:-1"},"canonical":"https:\/\/heikebrittaunap.com\/it\/contatto\/","og_locale":"it_IT","og_type":"article","og_title":"Kontakt | Heike Britt Aunap","og_description":"Ich unterst\u00fctze weibliche F\u00fchrungskr\u00e4fte dabei, Selbstsicherheit zu gewinnen & ihr Team zu inspirieren \u2013 f\u00fcr authentische & nachhaltige F\u00fchrung.","og_url":"https:\/\/heikebrittaunap.com\/it\/contatto\/","og_site_name":"heikebrittaunap.com","article_modified_time":"2025-01-18T22:30:01+00:00","og_image":[{"width":1535,"height":2126,"url":"https:\/\/heikebrittaunap.com\/wp-content\/uploads\/2024\/08\/Portraet-gruen-hoch-coaching-page.jpg","type":"image\/jpeg"}],"twitter_card":"summary_large_image","twitter_misc":{"Tempo di lettura stimato":"3 minuti"},"schema":{"@context":"https:\/\/schema.org","@graph":[{"@type":"WebPage","@id":"https:\/\/heikebrittaunap.com\/kontakt\/","url":"https:\/\/heikebrittaunap.com\/kontakt\/","name":"Contatto | Heike Britt Aunap","isPartOf":{"@id":"https:\/\/heikebrittaunap.com\/#website"},"primaryImageOfPage":{"@id":"https:\/\/heikebrittaunap.com\/kontakt\/#primaryimage"},"image":{"@id":"https:\/\/heikebrittaunap.com\/kontakt\/#primaryimage"},"thumbnailUrl":"https:\/\/heikebrittaunap.com\/wp-content\/uploads\/2024\/08\/Portraet-gruen-hoch-coaching-page.jpg","datePublished":"2024-12-18T10:10:26+00:00","dateModified":"2025-01-18T22:30:01+00:00","description":"Sostengo le donne manager nell'acquisire fiducia in se stesse e nell'ispirare il proprio team, per una leadership autentica e sostenibile.","breadcrumb":{"@id":"https:\/\/heikebrittaunap.com\/kontakt\/#breadcrumb"},"inLanguage":"it-IT","potentialAction":[{"@type":"ReadAction","target":["https:\/\/heikebrittaunap.com\/kontakt\/"]}]},{"@type":"ImageObject","inLanguage":"it-IT","@id":"https:\/\/heikebrittaunap.com\/kontakt\/#primaryimage","url":"https:\/\/heikebrittaunap.com\/wp-content\/uploads\/2024\/08\/Portraet-gruen-hoch-coaching-page.jpg","contentUrl":"https:\/\/heikebrittaunap.com\/wp-content\/uploads\/2024\/08\/Portraet-gruen-hoch-coaching-page.jpg","width":1535,"height":2126},{"@type":"BreadcrumbList","@id":"https:\/\/heikebrittaunap.com\/kontakt\/#breadcrumb","itemListElement":[{"@type":"ListItem","position":1,"name":"Startseite","item":"https:\/\/heikebrittaunap.com\/"},{"@type":"ListItem","position":2,"name":"Kontakt"}]},{"@type":"WebSite","@id":"https:\/\/heikebrittaunap.com\/#website","url":"https:\/\/heikebrittaunap.com\/","name":"heikebrittaunap.com","description":"","potentialAction":[{"@type":"SearchAction","target":{"@type":"EntryPoint","urlTemplate":"https:\/\/heikebrittaunap.com\/?s={search_term_string}"},"query-input":{"@type":"PropertyValueSpecification","valueRequired":true,"valueName":"search_term_string"}}],"inLanguage":"it-IT"}]}},"_links":{"self":[{"href":"https:\/\/heikebrittaunap.com\/it\/wp-json\/wp\/v2\/pages\/2293","targetHints":{"allow":["GET"]}}],"collection":[{"href":"https:\/\/heikebrittaunap.com\/it\/wp-json\/wp\/v2\/pages"}],"about":[{"href":"https:\/\/heikebrittaunap.com\/it\/wp-json\/wp\/v2\/types\/page"}],"author":[{"embeddable":true,"href":"https:\/\/heikebrittaunap.com\/it\/wp-json\/wp\/v2\/users\/3"}],"replies":[{"embeddable":true,"href":"https:\/\/heikebrittaunap.com\/it\/wp-json\/wp\/v2\/comments?post=2293"}],"version-history":[{"count":10,"href":"https:\/\/heikebrittaunap.com\/it\/wp-json\/wp\/v2\/pages\/2293\/revisions"}],"predecessor-version":[{"id":2436,"href":"https:\/\/heikebrittaunap.com\/it\/wp-json\/wp\/v2\/pages\/2293\/revisions\/2436"}],"wp:featuredmedia":[{"embeddable":true,"href":"https:\/\/heikebrittaunap.com\/it\/wp-json\/wp\/v2\/media\/1590"}],"wp:attachment":[{"href":"https:\/\/heikebrittaunap.com\/it\/wp-json\/wp\/v2\/media?parent=2293"}],"curies":[{"name":"wp","href":"https:\/\/api.w.org\/{rel}","templated":true}]}}