{"id":2099,"date":"2024-12-03T10:15:19","date_gmt":"2024-12-03T09:15:19","guid":{"rendered":"https:\/\/heikebrittaunap.com\/?page_id=2099"},"modified":"2024-12-10T21:43:51","modified_gmt":"2024-12-10T20:43:51","slug":"lista-di-controllo-in-5-fasi","status":"publish","type":"page","link":"https:\/\/heikebrittaunap.com\/it\/5-schritte-checkliste\/","title":{"rendered":"Checklist in 5 passi per donne leader"},"content":{"rendered":"<h5 style=\"\"><strong><b>Per CEO e donne in ruoli di responsabilit\u00e0<\/b><\/strong><\/h5>\n<h1 style=\"\">Successo senza dubbi: la checklist in 5 passi per donne leader<\/h1>\n<p>Il dubbio di te e la sensazione di \u201cnon essere abbastanza\u201d frenano anche le leader pi\u00f9 talentuose.\n\u00c8 il momento di cambiare: questa checklist ti aiuta a ritrovare fiducia, chiarezza e presenza.<span style=\"\"><img decoding=\"async\" alt=\"\" data-id=\"2103\" width=\"571\" data-init-width=\"1000\" height=\"385\" data-init-height=\"675\" title=\"Mockup Ebook finale\" loading=\"lazy\" src=\"https:\/\/heikebrittaunap.com\/wp-content\/uploads\/2024\/11\/Mockup-Ebook-final.png\" data-width=\"571\" data-height=\"385\" style=\"aspect-ratio: auto 1000 \/ 675;\" mt-d=\"0\" ml-d=\"-4\"><\/span><\/p>\n<h5 style=\"\">La&nbsp;<strong>checklist ti mostra<\/strong> come:<\/h5>\n<ul>\n<li style=\"\"><span style=\"\">lasciare alle spalle l\u2019auto-dubbio e rafforzare la fiducia in te stessa<\/span><\/li>\n<li style=\"\"><span style=\"\">raggiungere obiettivi professionali senza sacrificare la tua vita privata<\/span><\/li>\n<li><span style=\"\">guidare con autenticit\u00e0 e convincere con presenza e autorevolezza&nbsp;<\/span><\/li>\n<li><span><strong><span style=\"--tcb-applied-color: var$(--tcb-color-0) !important; color: var(--tcb-color-0) !important;\">BONUS<\/span><\/strong>: la roadmap <strong>Successo senza dubbi<\/strong> da stampare e usare ogni giorno&nbsp;<\/span><\/li>\n<\/ul>\n<h3 style=\"\">Ciao, sono Heike Britt<\/h3>\n<p style=\"\">Come <strong>career coach ed executive coach<\/strong>, ti aiuto a rafforzare sicurezza e autorevolezza nel tuo ruolo di leader.<\/p>\n<p style=\"\">nsieme troviamo un percorso chiaro, perch\u00e9 tu possa:<\/p>\n<ul>\n<li style=\"\">essere pi\u00f9 visibile come leader<\/li>\n<li style=\"\">riconoscere i tuoi punti di forza e usarli con precisione<\/li>\n<li style=\"\">spirare il tuo team \u2014 senza perdere te stessa<\/li>\n<\/ul>\n<p style=\"\">Portiamo la tua leadership al livello successivo<\/p>\n<p><span style=\"\"><img decoding=\"async\" alt=\"\" data-id=\"1573\" width=\"427\" data-init-width=\"1535\" height=\"592\" data-init-height=\"2126\" title=\"URB_1465_13x18_KN\" loading=\"lazy\" src=\"https:\/\/heikebrittaunap.com\/wp-content\/uploads\/2024\/08\/URB_1465_13x18_KN.jpg\" data-width=\"427\" data-height=\"592\" style=\"aspect-ratio: auto 1535 \/ 2126;\" mt-d=\"-41.41300000000001\" ml-d=\"0\"><\/span><\/p>\n<h3 \"=\"\" style=\"text-align: center;\" tve-droppable\"=\"\">Dicono di me:<\/h3>\n<p><span><img decoding=\"async\" alt=\"\" data-id=\"180\" width=\"633\" data-init-width=\"857\" height=\"244\" data-init-height=\"330\" title=\"Esperto comprovato-3\" loading=\"lazy\" src=\"https:\/\/heikebrittaunap.com\/wp-content\/uploads\/2023\/06\/Proven-Expert-3.png\" data-width=\"633\" data-height=\"244\" style=\"aspect-ratio: auto 857 \/ 330;\"><\/span><span><img decoding=\"async\" alt=\"\" data-id=\"179\" width=\"633\" data-init-width=\"857\" height=\"256\" data-init-height=\"347\" title=\"Esperto comprovato-2\" loading=\"lazy\" src=\"https:\/\/heikebrittaunap.com\/wp-content\/uploads\/2023\/06\/Proven-Expert-2.png\" data-width=\"633\" data-height=\"256\" style=\"aspect-ratio: auto 857 \/ 347;\"><\/span><span><img decoding=\"async\" alt=\"\" data-id=\"181\" width=\"633\" data-init-width=\"852\" height=\"273\" data-init-height=\"368\" title=\"Esperto comprovato-13\" loading=\"lazy\" src=\"https:\/\/heikebrittaunap.com\/wp-content\/uploads\/2023\/06\/Proven-Expert-13.png\" data-width=\"633\" data-height=\"273\" style=\"aspect-ratio: auto 852 \/ 368;\"><\/span><span><img decoding=\"async\" alt=\"\" data-id=\"181\" width=\"633\" data-init-width=\"852\" height=\"273\" data-init-height=\"368\" title=\"Esperto comprovato-13\" loading=\"lazy\" src=\"https:\/\/heikebrittaunap.com\/wp-content\/uploads\/2023\/06\/Proven-Expert-13.png\" data-width=\"633\" data-height=\"273\" style=\"aspect-ratio: auto 852 \/ 368;\"><\/span><\/p>","protected":false},"excerpt":{"rendered":"<p>F\u00fcr CEOs &#038; F\u00fchrungskr\u00e4fte Erfolg ohne Selbstzweifel: Die 5-Schritte-Checkliste f\u00fcr weibliche F\u00fchrungskr\u00e4fte Selbstzweifel und das Gef\u00fchl, nicht gut genug zu sein,bremsen viele talentierte F\u00fchrungskr\u00e4fte aus. Es ist Zeit, das zu \u00e4ndern! Die&nbsp;5-Schritte-Checkliste zeigt dir: wie du Selbstzweifel hinter dir l\u00e4sst und dein Selbstvertrauen st\u00e4rkst wie du berufliche Ziele erreichst ohne auf dein Privatleben zu verzichten [&hellip;]<\/p>\n","protected":false},"author":3,"featured_media":0,"parent":0,"menu_order":0,"comment_status":"closed","ping_status":"closed","template":"","meta":{"footnotes":""},"class_list":["post-2099","page","type-page","status-publish","hentry","post-wrapper","thrv_wrapper"],"yoast_head":"<!-- This site is optimized with the Yoast SEO plugin v27.5 - https:\/\/yoast.com\/product\/yoast-seo-wordpress\/ -->\n<title>5 Schritte Checkliste LP - heikebrittaunap.com<\/title>\n<meta name=\"robots\" content=\"noindex, follow\" \/>\n<meta property=\"og:locale\" content=\"it_IT\" \/>\n<meta property=\"og:type\" content=\"article\" \/>\n<meta property=\"og:title\" content=\"5 Schritte Checkliste LP - heikebrittaunap.com\" \/>\n<meta property=\"og:description\" content=\"F\u00fcr CEOs &amp; F\u00fchrungskr\u00e4fte Erfolg ohne Selbstzweifel: Die 5-Schritte-Checkliste f\u00fcr weibliche F\u00fchrungskr\u00e4fte Selbstzweifel und das Gef\u00fchl, nicht gut genug zu sein,bremsen viele talentierte F\u00fchrungskr\u00e4fte aus. Es ist Zeit, das zu \u00e4ndern! Die&nbsp;5-Schritte-Checkliste zeigt dir: wie du Selbstzweifel hinter dir l\u00e4sst und dein Selbstvertrauen st\u00e4rkst wie du berufliche Ziele erreichst ohne auf dein Privatleben zu verzichten [&hellip;]\" \/>\n<meta property=\"og:url\" content=\"https:\/\/heikebrittaunap.com\/it\/lista-di-controllo-in-5-fasi\/\" \/>\n<meta property=\"og:site_name\" content=\"heikebrittaunap.com\" \/>\n<meta property=\"article:modified_time\" content=\"2024-12-10T20:43:51+00:00\" \/>\n<meta property=\"og:image\" content=\"https:\/\/heikebrittaunap.com\/wp-content\/uploads\/2024\/11\/Mockup-Ebook-final.png\" \/>\n<meta name=\"twitter:card\" content=\"summary_large_image\" \/>\n<meta name=\"twitter:label1\" content=\"Tempo di lettura stimato\" \/>\n\t<meta name=\"twitter:data1\" content=\"3 minuti\" \/>\n<script type=\"application\/ld+json\" class=\"yoast-schema-graph\">{\"@context\":\"https:\\\/\\\/schema.org\",\"@graph\":[{\"@type\":\"WebPage\",\"@id\":\"https:\\\/\\\/heikebrittaunap.com\\\/5-schritte-checkliste\\\/\",\"url\":\"https:\\\/\\\/heikebrittaunap.com\\\/5-schritte-checkliste\\\/\",\"name\":\"5 Schritte Checkliste LP - heikebrittaunap.com\",\"isPartOf\":{\"@id\":\"https:\\\/\\\/heikebrittaunap.com\\\/#website\"},\"primaryImageOfPage\":{\"@id\":\"https:\\\/\\\/heikebrittaunap.com\\\/5-schritte-checkliste\\\/#primaryimage\"},\"image\":{\"@id\":\"https:\\\/\\\/heikebrittaunap.com\\\/5-schritte-checkliste\\\/#primaryimage\"},\"thumbnailUrl\":\"https:\\\/\\\/heikebrittaunap.com\\\/wp-content\\\/uploads\\\/2024\\\/11\\\/Mockup-Ebook-final.png\",\"datePublished\":\"2024-12-03T09:15:19+00:00\",\"dateModified\":\"2024-12-10T20:43:51+00:00\",\"breadcrumb\":{\"@id\":\"https:\\\/\\\/heikebrittaunap.com\\\/5-schritte-checkliste\\\/#breadcrumb\"},\"inLanguage\":\"it-IT\",\"potentialAction\":[{\"@type\":\"ReadAction\",\"target\":[\"https:\\\/\\\/heikebrittaunap.com\\\/5-schritte-checkliste\\\/\"]}]},{\"@type\":\"ImageObject\",\"inLanguage\":\"it-IT\",\"@id\":\"https:\\\/\\\/heikebrittaunap.com\\\/5-schritte-checkliste\\\/#primaryimage\",\"url\":\"https:\\\/\\\/heikebrittaunap.com\\\/wp-content\\\/uploads\\\/2024\\\/11\\\/Mockup-Ebook-final.png\",\"contentUrl\":\"https:\\\/\\\/heikebrittaunap.com\\\/wp-content\\\/uploads\\\/2024\\\/11\\\/Mockup-Ebook-final.png\"},{\"@type\":\"BreadcrumbList\",\"@id\":\"https:\\\/\\\/heikebrittaunap.com\\\/5-schritte-checkliste\\\/#breadcrumb\",\"itemListElement\":[{\"@type\":\"ListItem\",\"position\":1,\"name\":\"Startseite\",\"item\":\"https:\\\/\\\/heikebrittaunap.com\\\/\"},{\"@type\":\"ListItem\",\"position\":2,\"name\":\"5 Schritte Checkliste LP\"}]},{\"@type\":\"WebSite\",\"@id\":\"https:\\\/\\\/heikebrittaunap.com\\\/#website\",\"url\":\"https:\\\/\\\/heikebrittaunap.com\\\/\",\"name\":\"heikebrittaunap.com\",\"description\":\"\",\"potentialAction\":[{\"@type\":\"SearchAction\",\"target\":{\"@type\":\"EntryPoint\",\"urlTemplate\":\"https:\\\/\\\/heikebrittaunap.com\\\/?s={search_term_string}\"},\"query-input\":{\"@type\":\"PropertyValueSpecification\",\"valueRequired\":true,\"valueName\":\"search_term_string\"}}],\"inLanguage\":\"it-IT\"}]}<\/script>\n<!-- \/ Yoast SEO plugin. -->","yoast_head_json":{"title":"Lista di controllo in 5 passi LP - heikebrittaunap.com","robots":{"index":"noindex","follow":"follow"},"og_locale":"it_IT","og_type":"article","og_title":"5 Schritte Checkliste LP - heikebrittaunap.com","og_description":"F\u00fcr CEOs & F\u00fchrungskr\u00e4fte Erfolg ohne Selbstzweifel: Die 5-Schritte-Checkliste f\u00fcr weibliche F\u00fchrungskr\u00e4fte Selbstzweifel und das Gef\u00fchl, nicht gut genug zu sein,bremsen viele talentierte F\u00fchrungskr\u00e4fte aus. Es ist Zeit, das zu \u00e4ndern! Die&nbsp;5-Schritte-Checkliste zeigt dir: wie du Selbstzweifel hinter dir l\u00e4sst und dein Selbstvertrauen st\u00e4rkst wie du berufliche Ziele erreichst ohne auf dein Privatleben zu verzichten [&hellip;]","og_url":"https:\/\/heikebrittaunap.com\/it\/lista-di-controllo-in-5-fasi\/","og_site_name":"heikebrittaunap.com","article_modified_time":"2024-12-10T20:43:51+00:00","og_image":[{"url":"https:\/\/heikebrittaunap.com\/wp-content\/uploads\/2024\/11\/Mockup-Ebook-final.png","type":"","width":"","height":""}],"twitter_card":"summary_large_image","twitter_misc":{"Tempo di lettura stimato":"3 minuti"},"schema":{"@context":"https:\/\/schema.org","@graph":[{"@type":"WebPage","@id":"https:\/\/heikebrittaunap.com\/5-schritte-checkliste\/","url":"https:\/\/heikebrittaunap.com\/5-schritte-checkliste\/","name":"Lista di controllo in 5 passi LP - heikebrittaunap.com","isPartOf":{"@id":"https:\/\/heikebrittaunap.com\/#website"},"primaryImageOfPage":{"@id":"https:\/\/heikebrittaunap.com\/5-schritte-checkliste\/#primaryimage"},"image":{"@id":"https:\/\/heikebrittaunap.com\/5-schritte-checkliste\/#primaryimage"},"thumbnailUrl":"https:\/\/heikebrittaunap.com\/wp-content\/uploads\/2024\/11\/Mockup-Ebook-final.png","datePublished":"2024-12-03T09:15:19+00:00","dateModified":"2024-12-10T20:43:51+00:00","breadcrumb":{"@id":"https:\/\/heikebrittaunap.com\/5-schritte-checkliste\/#breadcrumb"},"inLanguage":"it-IT","potentialAction":[{"@type":"ReadAction","target":["https:\/\/heikebrittaunap.com\/5-schritte-checkliste\/"]}]},{"@type":"ImageObject","inLanguage":"it-IT","@id":"https:\/\/heikebrittaunap.com\/5-schritte-checkliste\/#primaryimage","url":"https:\/\/heikebrittaunap.com\/wp-content\/uploads\/2024\/11\/Mockup-Ebook-final.png","contentUrl":"https:\/\/heikebrittaunap.com\/wp-content\/uploads\/2024\/11\/Mockup-Ebook-final.png"},{"@type":"BreadcrumbList","@id":"https:\/\/heikebrittaunap.com\/5-schritte-checkliste\/#breadcrumb","itemListElement":[{"@type":"ListItem","position":1,"name":"Startseite","item":"https:\/\/heikebrittaunap.com\/"},{"@type":"ListItem","position":2,"name":"5 Schritte Checkliste LP"}]},{"@type":"WebSite","@id":"https:\/\/heikebrittaunap.com\/#website","url":"https:\/\/heikebrittaunap.com\/","name":"heikebrittaunap.com","description":"","potentialAction":[{"@type":"SearchAction","target":{"@type":"EntryPoint","urlTemplate":"https:\/\/heikebrittaunap.com\/?s={search_term_string}"},"query-input":{"@type":"PropertyValueSpecification","valueRequired":true,"valueName":"search_term_string"}}],"inLanguage":"it-IT"}]}},"_links":{"self":[{"href":"https:\/\/heikebrittaunap.com\/it\/wp-json\/wp\/v2\/pages\/2099","targetHints":{"allow":["GET"]}}],"collection":[{"href":"https:\/\/heikebrittaunap.com\/it\/wp-json\/wp\/v2\/pages"}],"about":[{"href":"https:\/\/heikebrittaunap.com\/it\/wp-json\/wp\/v2\/types\/page"}],"author":[{"embeddable":true,"href":"https:\/\/heikebrittaunap.com\/it\/wp-json\/wp\/v2\/users\/3"}],"replies":[{"embeddable":true,"href":"https:\/\/heikebrittaunap.com\/it\/wp-json\/wp\/v2\/comments?post=2099"}],"version-history":[{"count":10,"href":"https:\/\/heikebrittaunap.com\/it\/wp-json\/wp\/v2\/pages\/2099\/revisions"}],"predecessor-version":[{"id":2265,"href":"https:\/\/heikebrittaunap.com\/it\/wp-json\/wp\/v2\/pages\/2099\/revisions\/2265"}],"wp:attachment":[{"href":"https:\/\/heikebrittaunap.com\/it\/wp-json\/wp\/v2\/media?parent=2099"}],"curies":[{"name":"wp","href":"https:\/\/api.w.org\/{rel}","templated":true}]}}