{"id":2004,"date":"2024-10-15T00:31:27","date_gmt":"2024-10-14T22:31:27","guid":{"rendered":"https:\/\/heikebrittaunap.com\/?page_id=2004"},"modified":"2025-11-06T01:12:08","modified_gmt":"2025-11-06T00:12:08","slug":"0e-offerta","status":"publish","type":"page","link":"https:\/\/heikebrittaunap.com\/it\/0e-angebot\/","title":{"rendered":"0\u20ac offerta"},"content":{"rendered":"<h1 style=\"\"><b>Executive Coaching in Italien <\/b><\/h1>\n<h3 style=\"\"><b>Stelle dir vor, du kehrst zur\u00fcck in deinen Alltag, voller Energie, klaren Gedanken und einem tiefen Verst\u00e4ndnis f\u00fcr deine pers\u00f6nlichen und beruflichen Ziele.<\/b><\/h3>\n<p><strong>Das w\u00fcnscht Du Du Dir?<\/strong><\/p>\n<p><span style=\"font-weight: var(--g-regular-weight, normal);\">Dann komm mit uns nach Italien und kehre gest\u00e4rkt, inspiriert und mit konkreten Strategien f\u00fcr nachhaltigen Erfolg nach Hause zur\u00fcck.<\/span><\/p>\n<h1 style=\"text-align: center;\"><b>Die perfekte Basis f\u00fcr deinen n\u00e4chsten Schritt<\/b><\/h1>\n<p><b>Entdecke wertvolle Ressourcen,<\/b><b>die dich gezielt unterst\u00fctzen, deine Ziele zu erreichen.<\/b><b>Von fundiertem Wissen bis hin zu praktischen Tools und Inspiration<\/b><b>f\u00fcr deinen Weg zum Erfolg.<\/b><span><img decoding=\"async\" alt=\"\" data-id=\"829\" width=\"772\" height=\"737\" title=\"TV 2\" src=\"https:\/\/heikebrittaunap.com\/wp-content\/uploads\/2024\/04\/TV-2.png\" data-src=\"https:\/\/heikebrittaunap.com\/wp-content\/uploads\/2024\/04\/TV-2-300x286.png\" loading=\"lazy\" data-sizes=\"{&quot;thumbnail&quot;:{&quot;height&quot;:150,&quot;width&quot;:150,&quot;url&quot;:&quot;https:\/\/heikebrittaunap.com\/wp-content\/uploads\/2024\/04\/TV-2-150x150.png&quot;,&quot;orientation&quot;:&quot;landscape&quot;},&quot;medium&quot;:{&quot;height&quot;:286,&quot;width&quot;:300,&quot;url&quot;:&quot;https:\/\/heikebrittaunap.com\/wp-content\/uploads\/2024\/04\/TV-2-300x286.png&quot;,&quot;orientation&quot;:&quot;landscape&quot;},&quot;full&quot;:{&quot;url&quot;:&quot;https:\/\/heikebrittaunap.com\/wp-content\/uploads\/2024\/04\/TV-2.png&quot;,&quot;height&quot;:737,&quot;width&quot;:772,&quot;orientation&quot;:&quot;landscape&quot;}}\"><\/span><span><img decoding=\"async\" alt=\"\" data-id=\"827\" width=\"772\" height=\"737\" title=\"Berliner Morgenpost\" src=\"https:\/\/heikebrittaunap.com\/wp-content\/uploads\/2024\/04\/Berliner-Morgenpost.png\" data-src=\"https:\/\/heikebrittaunap.com\/wp-content\/uploads\/2024\/04\/Berliner-Morgenpost-300x286.png\" loading=\"lazy\" data-sizes=\"{&quot;thumbnail&quot;:{&quot;height&quot;:150,&quot;width&quot;:150,&quot;url&quot;:&quot;https:\/\/heikebrittaunap.com\/wp-content\/uploads\/2024\/04\/Berliner-Morgenpost-150x150.png&quot;,&quot;orientation&quot;:&quot;landscape&quot;},&quot;medium&quot;:{&quot;height&quot;:286,&quot;width&quot;:300,&quot;url&quot;:&quot;https:\/\/heikebrittaunap.com\/wp-content\/uploads\/2024\/04\/Berliner-Morgenpost-300x286.png&quot;,&quot;orientation&quot;:&quot;landscape&quot;},&quot;full&quot;:{&quot;url&quot;:&quot;https:\/\/heikebrittaunap.com\/wp-content\/uploads\/2024\/04\/Berliner-Morgenpost.png&quot;,&quot;height&quot;:737,&quot;width&quot;:772,&quot;orientation&quot;:&quot;landscape&quot;}}\"><\/span><span><img decoding=\"async\" alt=\"\" data-id=\"828\" width=\"772\" height=\"737\" title=\"Certify Coach\" src=\"https:\/\/heikebrittaunap.com\/wp-content\/uploads\/2024\/04\/Certify-Coach.png\" data-src=\"https:\/\/heikebrittaunap.com\/wp-content\/uploads\/2024\/04\/Certify-Coach-300x286.png\" loading=\"lazy\" data-sizes=\"{&quot;thumbnail&quot;:{&quot;height&quot;:150,&quot;width&quot;:150,&quot;url&quot;:&quot;https:\/\/heikebrittaunap.com\/wp-content\/uploads\/2024\/04\/Certify-Coach-150x150.png&quot;,&quot;orientation&quot;:&quot;landscape&quot;},&quot;medium&quot;:{&quot;height&quot;:286,&quot;width&quot;:300,&quot;url&quot;:&quot;https:\/\/heikebrittaunap.com\/wp-content\/uploads\/2024\/04\/Certify-Coach-300x286.png&quot;,&quot;orientation&quot;:&quot;landscape&quot;},&quot;full&quot;:{&quot;url&quot;:&quot;https:\/\/heikebrittaunap.com\/wp-content\/uploads\/2024\/04\/Certify-Coach.png&quot;,&quot;height&quot;:737,&quot;width&quot;:772,&quot;orientation&quot;:&quot;landscape&quot;}}\"><\/span><span><img decoding=\"async\" alt=\"\" data-id=\"826\" width=\"772\" height=\"737\" title=\"Portal Kunstgeschichte\" src=\"https:\/\/heikebrittaunap.com\/wp-content\/uploads\/2024\/04\/Portal-Kunstgeschichte.png\" data-src=\"https:\/\/heikebrittaunap.com\/wp-content\/uploads\/2024\/04\/Portal-Kunstgeschichte-300x286.png\" loading=\"lazy\" data-sizes=\"{&quot;thumbnail&quot;:{&quot;height&quot;:150,&quot;width&quot;:150,&quot;url&quot;:&quot;https:\/\/heikebrittaunap.com\/wp-content\/uploads\/2024\/04\/Portal-Kunstgeschichte-150x150.png&quot;,&quot;orientation&quot;:&quot;landscape&quot;},&quot;medium&quot;:{&quot;height&quot;:286,&quot;width&quot;:300,&quot;url&quot;:&quot;https:\/\/heikebrittaunap.com\/wp-content\/uploads\/2024\/04\/Portal-Kunstgeschichte-300x286.png&quot;,&quot;orientation&quot;:&quot;landscape&quot;},&quot;full&quot;:{&quot;url&quot;:&quot;https:\/\/heikebrittaunap.com\/wp-content\/uploads\/2024\/04\/Portal-Kunstgeschichte.png&quot;,&quot;height&quot;:737,&quot;width&quot;:772,&quot;orientation&quot;:&quot;landscape&quot;}}\"><\/span><span><img decoding=\"async\" alt=\"\" data-id=\"825\" width=\"772\" height=\"737\" title=\"Scherer Daily\" src=\"https:\/\/heikebrittaunap.com\/wp-content\/uploads\/2024\/04\/Scherer-Daily.png\" data-src=\"https:\/\/heikebrittaunap.com\/wp-content\/uploads\/2024\/04\/Scherer-Daily-300x286.png\" loading=\"lazy\" data-sizes=\"{&quot;thumbnail&quot;:{&quot;height&quot;:150,&quot;width&quot;:150,&quot;url&quot;:&quot;https:\/\/heikebrittaunap.com\/wp-content\/uploads\/2024\/04\/Scherer-Daily-150x150.png&quot;,&quot;orientation&quot;:&quot;landscape&quot;},&quot;medium&quot;:{&quot;height&quot;:286,&quot;width&quot;:300,&quot;url&quot;:&quot;https:\/\/heikebrittaunap.com\/wp-content\/uploads\/2024\/04\/Scherer-Daily-300x286.png&quot;,&quot;orientation&quot;:&quot;landscape&quot;},&quot;full&quot;:{&quot;url&quot;:&quot;https:\/\/heikebrittaunap.com\/wp-content\/uploads\/2024\/04\/Scherer-Daily.png&quot;,&quot;height&quot;:737,&quot;width&quot;:772,&quot;orientation&quot;:&quot;landscape&quot;}}\"><\/span><span><img decoding=\"async\" alt=\"\" data-id=\"824\" width=\"772\" height=\"737\" title=\"Top Speaker\" src=\"https:\/\/heikebrittaunap.com\/wp-content\/uploads\/2024\/04\/Top-Speaker.png\" data-src=\"https:\/\/heikebrittaunap.com\/wp-content\/uploads\/2024\/04\/Top-Speaker-300x286.png\" loading=\"lazy\" data-sizes=\"{&quot;thumbnail&quot;:{&quot;height&quot;:150,&quot;width&quot;:150,&quot;url&quot;:&quot;https:\/\/heikebrittaunap.com\/wp-content\/uploads\/2024\/04\/Top-Speaker-150x150.png&quot;,&quot;orientation&quot;:&quot;landscape&quot;},&quot;medium&quot;:{&quot;height&quot;:286,&quot;width&quot;:300,&quot;url&quot;:&quot;https:\/\/heikebrittaunap.com\/wp-content\/uploads\/2024\/04\/Top-Speaker-300x286.png&quot;,&quot;orientation&quot;:&quot;landscape&quot;},&quot;full&quot;:{&quot;url&quot;:&quot;https:\/\/heikebrittaunap.com\/wp-content\/uploads\/2024\/04\/Top-Speaker.png&quot;,&quot;height&quot;:737,&quot;width&quot;:772,&quot;orientation&quot;:&quot;landscape&quot;}}\"><\/span><span><img decoding=\"async\" alt=\"\" data-id=\"823\" width=\"772\" height=\"737\" title=\"TV Mittelrhein\" src=\"https:\/\/heikebrittaunap.com\/wp-content\/uploads\/2024\/04\/TV-Mittelrhein.png\" data-src=\"https:\/\/heikebrittaunap.com\/wp-content\/uploads\/2024\/04\/TV-Mittelrhein-300x286.png\" loading=\"lazy\" data-sizes=\"{&quot;thumbnail&quot;:{&quot;height&quot;:150,&quot;width&quot;:150,&quot;url&quot;:&quot;https:\/\/heikebrittaunap.com\/wp-content\/uploads\/2024\/04\/TV-Mittelrhein-150x150.png&quot;,&quot;orientation&quot;:&quot;landscape&quot;},&quot;medium&quot;:{&quot;height&quot;:286,&quot;width&quot;:300,&quot;url&quot;:&quot;https:\/\/heikebrittaunap.com\/wp-content\/uploads\/2024\/04\/TV-Mittelrhein-300x286.png&quot;,&quot;orientation&quot;:&quot;landscape&quot;},&quot;full&quot;:{&quot;url&quot;:&quot;https:\/\/heikebrittaunap.com\/wp-content\/uploads\/2024\/04\/TV-Mittelrhein.png&quot;,&quot;height&quot;:737,&quot;width&quot;:772,&quot;orientation&quot;:&quot;landscape&quot;}}\"><\/span><span><img decoding=\"async\" alt=\"\" data-id=\"822\" width=\"772\" height=\"737\" title=\"Hamburg 2\" src=\"https:\/\/heikebrittaunap.com\/wp-content\/uploads\/2024\/04\/Hamburg-2.png\" data-src=\"https:\/\/heikebrittaunap.com\/wp-content\/uploads\/2024\/04\/Hamburg-2-300x286.png\" loading=\"lazy\" data-sizes=\"{&quot;thumbnail&quot;:{&quot;height&quot;:150,&quot;width&quot;:150,&quot;url&quot;:&quot;https:\/\/heikebrittaunap.com\/wp-content\/uploads\/2024\/04\/Hamburg-2-150x150.png&quot;,&quot;orientation&quot;:&quot;landscape&quot;},&quot;medium&quot;:{&quot;height&quot;:286,&quot;width&quot;:300,&quot;url&quot;:&quot;https:\/\/heikebrittaunap.com\/wp-content\/uploads\/2024\/04\/Hamburg-2-300x286.png&quot;,&quot;orientation&quot;:&quot;landscape&quot;},&quot;full&quot;:{&quot;url&quot;:&quot;https:\/\/heikebrittaunap.com\/wp-content\/uploads\/2024\/04\/Hamburg-2.png&quot;,&quot;height&quot;:737,&quot;width&quot;:772,&quot;orientation&quot;:&quot;landscape&quot;}}\"><\/span><span style=\"\"><img decoding=\"async\" alt=\"\" data-id=\"567\" width=\"740\" data-init-width=\"2560\" height=\"493\" data-init-height=\"1707\" title=\"SD-508\" loading=\"lazy\" src=\"https:\/\/heikebrittaunap.com\/wp-content\/uploads\/2024\/02\/SD-508-scaled.jpg\" data-width=\"740\" data-height=\"493\" style=\"aspect-ratio: auto 2560 \/ 1707;\" ml-d=\"-178\" mt-d=\"0\" center-h-d=\"false\"><\/span><\/p>\n<p style=\"text-align: center;\"><b><span style=\"--tcb-applied-color: rgb(255, 255, 255) !important; color: rgb(255, 255, 255) !important;\">Buongiorno,&nbsp;<\/span><\/b><\/p>\n<p style=\"text-align: center;\"><b><span style=\"--tcb-applied-color: rgb(255, 255, 255) !important; color: rgb(255, 255, 255) !important;\">ich bin Heike Britt<\/span><\/b><\/p>\n<p style=\"text-align: center;\"><span style=\"--tcb-applied-color: rgb(255, 255, 255) !important; color: rgb(255, 255, 255) !important;\">und ich bin nicht irgendein Coach \u2013 sondern dein Empowerment & Art Coach \u2013 nach icf Standard zertifizierter Life & Business Coach sowie Kunsthistorikerin.<\/span><\/p>\n<p style=\"text-align: center;\"><span style=\"color: rgb(255, 255, 255) !important;\"><span style=\"--tcb-applied-color: rgb(255, 255, 255) !important;\">Ich begleite weibliche F\u00fchrungskr\u00e4fte aus der Opferrolle in die Selbstwirksamkeit auf ihrem Weg zu nachhaltigen vision\u00e4ren Leadern, die den Spagat zwischen Beruf und Familie mit Leichtigkeit meistern.<\/span><\/span><\/p>\n<p style=\"text-align: center;\"><span style=\"color: rgb(255, 255, 255) !important;\"><span style=\"--tcb-applied-color: rgb(255, 255, 255) !important;\">Vor knapp 20 Jahren habe ich meine eigene Agentur gegr\u00fcndet, spezialisiert auf Businessevents, Incentives, Kulturrreisen und Eventtouren in Italien mit zwei B\u00fcros, in Deutschland und in Italien. Fast genauso lange teile ich mein Leben mit einem Italiener, habe einen Sohn und zwei Hunde und pendle beruflich wie privat zwischen Berlin und Mailand.<\/span><\/span><\/p>\n<p><strong>Und genau deshalb solltest du als F\u00fchrungskraft und Mamma, diesen Onlinekurs bei mir buchen: weil ich wei\u00df, wovon ich rede. Ich kenne deine Herausforderungen nur zu gut, ich habe die selbst durchlebt.<\/strong><\/p>\n<p><span><img decoding=\"async\" alt=\"\" data-id=\"814\" width=\"592\" data-init-width=\"1280\" height=\"333\" data-init-height=\"720\" title=\"Leadership Guide Stressfrei in 15 Minuten\" loading=\"lazy\" src=\"https:\/\/heikebrittaunap.com\/wp-content\/uploads\/2024\/04\/2.jpeg\" data-width=\"592\" data-height=\"333\" style=\"aspect-ratio: auto 1280 \/ 720;\"><\/span><\/p>\n<h4 style=\"\"><span style=\"\">Komm schnell aus dem Stress und empower deinen Alltag<\/span><\/h4>\n<p style=\"\">Leadership Guide Stressfrei in 15 Minuten<\/p>\n<p><span style=\"font-family: Raleway;\"><span style=\"\"><span style=\"\">Effektive Strategien und Zeitmanagement-Tipps speziell entwickelt f\u00fcr weibliche F\u00fchrungskr\u00e4fte.<\/span><\/span><\/span><span style=\"font-family: Raleway;\"><span style=\"\"><span style=\"\"><\/span><\/span><span style=\"font-weight: var(--g-regular-weight, normal);\">Damit du trotz hoher Verantwortung im Berufsleben stressfrei bleibst und&nbsp;<\/span><\/span><span style=\"\"><span style=\"font-family: Raleway;\">mehr Ausgeglichenheit und entspannte Me-Time in deinen Alltag integrieren kannst.<\/span><\/span><span style=\"font-weight: var(--g-regular-weight, normal);\">&nbsp;<\/span><span><img decoding=\"async\" alt=\"\" data-id=\"813\" width=\"592\" data-init-width=\"1280\" height=\"333\" data-init-height=\"720\" title=\"5-Tage-Challenge f\u00fcr mehr Gelassenheit und Selbstbewusstsein als F\u00fchrungskraft\" loading=\"lazy\" src=\"https:\/\/heikebrittaunap.com\/wp-content\/uploads\/2024\/04\/1.jpeg\" data-width=\"592\" data-height=\"333\" style=\"aspect-ratio: auto 1280 \/ 720;\"><\/span><\/p>\n<h4 style=\"\"><span style=\"\">Verfeinere deine F\u00fchrungsqualit\u00e4ten<\/span><\/h4>\n<p style=\"\">5-Tage-Challenge Leadership Renewed<\/p>\n<p>Definiere deine Priorit\u00e4ten und bewahre deinen Standpunkt. Lerne m\u00fcheloser mit Herausforderungen umzugehen und eine nachhaltige Work-Life-Balance zu etablieren.<span><img decoding=\"async\" alt=\"\" data-id=\"2058\" width=\"592\" data-init-width=\"1280\" height=\"333\" data-init-height=\"720\" title=\"Kopie von Vorschaubild Website\" loading=\"lazy\" src=\"https:\/\/heikebrittaunap.com\/wp-content\/uploads\/2024\/11\/Kopie-von-Vorschaubild-Website.jpg\" data-width=\"592\" data-height=\"333\" style=\"aspect-ratio: auto 1280 \/ 720;\"><\/span><\/p>\n<h4 style=\"\"><span style=\"\">\u00dcberwinde deine Selbstzweifel<\/span><\/h4>\n<p style=\"\">5-Schritte-Checkliste, damit du die Anerkennung bekommst, die du verdienst&nbsp;<\/p>\n<p>Lass dich nicht l\u00e4nger von Selbstzweifeln und dem Gef\u00fchl, nicht gut genug zu sein, ausbremsen.Bekomme deine innere Kritikerin in den Griff, st\u00e4rke dein Selbstvertrauen und erreiche den beruflichen Erfolg, den du dir schon lange w\u00fcnschst.<span><img decoding=\"async\" alt=\"\" data-id=\"2060\" width=\"592\" data-init-width=\"1280\" height=\"333\" data-init-height=\"720\" title=\"Mein Expertenbuch Erfolg ist keine Haltestelle\" loading=\"lazy\" src=\"https:\/\/heikebrittaunap.com\/wp-content\/uploads\/2024\/11\/Vorschaubild-Erfolg-ist-keine-Haltestelle.png\" data-width=\"592\" data-height=\"333\" style=\"aspect-ratio: auto 1280 \/ 720;\"><\/span><\/p>\n<h4 style=\"\"><span style=\"\">Starte deinen Erfolgsweg<\/span><\/h4>\n<p style=\"\">Mein Buch &#8222;Erfolg ist keine Haltestelle&#8220;<\/p>\n<p>Eine inspirierende Sammlung von Lebensgeschichten und Erfahrungen.Geschrieben von 14 Experten aus verschiedenen Branchen, bietet es wertvolle Einsichten und Anregungen f\u00fcr deinen eigenen Erfolgsweg.<\/p>\n<h1 \"=\"\" style=\"text-align: center;\" tve-droppable\"=\"\">Hier ein paar Kundenstimmen von Heike Britt<\/h1>\n<p><!-- ProvenExpert Bewertungssiegel -->[tcb-script type=&#8220;text\/javascript&#8220; src=&#8220;https:\/\/www.provenexpert.com\/widget\/landing_heike-britt-aunap.js?feedback=1&avatar=1&competence=1&style=white&#8220; async=&#8220;&#8220;][\/tcb-script]<!-- ProvenExpert Bewertungssiegel Ende --><\/p>\n<h2 style=\"\">Wer seinem Stern folgt,<\/h2>\n<h2 style=\"\">der kehre nicht um.<\/h2>\n<h6 style=\"text-align: right;\">Leonardo da Vinci<\/h6>\n","protected":false},"excerpt":{"rendered":"<p>Executive Coaching in Italien Stelle dir vor, du kehrst zur\u00fcck in deinen Alltag, voller Energie, klaren Gedanken und einem tiefen Verst\u00e4ndnis f\u00fcr deine pers\u00f6nlichen und beruflichen Ziele. Das w\u00fcnscht Du Du Dir? Dann komm mit uns nach Italien und kehre gest\u00e4rkt, inspiriert und mit konkreten Strategien f\u00fcr nachhaltigen Erfolg nach Hause zur\u00fcck. Die perfekte Basis [&hellip;]<\/p>\n","protected":false},"author":3,"featured_media":0,"parent":0,"menu_order":0,"comment_status":"closed","ping_status":"closed","template":"","meta":{"footnotes":""},"class_list":["post-2004","page","type-page","status-publish","hentry","post-wrapper","thrv_wrapper"],"yoast_head":"<!-- This site is optimized with the Yoast SEO plugin v27.5 - https:\/\/yoast.com\/product\/yoast-seo-wordpress\/ -->\n<title>0\u20ac Angebot - heikebrittaunap.com<\/title>\n<meta name=\"description\" content=\"Im Onlinekurs \u201eLeadership Renewed\u201c zeige ich dir wie du: SOUVER\u00c4NER WIRST. ENERGIE UND FOKUS ZUR\u00dcCKGEWINNST. RICHTIG PRIORIT\u00c4TEN SETZT. DEINE WORK-LIFE-BALANCE ETABLIERST.\" \/>\n<meta name=\"robots\" content=\"index, follow, max-snippet:-1, max-image-preview:large, max-video-preview:-1\" \/>\n<link rel=\"canonical\" href=\"https:\/\/heikebrittaunap.com\/it\/0e-offerta\/\" \/>\n<meta property=\"og:locale\" content=\"it_IT\" \/>\n<meta property=\"og:type\" content=\"article\" \/>\n<meta property=\"og:title\" content=\"0\u20ac Angebot - heikebrittaunap.com\" \/>\n<meta property=\"og:description\" content=\"Im Onlinekurs \u201eLeadership Renewed\u201c zeige ich dir wie du: SOUVER\u00c4NER WIRST. ENERGIE UND FOKUS ZUR\u00dcCKGEWINNST. RICHTIG PRIORIT\u00c4TEN SETZT. DEINE WORK-LIFE-BALANCE ETABLIERST.\" \/>\n<meta property=\"og:url\" content=\"https:\/\/heikebrittaunap.com\/it\/0e-offerta\/\" \/>\n<meta property=\"og:site_name\" content=\"heikebrittaunap.com\" \/>\n<meta property=\"article:modified_time\" content=\"2025-11-06T00:12:08+00:00\" \/>\n<meta property=\"og:image\" content=\"https:\/\/heikebrittaunap.com\/wp-content\/uploads\/2024\/04\/TV-2.png\" \/>\n<meta name=\"twitter:card\" content=\"summary_large_image\" \/>\n<meta name=\"twitter:label1\" content=\"Tempo di lettura stimato\" \/>\n\t<meta name=\"twitter:data1\" content=\"6 minuti\" \/>\n<script type=\"application\/ld+json\" class=\"yoast-schema-graph\">{\"@context\":\"https:\\\/\\\/schema.org\",\"@graph\":[{\"@type\":\"WebPage\",\"@id\":\"https:\\\/\\\/heikebrittaunap.com\\\/0e-angebot\\\/\",\"url\":\"https:\\\/\\\/heikebrittaunap.com\\\/0e-angebot\\\/\",\"name\":\"0\u20ac Angebot - heikebrittaunap.com\",\"isPartOf\":{\"@id\":\"https:\\\/\\\/heikebrittaunap.com\\\/#website\"},\"primaryImageOfPage\":{\"@id\":\"https:\\\/\\\/heikebrittaunap.com\\\/0e-angebot\\\/#primaryimage\"},\"image\":{\"@id\":\"https:\\\/\\\/heikebrittaunap.com\\\/0e-angebot\\\/#primaryimage\"},\"thumbnailUrl\":\"https:\\\/\\\/heikebrittaunap.com\\\/wp-content\\\/uploads\\\/2024\\\/04\\\/TV-2.png\",\"datePublished\":\"2024-10-14T22:31:27+00:00\",\"dateModified\":\"2025-11-06T00:12:08+00:00\",\"description\":\"Im Onlinekurs \u201eLeadership Renewed\u201c zeige ich dir wie du: SOUVER\u00c4NER WIRST. ENERGIE UND FOKUS ZUR\u00dcCKGEWINNST. RICHTIG PRIORIT\u00c4TEN SETZT. DEINE WORK-LIFE-BALANCE ETABLIERST.\",\"breadcrumb\":{\"@id\":\"https:\\\/\\\/heikebrittaunap.com\\\/0e-angebot\\\/#breadcrumb\"},\"inLanguage\":\"it-IT\",\"potentialAction\":[{\"@type\":\"ReadAction\",\"target\":[\"https:\\\/\\\/heikebrittaunap.com\\\/0e-angebot\\\/\"]}]},{\"@type\":\"ImageObject\",\"inLanguage\":\"it-IT\",\"@id\":\"https:\\\/\\\/heikebrittaunap.com\\\/0e-angebot\\\/#primaryimage\",\"url\":\"https:\\\/\\\/heikebrittaunap.com\\\/wp-content\\\/uploads\\\/2024\\\/04\\\/TV-2.png\",\"contentUrl\":\"https:\\\/\\\/heikebrittaunap.com\\\/wp-content\\\/uploads\\\/2024\\\/04\\\/TV-2.png\"},{\"@type\":\"BreadcrumbList\",\"@id\":\"https:\\\/\\\/heikebrittaunap.com\\\/0e-angebot\\\/#breadcrumb\",\"itemListElement\":[{\"@type\":\"ListItem\",\"position\":1,\"name\":\"Startseite\",\"item\":\"https:\\\/\\\/heikebrittaunap.com\\\/\"},{\"@type\":\"ListItem\",\"position\":2,\"name\":\"0\u20ac Angebot\"}]},{\"@type\":\"WebSite\",\"@id\":\"https:\\\/\\\/heikebrittaunap.com\\\/#website\",\"url\":\"https:\\\/\\\/heikebrittaunap.com\\\/\",\"name\":\"heikebrittaunap.com\",\"description\":\"\",\"potentialAction\":[{\"@type\":\"SearchAction\",\"target\":{\"@type\":\"EntryPoint\",\"urlTemplate\":\"https:\\\/\\\/heikebrittaunap.com\\\/?s={search_term_string}\"},\"query-input\":{\"@type\":\"PropertyValueSpecification\",\"valueRequired\":true,\"valueName\":\"search_term_string\"}}],\"inLanguage\":\"it-IT\"}]}<\/script>\n<!-- \/ Yoast SEO plugin. -->","yoast_head_json":{"title":"0\u20ac offerta - heikebrittaunap.com","description":"Nel corso online \u201eLeadership rinnovata\u201c vi mostro come: DIVENTARE SOUVER. RITROVARE ENERGIA E CONCENTRAZIONE. STABILIRE CORRETTAMENTE LE PRIORIT\u00c0. STABILIRE L'EQUILIBRIO TRA LAVORO E VITA PRIVATA.","robots":{"index":"index","follow":"follow","max-snippet":"max-snippet:-1","max-image-preview":"max-image-preview:large","max-video-preview":"max-video-preview:-1"},"canonical":"https:\/\/heikebrittaunap.com\/it\/0e-offerta\/","og_locale":"it_IT","og_type":"article","og_title":"0\u20ac Angebot - heikebrittaunap.com","og_description":"Im Onlinekurs \u201eLeadership Renewed\u201c zeige ich dir wie du: SOUVER\u00c4NER WIRST. ENERGIE UND FOKUS ZUR\u00dcCKGEWINNST. RICHTIG PRIORIT\u00c4TEN SETZT. DEINE WORK-LIFE-BALANCE ETABLIERST.","og_url":"https:\/\/heikebrittaunap.com\/it\/0e-offerta\/","og_site_name":"heikebrittaunap.com","article_modified_time":"2025-11-06T00:12:08+00:00","og_image":[{"url":"https:\/\/heikebrittaunap.com\/wp-content\/uploads\/2024\/04\/TV-2.png","type":"","width":"","height":""}],"twitter_card":"summary_large_image","twitter_misc":{"Tempo di lettura stimato":"6 minuti"},"schema":{"@context":"https:\/\/schema.org","@graph":[{"@type":"WebPage","@id":"https:\/\/heikebrittaunap.com\/0e-angebot\/","url":"https:\/\/heikebrittaunap.com\/0e-angebot\/","name":"0\u20ac offerta - heikebrittaunap.com","isPartOf":{"@id":"https:\/\/heikebrittaunap.com\/#website"},"primaryImageOfPage":{"@id":"https:\/\/heikebrittaunap.com\/0e-angebot\/#primaryimage"},"image":{"@id":"https:\/\/heikebrittaunap.com\/0e-angebot\/#primaryimage"},"thumbnailUrl":"https:\/\/heikebrittaunap.com\/wp-content\/uploads\/2024\/04\/TV-2.png","datePublished":"2024-10-14T22:31:27+00:00","dateModified":"2025-11-06T00:12:08+00:00","description":"Nel corso online \u201eLeadership rinnovata\u201c vi mostro come: DIVENTARE SOUVER. RITROVARE ENERGIA E CONCENTRAZIONE. STABILIRE CORRETTAMENTE LE PRIORIT\u00c0. STABILIRE L'EQUILIBRIO TRA LAVORO E VITA PRIVATA.","breadcrumb":{"@id":"https:\/\/heikebrittaunap.com\/0e-angebot\/#breadcrumb"},"inLanguage":"it-IT","potentialAction":[{"@type":"ReadAction","target":["https:\/\/heikebrittaunap.com\/0e-angebot\/"]}]},{"@type":"ImageObject","inLanguage":"it-IT","@id":"https:\/\/heikebrittaunap.com\/0e-angebot\/#primaryimage","url":"https:\/\/heikebrittaunap.com\/wp-content\/uploads\/2024\/04\/TV-2.png","contentUrl":"https:\/\/heikebrittaunap.com\/wp-content\/uploads\/2024\/04\/TV-2.png"},{"@type":"BreadcrumbList","@id":"https:\/\/heikebrittaunap.com\/0e-angebot\/#breadcrumb","itemListElement":[{"@type":"ListItem","position":1,"name":"Startseite","item":"https:\/\/heikebrittaunap.com\/"},{"@type":"ListItem","position":2,"name":"0\u20ac Angebot"}]},{"@type":"WebSite","@id":"https:\/\/heikebrittaunap.com\/#website","url":"https:\/\/heikebrittaunap.com\/","name":"heikebrittaunap.com","description":"","potentialAction":[{"@type":"SearchAction","target":{"@type":"EntryPoint","urlTemplate":"https:\/\/heikebrittaunap.com\/?s={search_term_string}"},"query-input":{"@type":"PropertyValueSpecification","valueRequired":true,"valueName":"search_term_string"}}],"inLanguage":"it-IT"}]}},"_links":{"self":[{"href":"https:\/\/heikebrittaunap.com\/it\/wp-json\/wp\/v2\/pages\/2004","targetHints":{"allow":["GET"]}}],"collection":[{"href":"https:\/\/heikebrittaunap.com\/it\/wp-json\/wp\/v2\/pages"}],"about":[{"href":"https:\/\/heikebrittaunap.com\/it\/wp-json\/wp\/v2\/types\/page"}],"author":[{"embeddable":true,"href":"https:\/\/heikebrittaunap.com\/it\/wp-json\/wp\/v2\/users\/3"}],"replies":[{"embeddable":true,"href":"https:\/\/heikebrittaunap.com\/it\/wp-json\/wp\/v2\/comments?post=2004"}],"version-history":[{"count":10,"href":"https:\/\/heikebrittaunap.com\/it\/wp-json\/wp\/v2\/pages\/2004\/revisions"}],"predecessor-version":[{"id":2781,"href":"https:\/\/heikebrittaunap.com\/it\/wp-json\/wp\/v2\/pages\/2004\/revisions\/2781"}],"wp:attachment":[{"href":"https:\/\/heikebrittaunap.com\/it\/wp-json\/wp\/v2\/media?parent=2004"}],"curies":[{"name":"wp","href":"https:\/\/api.w.org\/{rel}","templated":true}]}}