{"id":1881,"date":"2024-09-21T01:03:41","date_gmt":"2024-09-20T23:03:41","guid":{"rendered":"https:\/\/heikebrittaunap.com\/?page_id=1881"},"modified":"2024-12-12T12:23:08","modified_gmt":"2024-12-12T11:23:08","slug":"su-di-me","status":"publish","type":"page","link":"https:\/\/heikebrittaunap.com\/it\/ueber-mich\/","title":{"rendered":"Su di me"},"content":{"rendered":"<h1 style=\"color: var(--tcb-color-0) !important; --tcb-applied-color: var$(--tcb-color-0) !important;\">Ciao, sono Heike Britt<\/h1>\n<p><strong>Master Business Coach, autore,&nbsp;<\/strong><strong>Vita lenta &amp;&nbsp;<\/strong><strong>Esperto d'arte<\/strong><strong><strong>e due volte imprenditore<\/strong><\/strong>Ich wei\u00df, wie hart es ist, unter Druck zu stehen, Entscheidungen zu treffen und gleichzeitig die Balance zwischen Arbeit und Privatlebenwahren zu wollen.Aber ich bin der Beweis, dass es auch anders geht.Du kannst an deine F\u00e4higkeiten glauben, in deine Entwicklung investieren und eine Zukunft schaffen, in der du wirklich zufrieden bist \u2013 beruflich und privat.<\/p>\n<h1 style=\"\">Ciao, sono Heike Britt<\/h1>\n<p style=\"color: var(--tcb-skin-color-5) !important; --tcb-applied-color: var$(--tcb-skin-color-5) !important;\"><strong>Master Business Coach, Autorin, Slow Life- & <\/strong><strong>Esperto d'arte&nbsp;<\/strong><strong><\/strong><strong>e 2 volte imprenditore<\/strong><\/p>\n<p style=\"\">So cosa significa essere sotto pressione, prendere decisioni e allo stesso tempo mantenere un equilibrio tra lavoro e vita privata.<\/p>\n<p style=\"\">Ma io sono la prova che c'\u00e8 un altro modo.<\/p>\n<p style=\"\">Potete credere nelle vostre capacit\u00e0, investire nel vostro sviluppo e creare un futuro in cui siate veramente soddisfatti, sia professionalmente che personalmente.<\/p>\n<p><span><img decoding=\"async\" alt=\"\" data-id=\"829\" width=\"772\" height=\"737\" title=\"TV 2\" src=\"https:\/\/heikebrittaunap.com\/wp-content\/uploads\/2024\/04\/TV-2.png\" data-src=\"https:\/\/heikebrittaunap.com\/wp-content\/uploads\/2024\/04\/TV-2-300x286.png\" loading=\"lazy\" data-sizes=\"{&quot;thumbnail&quot;:{&quot;height&quot;:150,&quot;width&quot;:150,&quot;url&quot;:&quot;https:\/\/heikebrittaunap.com\/wp-content\/uploads\/2024\/04\/TV-2-150x150.png&quot;,&quot;orientation&quot;:&quot;landscape&quot;},&quot;medium&quot;:{&quot;height&quot;:286,&quot;width&quot;:300,&quot;url&quot;:&quot;https:\/\/heikebrittaunap.com\/wp-content\/uploads\/2024\/04\/TV-2-300x286.png&quot;,&quot;orientation&quot;:&quot;landscape&quot;},&quot;full&quot;:{&quot;url&quot;:&quot;https:\/\/heikebrittaunap.com\/wp-content\/uploads\/2024\/04\/TV-2.png&quot;,&quot;height&quot;:737,&quot;width&quot;:772,&quot;orientation&quot;:&quot;landscape&quot;}}\" style=\"\"><\/span><span><img decoding=\"async\" alt=\"\" data-id=\"827\" width=\"772\" height=\"737\" title=\"Berliner Morgenpost\" src=\"https:\/\/heikebrittaunap.com\/wp-content\/uploads\/2024\/04\/Berliner-Morgenpost.png\" data-src=\"https:\/\/heikebrittaunap.com\/wp-content\/uploads\/2024\/04\/Berliner-Morgenpost-300x286.png\" loading=\"lazy\" data-sizes=\"{&quot;thumbnail&quot;:{&quot;height&quot;:150,&quot;width&quot;:150,&quot;url&quot;:&quot;https:\/\/heikebrittaunap.com\/wp-content\/uploads\/2024\/04\/Berliner-Morgenpost-150x150.png&quot;,&quot;orientation&quot;:&quot;landscape&quot;},&quot;medium&quot;:{&quot;height&quot;:286,&quot;width&quot;:300,&quot;url&quot;:&quot;https:\/\/heikebrittaunap.com\/wp-content\/uploads\/2024\/04\/Berliner-Morgenpost-300x286.png&quot;,&quot;orientation&quot;:&quot;landscape&quot;},&quot;full&quot;:{&quot;url&quot;:&quot;https:\/\/heikebrittaunap.com\/wp-content\/uploads\/2024\/04\/Berliner-Morgenpost.png&quot;,&quot;height&quot;:737,&quot;width&quot;:772,&quot;orientation&quot;:&quot;landscape&quot;}}\" style=\"\"><\/span><span><img decoding=\"async\" alt=\"\" data-id=\"828\" width=\"772\" height=\"737\" title=\"Certificare l&#039;allenatore\" src=\"https:\/\/heikebrittaunap.com\/wp-content\/uploads\/2024\/04\/Certify-Coach.png\" data-src=\"https:\/\/heikebrittaunap.com\/wp-content\/uploads\/2024\/04\/Certify-Coach-300x286.png\" loading=\"lazy\" data-sizes=\"{&quot;thumbnail&quot;:{&quot;height&quot;:150,&quot;width&quot;:150,&quot;url&quot;:&quot;https:\/\/heikebrittaunap.com\/wp-content\/uploads\/2024\/04\/Certify-Coach-150x150.png&quot;,&quot;orientation&quot;:&quot;landscape&quot;},&quot;medium&quot;:{&quot;height&quot;:286,&quot;width&quot;:300,&quot;url&quot;:&quot;https:\/\/heikebrittaunap.com\/wp-content\/uploads\/2024\/04\/Certify-Coach-300x286.png&quot;,&quot;orientation&quot;:&quot;landscape&quot;},&quot;full&quot;:{&quot;url&quot;:&quot;https:\/\/heikebrittaunap.com\/wp-content\/uploads\/2024\/04\/Certify-Coach.png&quot;,&quot;height&quot;:737,&quot;width&quot;:772,&quot;orientation&quot;:&quot;landscape&quot;}}\" style=\"\"><\/span><span><img decoding=\"async\" alt=\"\" data-id=\"826\" width=\"772\" height=\"737\" title=\"Portale Storia dell&#039;arte\" src=\"https:\/\/heikebrittaunap.com\/wp-content\/uploads\/2024\/04\/Portal-Kunstgeschichte.png\" data-src=\"https:\/\/heikebrittaunap.com\/wp-content\/uploads\/2024\/04\/Portal-Kunstgeschichte-300x286.png\" loading=\"lazy\" data-sizes=\"{&quot;thumbnail&quot;:{&quot;height&quot;:150,&quot;width&quot;:150,&quot;url&quot;:&quot;https:\/\/heikebrittaunap.com\/wp-content\/uploads\/2024\/04\/Portal-Kunstgeschichte-150x150.png&quot;,&quot;orientation&quot;:&quot;landscape&quot;},&quot;medium&quot;:{&quot;height&quot;:286,&quot;width&quot;:300,&quot;url&quot;:&quot;https:\/\/heikebrittaunap.com\/wp-content\/uploads\/2024\/04\/Portal-Kunstgeschichte-300x286.png&quot;,&quot;orientation&quot;:&quot;landscape&quot;},&quot;full&quot;:{&quot;url&quot;:&quot;https:\/\/heikebrittaunap.com\/wp-content\/uploads\/2024\/04\/Portal-Kunstgeschichte.png&quot;,&quot;height&quot;:737,&quot;width&quot;:772,&quot;orientation&quot;:&quot;landscape&quot;}}\" style=\"\"><\/span><span><img decoding=\"async\" alt=\"\" data-id=\"825\" width=\"772\" height=\"737\" title=\"Scherer Daily\" src=\"https:\/\/heikebrittaunap.com\/wp-content\/uploads\/2024\/04\/Scherer-Daily.png\" data-src=\"https:\/\/heikebrittaunap.com\/wp-content\/uploads\/2024\/04\/Scherer-Daily-300x286.png\" loading=\"lazy\" data-sizes=\"{&quot;thumbnail&quot;:{&quot;height&quot;:150,&quot;width&quot;:150,&quot;url&quot;:&quot;https:\/\/heikebrittaunap.com\/wp-content\/uploads\/2024\/04\/Scherer-Daily-150x150.png&quot;,&quot;orientation&quot;:&quot;landscape&quot;},&quot;medium&quot;:{&quot;height&quot;:286,&quot;width&quot;:300,&quot;url&quot;:&quot;https:\/\/heikebrittaunap.com\/wp-content\/uploads\/2024\/04\/Scherer-Daily-300x286.png&quot;,&quot;orientation&quot;:&quot;landscape&quot;},&quot;full&quot;:{&quot;url&quot;:&quot;https:\/\/heikebrittaunap.com\/wp-content\/uploads\/2024\/04\/Scherer-Daily.png&quot;,&quot;height&quot;:737,&quot;width&quot;:772,&quot;orientation&quot;:&quot;landscape&quot;}}\" style=\"\"><\/span><span><img decoding=\"async\" alt=\"\" data-id=\"824\" width=\"772\" height=\"737\" title=\"Altoparlante\" src=\"https:\/\/heikebrittaunap.com\/wp-content\/uploads\/2024\/04\/Top-Speaker.png\" data-src=\"https:\/\/heikebrittaunap.com\/wp-content\/uploads\/2024\/04\/Top-Speaker-300x286.png\" loading=\"lazy\" data-sizes=\"{&quot;thumbnail&quot;:{&quot;height&quot;:150,&quot;width&quot;:150,&quot;url&quot;:&quot;https:\/\/heikebrittaunap.com\/wp-content\/uploads\/2024\/04\/Top-Speaker-150x150.png&quot;,&quot;orientation&quot;:&quot;landscape&quot;},&quot;medium&quot;:{&quot;height&quot;:286,&quot;width&quot;:300,&quot;url&quot;:&quot;https:\/\/heikebrittaunap.com\/wp-content\/uploads\/2024\/04\/Top-Speaker-300x286.png&quot;,&quot;orientation&quot;:&quot;landscape&quot;},&quot;full&quot;:{&quot;url&quot;:&quot;https:\/\/heikebrittaunap.com\/wp-content\/uploads\/2024\/04\/Top-Speaker.png&quot;,&quot;height&quot;:737,&quot;width&quot;:772,&quot;orientation&quot;:&quot;landscape&quot;}}\" style=\"\"><\/span><span><img decoding=\"async\" alt=\"\" data-id=\"823\" width=\"772\" height=\"737\" title=\"TV Mittelrhein\" src=\"https:\/\/heikebrittaunap.com\/wp-content\/uploads\/2024\/04\/TV-Mittelrhein.png\" data-src=\"https:\/\/heikebrittaunap.com\/wp-content\/uploads\/2024\/04\/TV-Mittelrhein-300x286.png\" loading=\"lazy\" data-sizes=\"{&quot;thumbnail&quot;:{&quot;height&quot;:150,&quot;width&quot;:150,&quot;url&quot;:&quot;https:\/\/heikebrittaunap.com\/wp-content\/uploads\/2024\/04\/TV-Mittelrhein-150x150.png&quot;,&quot;orientation&quot;:&quot;landscape&quot;},&quot;medium&quot;:{&quot;height&quot;:286,&quot;width&quot;:300,&quot;url&quot;:&quot;https:\/\/heikebrittaunap.com\/wp-content\/uploads\/2024\/04\/TV-Mittelrhein-300x286.png&quot;,&quot;orientation&quot;:&quot;landscape&quot;},&quot;full&quot;:{&quot;url&quot;:&quot;https:\/\/heikebrittaunap.com\/wp-content\/uploads\/2024\/04\/TV-Mittelrhein.png&quot;,&quot;height&quot;:737,&quot;width&quot;:772,&quot;orientation&quot;:&quot;landscape&quot;}}\" style=\"\"><\/span><span><img decoding=\"async\" alt=\"\" data-id=\"822\" width=\"772\" height=\"737\" title=\"Amburgo 2\" src=\"https:\/\/heikebrittaunap.com\/wp-content\/uploads\/2024\/04\/Hamburg-2.png\" data-src=\"https:\/\/heikebrittaunap.com\/wp-content\/uploads\/2024\/04\/Hamburg-2-300x286.png\" loading=\"lazy\" data-sizes=\"{&quot;thumbnail&quot;:{&quot;height&quot;:150,&quot;width&quot;:150,&quot;url&quot;:&quot;https:\/\/heikebrittaunap.com\/wp-content\/uploads\/2024\/04\/Hamburg-2-150x150.png&quot;,&quot;orientation&quot;:&quot;landscape&quot;},&quot;medium&quot;:{&quot;height&quot;:286,&quot;width&quot;:300,&quot;url&quot;:&quot;https:\/\/heikebrittaunap.com\/wp-content\/uploads\/2024\/04\/Hamburg-2-300x286.png&quot;,&quot;orientation&quot;:&quot;landscape&quot;},&quot;full&quot;:{&quot;url&quot;:&quot;https:\/\/heikebrittaunap.com\/wp-content\/uploads\/2024\/04\/Hamburg-2.png&quot;,&quot;height&quot;:737,&quot;width&quot;:772,&quot;orientation&quot;:&quot;landscape&quot;}}\" style=\"\"><\/span><\/p>\n<h2 style=\"text-align: center;\">So come ci si sente.<\/h2>\n<p><a href=\"#thrive-header\" jump-animation=\"smooth\"><\/a><span style=\"\"><img decoding=\"async\" alt=\"\" data-id=\"1571\" width=\"596\" data-init-width=\"1535\" height=\"826\" data-init-height=\"2126\" title=\"URB_1501_13x18_KN\" loading=\"lazy\" src=\"https:\/\/heikebrittaunap.com\/wp-content\/uploads\/2024\/08\/URB_1501_13x18_KN.jpg\" data-width=\"596\" data-height=\"826\" style=\"aspect-ratio: auto 1535 \/ 2126;\" mt-d=\"-3.965000000000032\" ml-d=\"0\" center-v-d=\"false\" mt-t=\"0\" ml-t=\"-109\" center-h-t=\"false\" ml-m=\"-41.593999999999994\" center-h-m=\"false\" mt-m=\"0\" center-h-d=\"false\"><\/span><\/p>\n<h2><strong>Molte donne che occupano posizioni dirigenziali sono sottoposte a enormi pressioni.<\/strong><\/h2>\n<p style=\"\"><span style=\"\">Prendere decisioni, agire con sicurezza, ispirare gli altri: non \u00e8 sempre facile combinare tutte queste cose.<\/span><\/p>\n<p style=\"\">In qualit\u00e0 di amministratore delegato di un'agenzia di viaggi ed eventi con uffici a Berlino e Milano, anch'io a volte mi sono sentita sopraffatta, cercando sempre di soddisfare tutte le aspettative, soprattutto le mie.<\/p>\n<p style=\"\">La svolta \u00e8 arrivata quando ho capito che dovevo definire meglio il mio perch\u00e9 (perch\u00e9 faccio questo lavoro?) e i miei punti di forza, non solo per avere successo, ma anche per sentirmi a mio agio nel mio ruolo.<\/p>\n<h2 style=\"\"><strong>Cosa ho imparato da questo?<\/strong><\/h2>\n<p><span style=\"--tcb-applied-color: var$(--tcb-skin-color-5) !important; color: var(--tcb-skin-color-5) !important; font-size: 18px !important;\">Leadership non significa essere sotto pressione.<\/span><span style=\"--tcb-applied-color: var$(--tcb-skin-color-5) !important; color: var(--tcb-skin-color-5) !important; font-size: 18px !important;\"><\/span><span style=\"font-size: 18px !important;\"><span style=\"color: var(--tcb-skin-color-5) !important;\"><span style=\"--tcb-applied-color: var$(--tcb-skin-color-5) !important;\">Leadership significa essere nel flusso, prendere decisioni sicure.<\/span><\/span><\/span><span style=\"font-size: 18px !important;\"><span style=\"color: var(--tcb-skin-color-5) !important;\"><span style=\"--tcb-applied-color: var$(--tcb-skin-color-5) !important;\">e il suo team.<\/span><\/span><\/span><span style=\"font-size: 18px !important;\"><span style=\"color: var(--tcb-skin-color-5) !important;\"><span style=\"--tcb-applied-color: var$(--tcb-skin-color-5) !important;\"><\/span><\/span><\/span><span><strong>Vi aiuter\u00f2 a raggiungere esattamente questo obiettivo.<\/strong><\/span><span><strong><\/strong><\/span><\/p>\n<p style=\"\"><span>riconoscendo i propri punti di forza e trovando la strada per diventare un manager sicuro di s\u00e9 e di successo, senza perdere l'equilibrio tra lavoro e vita privata.<\/span><\/p>\n<p><span style=\"\"><img decoding=\"async\" alt=\"\" data-id=\"1905\" width=\"708\" data-init-width=\"2560\" height=\"472\" data-init-height=\"1707\" title=\"0306.2024 Dubai 6\" loading=\"lazy\" src=\"https:\/\/heikebrittaunap.com\/wp-content\/uploads\/2024\/09\/0306.2024-Dubai-6-scaled.jpg\" data-width=\"708\" data-height=\"472\" style=\"aspect-ratio: auto 2560 \/ 1707;\" ml-t=\"-262\" mt-t=\"0\" center-h-t=\"false\" ml-d=\"-53.530000000000086\" mt-d=\"0\"><\/span><\/p>\n<h2 style=\"\">Vi aiuter\u00f2 a sentirvi completamente a vostro agio nel vostro ruolo di leader.<\/h2>\n<h2 style=\"text-align: center;\"><span style=\"\"><strong>Le mie radici?&nbsp;<\/strong><\/span><span style=\"\"><strong>Arte e leadership<\/strong><\/span><\/h2>\n<p><span style=\"\"><img decoding=\"async\" alt=\"\" data-id=\"745\" width=\"429\" data-init-width=\"1536\" height=\"573\" data-init-height=\"2048\" title=\"hba all sitting studio photo_photostudio_urbschat\" loading=\"lazy\" src=\"https:\/\/heikebrittaunap.com\/wp-content\/uploads\/2024\/03\/hba-ganz-sitzend-Atelier-Foto_fotostudio_urbschat.jpg\" data-width=\"429\" data-height=\"573\" style=\"aspect-ratio: auto 1536 \/ 2048;\" ml-d=\"-43\" mt-d=\"0\" center-h-d=\"false\" ml-m=\"0\" center-h-m=\"false\" mt-m=\"0\" ml-t=\"0\" center-h-t=\"false\" mt-t=\"0\" center-v-d=\"false\"><\/span><\/p>\n<p style=\"text-align: left; color: var(--tcb-skin-color-5) !important; --tcb-applied-color: var$(--tcb-skin-color-5) !important;\">L'amore per la creativit\u00e0 mi accompagna ancora oggi. Da ragazza mi sono allenata nella danza classica e in seguito ho studiato canto e storia dell'arte. Mentre ero ancora una studentessa, ho fondato la mia prima societ\u00e0, un'agenzia di eventi e viaggi specializzata in Italia con uffici a Berlino e Milano.<\/p>\n<p style=\"text-align: left; color: var(--tcb-skin-color-5) !important; --tcb-applied-color: var$(--tcb-skin-color-5) !important;\">Nella mia famiglia, il pensiero imprenditoriale e la leadership sono cresciuti di pari passo. Mia madre e mia nonna erano imprenditrici di successo, mentre mio padre gestiva una delle pi\u00f9 grandi associazioni edilizie di Berlino. Ho imparato fin da piccola cosa significa assumersi delle responsabilit\u00e0 e quanto sia importante guidare con fiducia e autenticit\u00e0. Eppure, a volte ho fallito in passato e ho sperimentato quanto possa essere difficile arrivare davvero al proprio ruolo di leader.&nbsp;<\/p>\n<p style=\"text-align: center; color: var(--tcb-skin-color-5) !important; --tcb-applied-color: var$(--tcb-skin-color-5) !important;\">Ich kenn beide Seiten &#8211; F\u00fchrung und kreatives Denken.<\/p>\n<p style=\"text-align: center; color: var(--tcb-skin-color-5) !important; --tcb-applied-color: var$(--tcb-skin-color-5) !important;\">Come&nbsp;<strong>Coach di carriera&nbsp;<\/strong>Vi sosterr\u00f2 in questo, <strong>acquisire fiducia in se stessi e sovranit\u00e0.<\/strong>&nbsp;<\/p>\n<p style=\"text-align: center;\">Ich zeige dir, wie du als <strong>Essere riconosciuti come manager<\/strong>, deine St\u00e4rken erkennst und dein Team inspirierst &#8211; ohne dich dabei selbst zu verlieren.<\/p>\n<p style=\"\"><strong>Vuole parlarmi di persona?<\/strong><\/p>\n<p><strong>Telefono<\/strong><span style=\"--tcb-applied-color: var$(--tcb-skin-color-5) !important; color: var(--tcb-skin-color-5) !important;\">+49 30 6782 73 50 <\/span><\/p>\n<p><strong><span style=\"--tcb-applied-color: rgb(159, 115, 50) !important; color: rgb(159, 115, 50) !important;\">e-mail<\/span><\/strong><span style=\"--tcb-applied-color: var$(--tcb-skin-color-5) !important; color: var(--tcb-skin-color-5) !important;\">info(at)heikebrittaunap.com<\/span><\/p>\n<p><strong><span style=\"--tcb-applied-color: var$(--tcb-color-0) !important; color: var(--tcb-color-0) !important;\">Indirizzo<\/span><span style=\"--tcb-applied-color: var$(--tcb-skin-color-5) !important; color: var(--tcb-skin-color-5) !important;\"><\/span><\/strong><span style=\"--tcb-applied-color: var$(--tcb-skin-color-5) !important; color: var(--tcb-skin-color-5) !important;\">Eiderstedter Weg 43a, 14129 Berlino<\/span><\/p>\n<p><span style=\"\"><img decoding=\"async\" alt=\"Heike Britt Aunap storica dell&#039;arte e coach con Charmat\" data-id=\"1511\" width=\"225\" data-init-width=\"387\" height=\"298\" data-init-height=\"512\" title=\"Heike Britt Aunap storica dell&#039;arte e coach con Charmat\" loading=\"lazy\" src=\"https:\/\/heikebrittaunap.com\/wp-content\/uploads\/2024\/07\/Heike-Britt-Aunap-Kunstkistorikerin-und-Coach-mit-Charmat.png\" data-width=\"225\" data-height=\"298\" style=\"aspect-ratio: auto 387 \/ 512;\" mt-d=\"-5.953099999999999\" ml-d=\"0\" center-v-d=\"false\"><\/span><\/p>\n<h2 style=\"text-align: center;\"><span>Siete pronti per il prossimo passo?<\/span><\/h2>\n<p style=\"text-align: center;\"><span style=\"--tcb-applied-color: var$(--tcb-skin-color-5) !important; color: var(--tcb-skin-color-5) !important; font-size: 20px !important;\">Lavoriamo insieme affinch\u00e9 possiate <strong>le vostre visioni<\/strong> realizzare e con <strong>Fiducia in se stessi nel proprio ruolo di leader<\/strong> pu\u00f2 sbocciare.<\/span><\/p>","protected":false},"excerpt":{"rendered":"<p>Hey, ich bin Heike Britt Master Business Coach, Autorin,&nbsp;Slow Life- &#038;&nbsp;Kunstexpertinund zweifache UnternehmerinIch wei\u00df, wie hart es ist, unter Druck zu stehen, Entscheidungen zu treffen und gleichzeitig die Balance zwischen Arbeit und Privatlebenwahren zu wollen.Aber ich bin der Beweis, dass es auch anders geht.Du kannst an deine F\u00e4higkeiten glauben, in deine Entwicklung investieren und eine [&hellip;]<\/p>\n","protected":false},"author":3,"featured_media":1590,"parent":0,"menu_order":0,"comment_status":"closed","ping_status":"closed","template":"","meta":{"footnotes":"","tve_updated_post":"","tve_custom_css":"","tve_user_custom_css":"","tve_globals":{},"tcb2_ready":1,"tcb_editor_enabled":1,"tve_landing_page":"3a22d57d9140b5025a0010e858a1ea0e","_tve_header":"57","_tve_footer":"26"},"class_list":["post-1881","page","type-page","status-publish","has-post-thumbnail","hentry","post-wrapper","thrv_wrapper"],"yoast_head":"<!-- This site is optimized with the Yoast SEO plugin v27.6 - https:\/\/yoast.com\/product\/yoast-seo-wordpress\/ -->\n<title>\u00dcber mich | Heike Britt Aunap<\/title>\n<meta name=\"description\" content=\"Ich unterst\u00fctze weibliche F\u00fchrungskr\u00e4fte dabei, Selbstsicherheit zu gewinnen &amp; ihr Team zu inspirieren \u2013 f\u00fcr authentische &amp; nachhaltige F\u00fchrung.\" \/>\n<meta name=\"robots\" content=\"index, follow, max-snippet:-1, max-image-preview:large, max-video-preview:-1\" \/>\n<link rel=\"canonical\" href=\"https:\/\/heikebrittaunap.com\/it\/su-di-me\/\" \/>\n<meta property=\"og:locale\" content=\"it_IT\" \/>\n<meta property=\"og:type\" content=\"article\" \/>\n<meta property=\"og:title\" content=\"\u00dcber mich | Heike Britt Aunap\" \/>\n<meta property=\"og:description\" content=\"Ich unterst\u00fctze weibliche F\u00fchrungskr\u00e4fte dabei, Selbstsicherheit zu gewinnen &amp; ihr Team zu inspirieren \u2013 f\u00fcr authentische &amp; nachhaltige F\u00fchrung.\" \/>\n<meta property=\"og:url\" content=\"https:\/\/heikebrittaunap.com\/it\/su-di-me\/\" \/>\n<meta property=\"og:site_name\" content=\"heikebrittaunap.com\" \/>\n<meta property=\"article:modified_time\" content=\"2024-12-12T11:23:08+00:00\" \/>\n<meta property=\"og:image\" content=\"https:\/\/heikebrittaunap.com\/wp-content\/uploads\/2024\/08\/Portraet-gruen-hoch-coaching-page.jpg\" \/>\n\t<meta property=\"og:image:width\" content=\"1535\" \/>\n\t<meta property=\"og:image:height\" content=\"2126\" \/>\n\t<meta property=\"og:image:type\" content=\"image\/jpeg\" \/>\n<meta name=\"twitter:card\" content=\"summary_large_image\" \/>\n<meta name=\"twitter:label1\" content=\"Tempo di lettura stimato\" \/>\n\t<meta name=\"twitter:data1\" content=\"7 minuti\" \/>\n<script type=\"application\/ld+json\" class=\"yoast-schema-graph\">{\"@context\":\"https:\\\/\\\/schema.org\",\"@graph\":[{\"@type\":\"WebPage\",\"@id\":\"https:\\\/\\\/heikebrittaunap.com\\\/ueber-mich\\\/\",\"url\":\"https:\\\/\\\/heikebrittaunap.com\\\/ueber-mich\\\/\",\"name\":\"\u00dcber mich | Heike Britt Aunap\",\"isPartOf\":{\"@id\":\"https:\\\/\\\/heikebrittaunap.com\\\/#website\"},\"primaryImageOfPage\":{\"@id\":\"https:\\\/\\\/heikebrittaunap.com\\\/ueber-mich\\\/#primaryimage\"},\"image\":{\"@id\":\"https:\\\/\\\/heikebrittaunap.com\\\/ueber-mich\\\/#primaryimage\"},\"thumbnailUrl\":\"https:\\\/\\\/heikebrittaunap.com\\\/wp-content\\\/uploads\\\/2024\\\/08\\\/Portraet-gruen-hoch-coaching-page.jpg\",\"datePublished\":\"2024-09-20T23:03:41+00:00\",\"dateModified\":\"2024-12-12T11:23:08+00:00\",\"description\":\"Ich unterst\u00fctze weibliche F\u00fchrungskr\u00e4fte dabei, Selbstsicherheit zu gewinnen & ihr Team zu inspirieren \u2013 f\u00fcr authentische & nachhaltige F\u00fchrung.\",\"breadcrumb\":{\"@id\":\"https:\\\/\\\/heikebrittaunap.com\\\/ueber-mich\\\/#breadcrumb\"},\"inLanguage\":\"it-IT\",\"potentialAction\":[{\"@type\":\"ReadAction\",\"target\":[\"https:\\\/\\\/heikebrittaunap.com\\\/ueber-mich\\\/\"]}]},{\"@type\":\"ImageObject\",\"inLanguage\":\"it-IT\",\"@id\":\"https:\\\/\\\/heikebrittaunap.com\\\/ueber-mich\\\/#primaryimage\",\"url\":\"https:\\\/\\\/heikebrittaunap.com\\\/wp-content\\\/uploads\\\/2024\\\/08\\\/Portraet-gruen-hoch-coaching-page.jpg\",\"contentUrl\":\"https:\\\/\\\/heikebrittaunap.com\\\/wp-content\\\/uploads\\\/2024\\\/08\\\/Portraet-gruen-hoch-coaching-page.jpg\",\"width\":1535,\"height\":2126},{\"@type\":\"BreadcrumbList\",\"@id\":\"https:\\\/\\\/heikebrittaunap.com\\\/ueber-mich\\\/#breadcrumb\",\"itemListElement\":[{\"@type\":\"ListItem\",\"position\":1,\"name\":\"Startseite\",\"item\":\"https:\\\/\\\/heikebrittaunap.com\\\/\"},{\"@type\":\"ListItem\",\"position\":2,\"name\":\"\u00dcber mich\"}]},{\"@type\":\"WebSite\",\"@id\":\"https:\\\/\\\/heikebrittaunap.com\\\/#website\",\"url\":\"https:\\\/\\\/heikebrittaunap.com\\\/\",\"name\":\"heikebrittaunap.com\",\"description\":\"\",\"potentialAction\":[{\"@type\":\"SearchAction\",\"target\":{\"@type\":\"EntryPoint\",\"urlTemplate\":\"https:\\\/\\\/heikebrittaunap.com\\\/?s={search_term_string}\"},\"query-input\":{\"@type\":\"PropertyValueSpecification\",\"valueRequired\":true,\"valueName\":\"search_term_string\"}}],\"inLanguage\":\"it-IT\"}]}<\/script>\n<!-- \/ Yoast SEO plugin. -->","yoast_head_json":{"title":"Su di me | Heike Britt Aunap","description":"Sostengo le donne manager nell'acquisire fiducia in se stesse e nell'ispirare il proprio team, per una leadership autentica e sostenibile.","robots":{"index":"index","follow":"follow","max-snippet":"max-snippet:-1","max-image-preview":"max-image-preview:large","max-video-preview":"max-video-preview:-1"},"canonical":"https:\/\/heikebrittaunap.com\/it\/su-di-me\/","og_locale":"it_IT","og_type":"article","og_title":"\u00dcber mich | Heike Britt Aunap","og_description":"Ich unterst\u00fctze weibliche F\u00fchrungskr\u00e4fte dabei, Selbstsicherheit zu gewinnen & ihr Team zu inspirieren \u2013 f\u00fcr authentische & nachhaltige F\u00fchrung.","og_url":"https:\/\/heikebrittaunap.com\/it\/su-di-me\/","og_site_name":"heikebrittaunap.com","article_modified_time":"2024-12-12T11:23:08+00:00","og_image":[{"width":1535,"height":2126,"url":"https:\/\/heikebrittaunap.com\/wp-content\/uploads\/2024\/08\/Portraet-gruen-hoch-coaching-page.jpg","type":"image\/jpeg"}],"twitter_card":"summary_large_image","twitter_misc":{"Tempo di lettura stimato":"7 minuti"},"schema":{"@context":"https:\/\/schema.org","@graph":[{"@type":"WebPage","@id":"https:\/\/heikebrittaunap.com\/ueber-mich\/","url":"https:\/\/heikebrittaunap.com\/ueber-mich\/","name":"Su di me | Heike Britt Aunap","isPartOf":{"@id":"https:\/\/heikebrittaunap.com\/#website"},"primaryImageOfPage":{"@id":"https:\/\/heikebrittaunap.com\/ueber-mich\/#primaryimage"},"image":{"@id":"https:\/\/heikebrittaunap.com\/ueber-mich\/#primaryimage"},"thumbnailUrl":"https:\/\/heikebrittaunap.com\/wp-content\/uploads\/2024\/08\/Portraet-gruen-hoch-coaching-page.jpg","datePublished":"2024-09-20T23:03:41+00:00","dateModified":"2024-12-12T11:23:08+00:00","description":"Sostengo le donne manager nell'acquisire fiducia in se stesse e nell'ispirare il proprio team, per una leadership autentica e sostenibile.","breadcrumb":{"@id":"https:\/\/heikebrittaunap.com\/ueber-mich\/#breadcrumb"},"inLanguage":"it-IT","potentialAction":[{"@type":"ReadAction","target":["https:\/\/heikebrittaunap.com\/ueber-mich\/"]}]},{"@type":"ImageObject","inLanguage":"it-IT","@id":"https:\/\/heikebrittaunap.com\/ueber-mich\/#primaryimage","url":"https:\/\/heikebrittaunap.com\/wp-content\/uploads\/2024\/08\/Portraet-gruen-hoch-coaching-page.jpg","contentUrl":"https:\/\/heikebrittaunap.com\/wp-content\/uploads\/2024\/08\/Portraet-gruen-hoch-coaching-page.jpg","width":1535,"height":2126},{"@type":"BreadcrumbList","@id":"https:\/\/heikebrittaunap.com\/ueber-mich\/#breadcrumb","itemListElement":[{"@type":"ListItem","position":1,"name":"Startseite","item":"https:\/\/heikebrittaunap.com\/"},{"@type":"ListItem","position":2,"name":"\u00dcber mich"}]},{"@type":"WebSite","@id":"https:\/\/heikebrittaunap.com\/#website","url":"https:\/\/heikebrittaunap.com\/","name":"heikebrittaunap.com","description":"","potentialAction":[{"@type":"SearchAction","target":{"@type":"EntryPoint","urlTemplate":"https:\/\/heikebrittaunap.com\/?s={search_term_string}"},"query-input":{"@type":"PropertyValueSpecification","valueRequired":true,"valueName":"search_term_string"}}],"inLanguage":"it-IT"}]}},"_links":{"self":[{"href":"https:\/\/heikebrittaunap.com\/it\/wp-json\/wp\/v2\/pages\/1881","targetHints":{"allow":["GET"]}}],"collection":[{"href":"https:\/\/heikebrittaunap.com\/it\/wp-json\/wp\/v2\/pages"}],"about":[{"href":"https:\/\/heikebrittaunap.com\/it\/wp-json\/wp\/v2\/types\/page"}],"author":[{"embeddable":true,"href":"https:\/\/heikebrittaunap.com\/it\/wp-json\/wp\/v2\/users\/3"}],"replies":[{"embeddable":true,"href":"https:\/\/heikebrittaunap.com\/it\/wp-json\/wp\/v2\/comments?post=1881"}],"version-history":[{"count":10,"href":"https:\/\/heikebrittaunap.com\/it\/wp-json\/wp\/v2\/pages\/1881\/revisions"}],"predecessor-version":[{"id":2280,"href":"https:\/\/heikebrittaunap.com\/it\/wp-json\/wp\/v2\/pages\/1881\/revisions\/2280"}],"wp:featuredmedia":[{"embeddable":true,"href":"https:\/\/heikebrittaunap.com\/it\/wp-json\/wp\/v2\/media\/1590"}],"wp:attachment":[{"href":"https:\/\/heikebrittaunap.com\/it\/wp-json\/wp\/v2\/media?parent=1881"}],"curies":[{"name":"wp","href":"https:\/\/api.w.org\/{rel}","templated":true}]}}