{"id":1876,"date":"2024-09-20T19:25:33","date_gmt":"2024-09-20T17:25:33","guid":{"rendered":"https:\/\/heikebrittaunap.com\/?page_id=1876"},"modified":"2025-06-17T00:26:29","modified_gmt":"2025-06-16T22:26:29","slug":"lista-di-controllo-in-5-fasi-per-le-donne-manager-grazie","status":"publish","type":"page","link":"https:\/\/heikebrittaunap.com\/it\/5-schritte-checkliste-fuer-weibliche-fuehrungskraefte-danke\/","title":{"rendered":"Lista di controllo in 5 fasi per le donne manager - Grazie"},"content":{"rendered":"<h1 style=\"text-align: center;\">Ottimo, ha funzionato!<\/h1>\n<p>Deine 5-Schritte-Checkliste &#8222;Erfolg ohne Selbstzweifel&#8220; ist bereits auf dem Weg in dein Postfach.<span style=\"\"><img decoding=\"async\" alt=\"\" data-id=\"2114\" width=\"478\" data-init-width=\"1200\" height=\"597\" data-init-height=\"1500\" title=\"18.11.2024 La forza viene dall&#039;interno 2\" loading=\"lazy\" src=\"https:\/\/heikebrittaunap.com\/wp-content\/uploads\/2024\/11\/18.11.2024-Staerke-kommt-von-Innen-2.png\" data-width=\"478\" data-height=\"597\" style=\"aspect-ratio: auto 1200 \/ 1500;\" mt-d=\"-1.018000000000029\" ml-d=\"0\"><\/span><\/p>\n<h2 style=\"text-align: left;\"><span style=\"\">Scarica QUI il mio nuovissimo libro sulla leadership in collaborazione con Brian Tracy, il principale esperto di mindset per il successo aziendale sostenibile.<\/span><\/h2>\n<h3 style=\"text-align: left;\"><span style=\"font-weight: normal; --tcb-applied-color: var$(--tcb-color-0) !important; color: var(--tcb-color-0) !important;\">Il codice della maestria aziendale<\/span><\/h3>\n<p style=\"text-align: left;\"><span style=\"color: var(--tcb-skin-color-5) !important;\"><span style=\"--tcb-applied-color: var$(--tcb-skin-color-5) !important;\">Scoprite come potete condurre in modo brillante la vostra attivit\u00e0 di manager e conquistare le persone con il vostro entusiasmo.<\/span><\/span><\/p>\n<p style=\"text-align: left;\"><span style=\"--tcb-applied-color: var$(--tcb-skin-color-5) !important; color: var(--tcb-skin-color-5) !important;\">Raggiungete i vostri obiettivi di carriera senza dover sacrificare la vostra vita privata.<\/span><\/p>\n<p><span><a href=\"https:\/\/heikebrittaunap.thrivecart.com\/cracking-the-business-mastery-code\/\" target=\"_blank\"><img decoding=\"async\" alt=\"\" data-id=\"2116\" width=\"285\" data-init-width=\"1893\" height=\"74\" data-init-height=\"495\" title=\"\" loading=\"lazy\" src=\"https:\/\/heikebrittaunap.com\/wp-content\/uploads\/2024\/11\/BUTTON-gold-BUCH-sichern.jpg\" data-width=\"285\" data-height=\"74\" style=\"aspect-ratio: auto 1893 \/ 495;\" data-link-wrap=\"true\"><\/a><\/span><\/p>\n<h4 style=\"text-align: center;\">Entra nella mia community<\/h4>\n<h4 style=\"text-align: center;\">Dann werde Teil meiner Community&#8230;<\/h4>\n<h5 style=\"\">Podcast per manager moderni<\/h5>\n<p>Der &#8222;KUNSTvoll entspannt&#8220; Podcast bietet dir L\u00f6sungen und Inspiration:<\/p>\n<ul>\n<li>Come l'arte aiuta a superare i propri limiti<\/li>\n<li>come utilizzare meglio le proprie risorse e i propri punti di forza<\/li>\n<li>come vivere la vostra creativit\u00e0 e realizzare le vostre visioni<\/li>\n<\/ul>\n<h5 style=\"\">Vieni nella mia Leadership Lounge<\/h5>\n<p>Qui vi parlo della mia attivit\u00e0, del coaching, dell'arte e dell'Italia.<\/p>\n<p>Entrare in contatto con persone che la pensano come te e trarne vantaggio:<\/p>\n<ul>\n<li>corsi di formazione stimolanti<\/li>\n<li>Consigli per gli affari<\/li>\n<li>workshop gratuiti sulla leadership di successo<\/li>\n<\/ul>\n<h5 style=\"\">Collegatevi a me su LinkedIn<\/h5>\n<p>Ricevere preziosi consigli e strategie per una gestione efficace del tempo e dello stress e per il vostro benessere personale:<\/p>\n<ul>\n<li>Molti consigli pratici e realizzabili per una leadership senza stress<\/li>\n<li>Strategie per il vostro sviluppo personale.<\/li>\n<li>Notizie su nuove offerte ed eventi&nbsp;<\/li>\n<\/ul>","protected":false},"excerpt":{"rendered":"<p>Super, das hat geklappt! Deine 5-Schritte-Checkliste &#8222;Erfolg ohne Selbstzweifel&#8220; ist bereits auf dem Weg in dein Postfach. Sichere dir HIER mein brandaktuelles Leadership Buch gemeinsam mit Brian Tracy, dem f\u00fchrenden Mindset Experten f\u00fcr nachhaltige Business Erfolge Cracking the Business Mastery Code Erfahre wie die als F\u00fchrungskraft brilliant f\u00fchrts und Menschen begeistert in deinen Bann ziehst. [&hellip;]<\/p>\n","protected":false},"author":3,"featured_media":0,"parent":0,"menu_order":0,"comment_status":"closed","ping_status":"closed","template":"","meta":{"footnotes":"","tve_updated_post":"","tve_custom_css":"","tve_user_custom_css":"","tve_globals":{},"tcb2_ready":1,"tcb_editor_enabled":1,"tve_landing_page":"3a22d57d9140b5025a0010e858a1ea0e","_tve_header":"0","_tve_footer":"26"},"class_list":["post-1876","page","type-page","status-publish","hentry","post-wrapper","thrv_wrapper"],"yoast_head":"<!-- This site is optimized with the Yoast SEO plugin v27.5 - https:\/\/yoast.com\/product\/yoast-seo-wordpress\/ -->\n<title>5-Schritte-Checkliste f\u00fcr weibliche Fuehrungskraefte - Danke - heikebrittaunap.com<\/title>\n<meta name=\"robots\" content=\"index, follow, max-snippet:-1, max-image-preview:large, max-video-preview:-1\" \/>\n<link rel=\"canonical\" href=\"https:\/\/heikebrittaunap.com\/it\/lista-di-controllo-in-5-fasi-per-le-donne-manager-grazie\/\" \/>\n<meta property=\"og:locale\" content=\"it_IT\" \/>\n<meta property=\"og:type\" content=\"article\" \/>\n<meta property=\"og:title\" content=\"5-Schritte-Checkliste f\u00fcr weibliche Fuehrungskraefte - Danke - heikebrittaunap.com\" \/>\n<meta property=\"og:description\" content=\"Super, das hat geklappt! Deine 5-Schritte-Checkliste &#8222;Erfolg ohne Selbstzweifel&#8220; ist bereits auf dem Weg in dein Postfach. Sichere dir HIER mein brandaktuelles Leadership Buch gemeinsam mit Brian Tracy, dem f\u00fchrenden Mindset Experten f\u00fcr nachhaltige Business Erfolge Cracking the Business Mastery Code Erfahre wie die als F\u00fchrungskraft brilliant f\u00fchrts und Menschen begeistert in deinen Bann ziehst. [&hellip;]\" \/>\n<meta property=\"og:url\" content=\"https:\/\/heikebrittaunap.com\/it\/lista-di-controllo-in-5-fasi-per-le-donne-manager-grazie\/\" \/>\n<meta property=\"og:site_name\" content=\"heikebrittaunap.com\" \/>\n<meta property=\"article:modified_time\" content=\"2025-06-16T22:26:29+00:00\" \/>\n<meta property=\"og:image\" content=\"https:\/\/heikebrittaunap.com\/wp-content\/uploads\/2024\/11\/18.11.2024-Staerke-kommt-von-Innen-2.png\" \/>\n<meta name=\"twitter:card\" content=\"summary_large_image\" \/>\n<meta name=\"twitter:label1\" content=\"Tempo di lettura stimato\" \/>\n\t<meta name=\"twitter:data1\" content=\"2 minuti\" \/>\n<script type=\"application\/ld+json\" class=\"yoast-schema-graph\">{\"@context\":\"https:\\\/\\\/schema.org\",\"@graph\":[{\"@type\":\"WebPage\",\"@id\":\"https:\\\/\\\/heikebrittaunap.com\\\/5-schritte-checkliste-fuer-weibliche-fuehrungskraefte-danke\\\/\",\"url\":\"https:\\\/\\\/heikebrittaunap.com\\\/5-schritte-checkliste-fuer-weibliche-fuehrungskraefte-danke\\\/\",\"name\":\"5-Schritte-Checkliste f\u00fcr weibliche Fuehrungskraefte - Danke - heikebrittaunap.com\",\"isPartOf\":{\"@id\":\"https:\\\/\\\/heikebrittaunap.com\\\/#website\"},\"primaryImageOfPage\":{\"@id\":\"https:\\\/\\\/heikebrittaunap.com\\\/5-schritte-checkliste-fuer-weibliche-fuehrungskraefte-danke\\\/#primaryimage\"},\"image\":{\"@id\":\"https:\\\/\\\/heikebrittaunap.com\\\/5-schritte-checkliste-fuer-weibliche-fuehrungskraefte-danke\\\/#primaryimage\"},\"thumbnailUrl\":\"https:\\\/\\\/heikebrittaunap.com\\\/wp-content\\\/uploads\\\/2024\\\/11\\\/18.11.2024-Staerke-kommt-von-Innen-2.png\",\"datePublished\":\"2024-09-20T17:25:33+00:00\",\"dateModified\":\"2025-06-16T22:26:29+00:00\",\"breadcrumb\":{\"@id\":\"https:\\\/\\\/heikebrittaunap.com\\\/5-schritte-checkliste-fuer-weibliche-fuehrungskraefte-danke\\\/#breadcrumb\"},\"inLanguage\":\"it-IT\",\"potentialAction\":[{\"@type\":\"ReadAction\",\"target\":[\"https:\\\/\\\/heikebrittaunap.com\\\/5-schritte-checkliste-fuer-weibliche-fuehrungskraefte-danke\\\/\"]}]},{\"@type\":\"ImageObject\",\"inLanguage\":\"it-IT\",\"@id\":\"https:\\\/\\\/heikebrittaunap.com\\\/5-schritte-checkliste-fuer-weibliche-fuehrungskraefte-danke\\\/#primaryimage\",\"url\":\"https:\\\/\\\/heikebrittaunap.com\\\/wp-content\\\/uploads\\\/2024\\\/11\\\/18.11.2024-Staerke-kommt-von-Innen-2.png\",\"contentUrl\":\"https:\\\/\\\/heikebrittaunap.com\\\/wp-content\\\/uploads\\\/2024\\\/11\\\/18.11.2024-Staerke-kommt-von-Innen-2.png\"},{\"@type\":\"BreadcrumbList\",\"@id\":\"https:\\\/\\\/heikebrittaunap.com\\\/5-schritte-checkliste-fuer-weibliche-fuehrungskraefte-danke\\\/#breadcrumb\",\"itemListElement\":[{\"@type\":\"ListItem\",\"position\":1,\"name\":\"Startseite\",\"item\":\"https:\\\/\\\/heikebrittaunap.com\\\/\"},{\"@type\":\"ListItem\",\"position\":2,\"name\":\"5-Schritte-Checkliste f\u00fcr weibliche Fuehrungskraefte &#8211; Danke\"}]},{\"@type\":\"WebSite\",\"@id\":\"https:\\\/\\\/heikebrittaunap.com\\\/#website\",\"url\":\"https:\\\/\\\/heikebrittaunap.com\\\/\",\"name\":\"heikebrittaunap.com\",\"description\":\"\",\"potentialAction\":[{\"@type\":\"SearchAction\",\"target\":{\"@type\":\"EntryPoint\",\"urlTemplate\":\"https:\\\/\\\/heikebrittaunap.com\\\/?s={search_term_string}\"},\"query-input\":{\"@type\":\"PropertyValueSpecification\",\"valueRequired\":true,\"valueName\":\"search_term_string\"}}],\"inLanguage\":\"it-IT\"}]}<\/script>\n<!-- \/ Yoast SEO plugin. -->","yoast_head_json":{"title":"Lista di controllo in 5 passi per le donne manager - Grazie - heikebrittaunap.com","robots":{"index":"index","follow":"follow","max-snippet":"max-snippet:-1","max-image-preview":"max-image-preview:large","max-video-preview":"max-video-preview:-1"},"canonical":"https:\/\/heikebrittaunap.com\/it\/lista-di-controllo-in-5-fasi-per-le-donne-manager-grazie\/","og_locale":"it_IT","og_type":"article","og_title":"5-Schritte-Checkliste f\u00fcr weibliche Fuehrungskraefte - Danke - heikebrittaunap.com","og_description":"Super, das hat geklappt! Deine 5-Schritte-Checkliste &#8222;Erfolg ohne Selbstzweifel&#8220; ist bereits auf dem Weg in dein Postfach. Sichere dir HIER mein brandaktuelles Leadership Buch gemeinsam mit Brian Tracy, dem f\u00fchrenden Mindset Experten f\u00fcr nachhaltige Business Erfolge Cracking the Business Mastery Code Erfahre wie die als F\u00fchrungskraft brilliant f\u00fchrts und Menschen begeistert in deinen Bann ziehst. [&hellip;]","og_url":"https:\/\/heikebrittaunap.com\/it\/lista-di-controllo-in-5-fasi-per-le-donne-manager-grazie\/","og_site_name":"heikebrittaunap.com","article_modified_time":"2025-06-16T22:26:29+00:00","og_image":[{"url":"https:\/\/heikebrittaunap.com\/wp-content\/uploads\/2024\/11\/18.11.2024-Staerke-kommt-von-Innen-2.png","type":"","width":"","height":""}],"twitter_card":"summary_large_image","twitter_misc":{"Tempo di lettura stimato":"2 minuti"},"schema":{"@context":"https:\/\/schema.org","@graph":[{"@type":"WebPage","@id":"https:\/\/heikebrittaunap.com\/5-schritte-checkliste-fuer-weibliche-fuehrungskraefte-danke\/","url":"https:\/\/heikebrittaunap.com\/5-schritte-checkliste-fuer-weibliche-fuehrungskraefte-danke\/","name":"Lista di controllo in 5 passi per le donne manager - Grazie - heikebrittaunap.com","isPartOf":{"@id":"https:\/\/heikebrittaunap.com\/#website"},"primaryImageOfPage":{"@id":"https:\/\/heikebrittaunap.com\/5-schritte-checkliste-fuer-weibliche-fuehrungskraefte-danke\/#primaryimage"},"image":{"@id":"https:\/\/heikebrittaunap.com\/5-schritte-checkliste-fuer-weibliche-fuehrungskraefte-danke\/#primaryimage"},"thumbnailUrl":"https:\/\/heikebrittaunap.com\/wp-content\/uploads\/2024\/11\/18.11.2024-Staerke-kommt-von-Innen-2.png","datePublished":"2024-09-20T17:25:33+00:00","dateModified":"2025-06-16T22:26:29+00:00","breadcrumb":{"@id":"https:\/\/heikebrittaunap.com\/5-schritte-checkliste-fuer-weibliche-fuehrungskraefte-danke\/#breadcrumb"},"inLanguage":"it-IT","potentialAction":[{"@type":"ReadAction","target":["https:\/\/heikebrittaunap.com\/5-schritte-checkliste-fuer-weibliche-fuehrungskraefte-danke\/"]}]},{"@type":"ImageObject","inLanguage":"it-IT","@id":"https:\/\/heikebrittaunap.com\/5-schritte-checkliste-fuer-weibliche-fuehrungskraefte-danke\/#primaryimage","url":"https:\/\/heikebrittaunap.com\/wp-content\/uploads\/2024\/11\/18.11.2024-Staerke-kommt-von-Innen-2.png","contentUrl":"https:\/\/heikebrittaunap.com\/wp-content\/uploads\/2024\/11\/18.11.2024-Staerke-kommt-von-Innen-2.png"},{"@type":"BreadcrumbList","@id":"https:\/\/heikebrittaunap.com\/5-schritte-checkliste-fuer-weibliche-fuehrungskraefte-danke\/#breadcrumb","itemListElement":[{"@type":"ListItem","position":1,"name":"Startseite","item":"https:\/\/heikebrittaunap.com\/"},{"@type":"ListItem","position":2,"name":"5-Schritte-Checkliste f\u00fcr weibliche Fuehrungskraefte &#8211; Danke"}]},{"@type":"WebSite","@id":"https:\/\/heikebrittaunap.com\/#website","url":"https:\/\/heikebrittaunap.com\/","name":"heikebrittaunap.com","description":"","potentialAction":[{"@type":"SearchAction","target":{"@type":"EntryPoint","urlTemplate":"https:\/\/heikebrittaunap.com\/?s={search_term_string}"},"query-input":{"@type":"PropertyValueSpecification","valueRequired":true,"valueName":"search_term_string"}}],"inLanguage":"it-IT"}]}},"_links":{"self":[{"href":"https:\/\/heikebrittaunap.com\/it\/wp-json\/wp\/v2\/pages\/1876","targetHints":{"allow":["GET"]}}],"collection":[{"href":"https:\/\/heikebrittaunap.com\/it\/wp-json\/wp\/v2\/pages"}],"about":[{"href":"https:\/\/heikebrittaunap.com\/it\/wp-json\/wp\/v2\/types\/page"}],"author":[{"embeddable":true,"href":"https:\/\/heikebrittaunap.com\/it\/wp-json\/wp\/v2\/users\/3"}],"replies":[{"embeddable":true,"href":"https:\/\/heikebrittaunap.com\/it\/wp-json\/wp\/v2\/comments?post=1876"}],"version-history":[{"count":10,"href":"https:\/\/heikebrittaunap.com\/it\/wp-json\/wp\/v2\/pages\/1876\/revisions"}],"predecessor-version":[{"id":2579,"href":"https:\/\/heikebrittaunap.com\/it\/wp-json\/wp\/v2\/pages\/1876\/revisions\/2579"}],"wp:attachment":[{"href":"https:\/\/heikebrittaunap.com\/it\/wp-json\/wp\/v2\/media?parent=1876"}],"curies":[{"name":"wp","href":"https:\/\/api.w.org\/{rel}","templated":true}]}}