{"id":1311,"date":"2024-07-18T22:05:53","date_gmt":"2024-07-18T20:05:53","guid":{"rendered":"https:\/\/heikebrittaunap.com\/?page_id=1311"},"modified":"2025-11-06T01:08:41","modified_gmt":"2025-11-06T00:08:41","slug":"ritiro-di-1-giorno","status":"publish","type":"page","link":"https:\/\/heikebrittaunap.com\/it\/1-day-retreat\/","title":{"rendered":"Ritiro di 1 giorno"},"content":{"rendered":"<h1 style=\"text-align: left;\"><b>Siate VOI<\/b><\/h1>\n<h2 style=\"\">Giornata della trasformazione per le donne leader<\/h2>\n<h2 style=\"\">Milano | 22.11.2025<\/h2>\n<p style=\"\">Liberare l'essenza della propria forza femminile<\/p>\n<h1 style=\"text-align: left;\"><b>Siate VOI<\/b><\/h1>\n<h2>Giornata della trasformazione per le donne leader<\/h2>\n<h2>Il vostro tempo libero a Milano&nbsp;<\/h2>\n<p style=\"\">Liberare l'essenza della propria forza femminile<\/p>\n<p><span><img decoding=\"async\" alt=\"\" data-id=\"829\" width=\"772\" height=\"737\" title=\"TV 2\" src=\"https:\/\/heikebrittaunap.com\/wp-content\/uploads\/2024\/04\/TV-2.png\" data-src=\"https:\/\/heikebrittaunap.com\/wp-content\/uploads\/2024\/04\/TV-2-300x286.png\" loading=\"lazy\" data-sizes=\"{&quot;thumbnail&quot;:{&quot;height&quot;:150,&quot;width&quot;:150,&quot;url&quot;:&quot;https:\/\/heikebrittaunap.com\/wp-content\/uploads\/2024\/04\/TV-2-150x150.png&quot;,&quot;orientation&quot;:&quot;landscape&quot;},&quot;medium&quot;:{&quot;height&quot;:286,&quot;width&quot;:300,&quot;url&quot;:&quot;https:\/\/heikebrittaunap.com\/wp-content\/uploads\/2024\/04\/TV-2-300x286.png&quot;,&quot;orientation&quot;:&quot;landscape&quot;},&quot;full&quot;:{&quot;url&quot;:&quot;https:\/\/heikebrittaunap.com\/wp-content\/uploads\/2024\/04\/TV-2.png&quot;,&quot;height&quot;:737,&quot;width&quot;:772,&quot;orientation&quot;:&quot;landscape&quot;}}\" style=\"\"><\/span><span><img decoding=\"async\" alt=\"\" data-id=\"827\" width=\"772\" height=\"737\" title=\"Berliner Morgenpost\" src=\"https:\/\/heikebrittaunap.com\/wp-content\/uploads\/2024\/04\/Berliner-Morgenpost.png\" data-src=\"https:\/\/heikebrittaunap.com\/wp-content\/uploads\/2024\/04\/Berliner-Morgenpost-300x286.png\" loading=\"lazy\" data-sizes=\"{&quot;thumbnail&quot;:{&quot;height&quot;:150,&quot;width&quot;:150,&quot;url&quot;:&quot;https:\/\/heikebrittaunap.com\/wp-content\/uploads\/2024\/04\/Berliner-Morgenpost-150x150.png&quot;,&quot;orientation&quot;:&quot;landscape&quot;},&quot;medium&quot;:{&quot;height&quot;:286,&quot;width&quot;:300,&quot;url&quot;:&quot;https:\/\/heikebrittaunap.com\/wp-content\/uploads\/2024\/04\/Berliner-Morgenpost-300x286.png&quot;,&quot;orientation&quot;:&quot;landscape&quot;},&quot;full&quot;:{&quot;url&quot;:&quot;https:\/\/heikebrittaunap.com\/wp-content\/uploads\/2024\/04\/Berliner-Morgenpost.png&quot;,&quot;height&quot;:737,&quot;width&quot;:772,&quot;orientation&quot;:&quot;landscape&quot;}}\" style=\"\"><\/span><span><img decoding=\"async\" alt=\"\" data-id=\"828\" width=\"772\" height=\"737\" title=\"Certificare l&#039;allenatore\" src=\"https:\/\/heikebrittaunap.com\/wp-content\/uploads\/2024\/04\/Certify-Coach.png\" data-src=\"https:\/\/heikebrittaunap.com\/wp-content\/uploads\/2024\/04\/Certify-Coach-300x286.png\" loading=\"lazy\" data-sizes=\"{&quot;thumbnail&quot;:{&quot;height&quot;:150,&quot;width&quot;:150,&quot;url&quot;:&quot;https:\/\/heikebrittaunap.com\/wp-content\/uploads\/2024\/04\/Certify-Coach-150x150.png&quot;,&quot;orientation&quot;:&quot;landscape&quot;},&quot;medium&quot;:{&quot;height&quot;:286,&quot;width&quot;:300,&quot;url&quot;:&quot;https:\/\/heikebrittaunap.com\/wp-content\/uploads\/2024\/04\/Certify-Coach-300x286.png&quot;,&quot;orientation&quot;:&quot;landscape&quot;},&quot;full&quot;:{&quot;url&quot;:&quot;https:\/\/heikebrittaunap.com\/wp-content\/uploads\/2024\/04\/Certify-Coach.png&quot;,&quot;height&quot;:737,&quot;width&quot;:772,&quot;orientation&quot;:&quot;landscape&quot;}}\" style=\"\"><\/span><span><img decoding=\"async\" alt=\"\" data-id=\"826\" width=\"772\" height=\"737\" title=\"Portale Storia dell&#039;arte\" src=\"https:\/\/heikebrittaunap.com\/wp-content\/uploads\/2024\/04\/Portal-Kunstgeschichte.png\" data-src=\"https:\/\/heikebrittaunap.com\/wp-content\/uploads\/2024\/04\/Portal-Kunstgeschichte-300x286.png\" loading=\"lazy\" data-sizes=\"{&quot;thumbnail&quot;:{&quot;height&quot;:150,&quot;width&quot;:150,&quot;url&quot;:&quot;https:\/\/heikebrittaunap.com\/wp-content\/uploads\/2024\/04\/Portal-Kunstgeschichte-150x150.png&quot;,&quot;orientation&quot;:&quot;landscape&quot;},&quot;medium&quot;:{&quot;height&quot;:286,&quot;width&quot;:300,&quot;url&quot;:&quot;https:\/\/heikebrittaunap.com\/wp-content\/uploads\/2024\/04\/Portal-Kunstgeschichte-300x286.png&quot;,&quot;orientation&quot;:&quot;landscape&quot;},&quot;full&quot;:{&quot;url&quot;:&quot;https:\/\/heikebrittaunap.com\/wp-content\/uploads\/2024\/04\/Portal-Kunstgeschichte.png&quot;,&quot;height&quot;:737,&quot;width&quot;:772,&quot;orientation&quot;:&quot;landscape&quot;}}\" style=\"\"><\/span><span><img decoding=\"async\" alt=\"\" data-id=\"825\" width=\"772\" height=\"737\" title=\"Scherer Daily\" src=\"https:\/\/heikebrittaunap.com\/wp-content\/uploads\/2024\/04\/Scherer-Daily.png\" data-src=\"https:\/\/heikebrittaunap.com\/wp-content\/uploads\/2024\/04\/Scherer-Daily-300x286.png\" loading=\"lazy\" data-sizes=\"{&quot;thumbnail&quot;:{&quot;height&quot;:150,&quot;width&quot;:150,&quot;url&quot;:&quot;https:\/\/heikebrittaunap.com\/wp-content\/uploads\/2024\/04\/Scherer-Daily-150x150.png&quot;,&quot;orientation&quot;:&quot;landscape&quot;},&quot;medium&quot;:{&quot;height&quot;:286,&quot;width&quot;:300,&quot;url&quot;:&quot;https:\/\/heikebrittaunap.com\/wp-content\/uploads\/2024\/04\/Scherer-Daily-300x286.png&quot;,&quot;orientation&quot;:&quot;landscape&quot;},&quot;full&quot;:{&quot;url&quot;:&quot;https:\/\/heikebrittaunap.com\/wp-content\/uploads\/2024\/04\/Scherer-Daily.png&quot;,&quot;height&quot;:737,&quot;width&quot;:772,&quot;orientation&quot;:&quot;landscape&quot;}}\" style=\"\"><\/span><span><img decoding=\"async\" alt=\"\" data-id=\"824\" width=\"772\" height=\"737\" title=\"Altoparlante\" src=\"https:\/\/heikebrittaunap.com\/wp-content\/uploads\/2024\/04\/Top-Speaker.png\" data-src=\"https:\/\/heikebrittaunap.com\/wp-content\/uploads\/2024\/04\/Top-Speaker-300x286.png\" loading=\"lazy\" data-sizes=\"{&quot;thumbnail&quot;:{&quot;height&quot;:150,&quot;width&quot;:150,&quot;url&quot;:&quot;https:\/\/heikebrittaunap.com\/wp-content\/uploads\/2024\/04\/Top-Speaker-150x150.png&quot;,&quot;orientation&quot;:&quot;landscape&quot;},&quot;medium&quot;:{&quot;height&quot;:286,&quot;width&quot;:300,&quot;url&quot;:&quot;https:\/\/heikebrittaunap.com\/wp-content\/uploads\/2024\/04\/Top-Speaker-300x286.png&quot;,&quot;orientation&quot;:&quot;landscape&quot;},&quot;full&quot;:{&quot;url&quot;:&quot;https:\/\/heikebrittaunap.com\/wp-content\/uploads\/2024\/04\/Top-Speaker.png&quot;,&quot;height&quot;:737,&quot;width&quot;:772,&quot;orientation&quot;:&quot;landscape&quot;}}\" style=\"\"><\/span><span><img decoding=\"async\" alt=\"\" data-id=\"823\" width=\"772\" height=\"737\" title=\"TV Mittelrhein\" src=\"https:\/\/heikebrittaunap.com\/wp-content\/uploads\/2024\/04\/TV-Mittelrhein.png\" data-src=\"https:\/\/heikebrittaunap.com\/wp-content\/uploads\/2024\/04\/TV-Mittelrhein-300x286.png\" loading=\"lazy\" data-sizes=\"{&quot;thumbnail&quot;:{&quot;height&quot;:150,&quot;width&quot;:150,&quot;url&quot;:&quot;https:\/\/heikebrittaunap.com\/wp-content\/uploads\/2024\/04\/TV-Mittelrhein-150x150.png&quot;,&quot;orientation&quot;:&quot;landscape&quot;},&quot;medium&quot;:{&quot;height&quot;:286,&quot;width&quot;:300,&quot;url&quot;:&quot;https:\/\/heikebrittaunap.com\/wp-content\/uploads\/2024\/04\/TV-Mittelrhein-300x286.png&quot;,&quot;orientation&quot;:&quot;landscape&quot;},&quot;full&quot;:{&quot;url&quot;:&quot;https:\/\/heikebrittaunap.com\/wp-content\/uploads\/2024\/04\/TV-Mittelrhein.png&quot;,&quot;height&quot;:737,&quot;width&quot;:772,&quot;orientation&quot;:&quot;landscape&quot;}}\" style=\"\"><\/span><span><img decoding=\"async\" alt=\"\" data-id=\"822\" width=\"772\" height=\"737\" title=\"Amburgo 2\" src=\"https:\/\/heikebrittaunap.com\/wp-content\/uploads\/2024\/04\/Hamburg-2.png\" data-src=\"https:\/\/heikebrittaunap.com\/wp-content\/uploads\/2024\/04\/Hamburg-2-300x286.png\" loading=\"lazy\" data-sizes=\"{&quot;thumbnail&quot;:{&quot;height&quot;:150,&quot;width&quot;:150,&quot;url&quot;:&quot;https:\/\/heikebrittaunap.com\/wp-content\/uploads\/2024\/04\/Hamburg-2-150x150.png&quot;,&quot;orientation&quot;:&quot;landscape&quot;},&quot;medium&quot;:{&quot;height&quot;:286,&quot;width&quot;:300,&quot;url&quot;:&quot;https:\/\/heikebrittaunap.com\/wp-content\/uploads\/2024\/04\/Hamburg-2-300x286.png&quot;,&quot;orientation&quot;:&quot;landscape&quot;},&quot;full&quot;:{&quot;url&quot;:&quot;https:\/\/heikebrittaunap.com\/wp-content\/uploads\/2024\/04\/Hamburg-2.png&quot;,&quot;height&quot;:737,&quot;width&quot;:772,&quot;orientation&quot;:&quot;landscape&quot;}}\" style=\"\"><\/span><\/p>\n<h2 style=\"text-align: center;\">Du f\u00fchrst&#8230; Du sorgst dich&#8230;Du gibst&#8230; Du machst den Unterschied&#8230;<span style=\"font-family: Modernline;\">&#8230; aber wann erlaubst Du dir einfach zu sein?<\/span><\/h2>\n<p><a href=\"#thrive-header\" jump-animation=\"smooth\"><\/a><\/p>\n<p style=\"text-align: center;\"><strong>Vivere l'atmosfera stimolante di Milano<\/strong><\/p>\n<p style=\"text-align: center;\"><strong><\/strong><\/p>\n<p style=\"text-align: center;\"><span style=\"font-size: 20px !important;\">Immergetevi in una <strong>ritiro esclusivo<\/strong>,&nbsp;<span>che soprattutto<\/span><\/span><\/p>\n<p style=\"text-align: center;\"><span style=\"font-size: 20px !important;\">per <strong>donne manager <\/strong>\u00e8 progettato come voi.<\/span><\/p>\n<p style=\"text-align: center;\"><span style=\"font-size: 21px !important;\"><\/span><\/p>\n<p style=\"text-align: center;\"><span><span>Il TRANSFORMATION DAY vi offre un'opportunit\u00e0 unica,<\/span><\/span><\/p>\n<p style=\"text-align: center;\"><span><span>voi <strong>per rigenerarsi in un mondo di lusso e serenit\u00e0<\/strong>.<\/span><\/span><\/p>\n<p style=\"text-align: center;\"><span><span>&nbsp;<\/span><\/span><\/p>\n<p style=\"text-align: center;\"><strong><span><span>Usufruire di un coaching personalizzato<\/span><\/span><\/strong><\/p>\n<p style=\"text-align: center;\"><span><span>Sessioni di yoga rilassanti e laboratori artistici stimolanti.&nbsp;<\/span><\/span><\/p>\n<p style=\"text-align: center;\"><span><span>tutto in una giornata ricca di profondit\u00e0 e di trasformazione personale.<\/span><\/span><\/p>\n<p style=\"text-align: center;\"><span>Ogni aspetto di questa giornata \u00e8 stato accuratamente progettato per coinvolgervi con<\/span><\/p>\n<p style=\"text-align: center;\"><span><\/span><span><strong>pi\u00f9 recente&nbsp;<\/strong><\/span><span><strong>Energia&nbsp;<\/strong><\/span><span>e <strong>visione chiara<\/strong><\/span><\/p>\n<p style=\"text-align: center;\"><span><strong><\/strong>nella vostra routine di gestione quotidiana.<\/span><\/p>\n<p style=\"text-align: center;\"><span>Sfruttate questa opportunit\u00e0 per realizzare il vostro pieno potenziale.<\/span><\/p>\n<p style=\"text-align: center;\"><span><\/span><\/p>\n<p style=\"text-align: center;\"><strong><span style=\"\">Assicuratevi ORA uno dei posti limitati.<\/span><\/strong><\/p>\n<p><span style=\"\"><img decoding=\"async\" alt=\"\" data-id=\"1530\" width=\"613\" data-init-width=\"2126\" height=\"443\" data-init-height=\"1535\" title=\"Ritratto verde orizzontale\" loading=\"lazy\" src=\"https:\/\/heikebrittaunap.com\/wp-content\/uploads\/2024\/07\/Portraet-gruen-quer.jpg\" data-width=\"613\" data-height=\"443\" style=\"aspect-ratio: auto 2126 \/ 1535;\" ml-d=\"-26\" mt-d=\"0\" center-h-d=\"false\" ml-m=\"-2.125\" center-h-m=\"false\" mt-m=\"0\"><\/span><\/p>\n<h3 style=\"\">Diventate l'opera d'arte delle vostre caratteristiche.<\/h3>\n<p style=\"text-align: left;\"><strong>Inizia sempre con voi<\/strong><\/p>\n<h3 style=\"text-align: left;\">Ora \u00e8 il vostro momento di risplendere<\/h3>\n<h3 style=\"text-align: left;\">Ora \u00e8 il vostro momento di LEADER<\/h3>\n<p style=\"text-align: left; color: var(--tcb-skin-color-5) !important; --tcb-applied-color: var$(--tcb-skin-color-5) !important;\"><span style=\"--tcb-applied-color: var$(--tcb-skin-color-5) !important;\">Guardatevi allo specchio e riconoscete chi siete veramente.&nbsp;<\/span><\/p>\n<p style=\"text-align: left; color: var(--tcb-skin-color-5) !important; --tcb-applied-color: var$(--tcb-skin-color-5) !important;\"><span style=\"--tcb-applied-color: var$(--tcb-skin-color-5) !important;\">Il vostro potenziale \u00e8 illimitato se credete in voi stessi e liberate il vostro potere.<\/span><\/p>\n<ul>","protected":false},"excerpt":{"rendered":"<p>Sei DU Transformation Day for Female Leaders Mailand | 22.11.2025 Entfalte die Essenz deiner weiblichen St\u00e4rke Sei DU Transformation Day for Female Leaders Deine Auszeit in Mailand&nbsp; Entfalte die Essenz deiner weiblichen St\u00e4rke Du f\u00fchrst&#8230; Du sorgst dich&#8230;Du gibst&#8230; Du machst den Unterschied&#8230;&#8230; aber wann erlaubst Du dir einfach zu sein? Erlebe die inspirierende Atmosph\u00e4re [&hellip;]<\/p>\n","protected":false},"author":3,"featured_media":2383,"parent":0,"menu_order":0,"comment_status":"closed","ping_status":"closed","template":"","meta":{"footnotes":""},"class_list":["post-1311","page","type-page","status-publish","has-post-thumbnail","hentry","post-wrapper","thrv_wrapper"],"yoast_head":"<!-- This site is optimized with the Yoast SEO plugin v27.5 - https:\/\/yoast.com\/product\/yoast-seo-wordpress\/ -->\n<title>Transformation Day - 1 Day Reatreat | Heike Britt Aunap<\/title>\n<meta name=\"description\" content=\"Der TRANSFORMATION DAY bietet dir eine einmalige Gelegenheit,dich in einer Welt aus Luxus und Gelassenheit zu regenerieren.\" \/>\n<meta name=\"robots\" content=\"index, follow, max-snippet:-1, max-image-preview:large, max-video-preview:-1\" \/>\n<link rel=\"canonical\" href=\"https:\/\/heikebrittaunap.com\/it\/ritiro-di-1-giorno\/\" \/>\n<meta property=\"og:locale\" content=\"it_IT\" \/>\n<meta property=\"og:type\" content=\"article\" \/>\n<meta property=\"og:title\" content=\"Transformation Day - 1 Day Reatreat | Heike Britt Aunap\" \/>\n<meta property=\"og:description\" content=\"Der TRANSFORMATION DAY bietet dir eine einmalige Gelegenheit,dich in einer Welt aus Luxus und Gelassenheit zu regenerieren.\" \/>\n<meta property=\"og:url\" content=\"https:\/\/heikebrittaunap.com\/it\/ritiro-di-1-giorno\/\" \/>\n<meta property=\"og:site_name\" content=\"heikebrittaunap.com\" \/>\n<meta property=\"article:modified_time\" content=\"2025-11-06T00:08:41+00:00\" \/>\n<meta property=\"og:image\" content=\"https:\/\/heikebrittaunap.com\/wp-content\/uploads\/2024\/12\/Screenshot-2024-12-28-at-14.02.44.png\" \/>\n\t<meta property=\"og:image:width\" content=\"520\" \/>\n\t<meta property=\"og:image:height\" content=\"388\" \/>\n\t<meta property=\"og:image:type\" content=\"image\/png\" \/>\n<meta name=\"twitter:card\" content=\"summary_large_image\" \/>\n<meta name=\"twitter:label1\" content=\"Tempo di lettura stimato\" \/>\n\t<meta name=\"twitter:data1\" content=\"9 minuti\" \/>\n<script type=\"application\/ld+json\" class=\"yoast-schema-graph\">{\"@context\":\"https:\\\/\\\/schema.org\",\"@graph\":[{\"@type\":\"WebPage\",\"@id\":\"https:\\\/\\\/heikebrittaunap.com\\\/1-day-retreat\\\/\",\"url\":\"https:\\\/\\\/heikebrittaunap.com\\\/1-day-retreat\\\/\",\"name\":\"Transformation Day - 1 Day Reatreat | Heike Britt Aunap\",\"isPartOf\":{\"@id\":\"https:\\\/\\\/heikebrittaunap.com\\\/#website\"},\"primaryImageOfPage\":{\"@id\":\"https:\\\/\\\/heikebrittaunap.com\\\/1-day-retreat\\\/#primaryimage\"},\"image\":{\"@id\":\"https:\\\/\\\/heikebrittaunap.com\\\/1-day-retreat\\\/#primaryimage\"},\"thumbnailUrl\":\"https:\\\/\\\/heikebrittaunap.com\\\/wp-content\\\/uploads\\\/2024\\\/12\\\/Screenshot-2024-12-28-at-14.02.44.png\",\"datePublished\":\"2024-07-18T20:05:53+00:00\",\"dateModified\":\"2025-11-06T00:08:41+00:00\",\"description\":\"Der TRANSFORMATION DAY bietet dir eine einmalige Gelegenheit,dich in einer Welt aus Luxus und Gelassenheit zu regenerieren.\",\"breadcrumb\":{\"@id\":\"https:\\\/\\\/heikebrittaunap.com\\\/1-day-retreat\\\/#breadcrumb\"},\"inLanguage\":\"it-IT\",\"potentialAction\":[{\"@type\":\"ReadAction\",\"target\":[\"https:\\\/\\\/heikebrittaunap.com\\\/1-day-retreat\\\/\"]}]},{\"@type\":\"ImageObject\",\"inLanguage\":\"it-IT\",\"@id\":\"https:\\\/\\\/heikebrittaunap.com\\\/1-day-retreat\\\/#primaryimage\",\"url\":\"https:\\\/\\\/heikebrittaunap.com\\\/wp-content\\\/uploads\\\/2024\\\/12\\\/Screenshot-2024-12-28-at-14.02.44.png\",\"contentUrl\":\"https:\\\/\\\/heikebrittaunap.com\\\/wp-content\\\/uploads\\\/2024\\\/12\\\/Screenshot-2024-12-28-at-14.02.44.png\",\"width\":520,\"height\":388},{\"@type\":\"BreadcrumbList\",\"@id\":\"https:\\\/\\\/heikebrittaunap.com\\\/1-day-retreat\\\/#breadcrumb\",\"itemListElement\":[{\"@type\":\"ListItem\",\"position\":1,\"name\":\"Startseite\",\"item\":\"https:\\\/\\\/heikebrittaunap.com\\\/\"},{\"@type\":\"ListItem\",\"position\":2,\"name\":\"1 Day Retreat\"}]},{\"@type\":\"WebSite\",\"@id\":\"https:\\\/\\\/heikebrittaunap.com\\\/#website\",\"url\":\"https:\\\/\\\/heikebrittaunap.com\\\/\",\"name\":\"heikebrittaunap.com\",\"description\":\"\",\"potentialAction\":[{\"@type\":\"SearchAction\",\"target\":{\"@type\":\"EntryPoint\",\"urlTemplate\":\"https:\\\/\\\/heikebrittaunap.com\\\/?s={search_term_string}\"},\"query-input\":{\"@type\":\"PropertyValueSpecification\",\"valueRequired\":true,\"valueName\":\"search_term_string\"}}],\"inLanguage\":\"it-IT\"}]}<\/script>\n<!-- \/ Yoast SEO plugin. -->","yoast_head_json":{"title":"Giornata della trasformazione - Ritiro di 1 giorno | Heike Britt Aunap","description":"La GIORNATA DELLA TRASFORMAZIONE vi offre un'opportunit\u00e0 unica per rigenerarvi in un mondo di lusso e serenit\u00e0.","robots":{"index":"index","follow":"follow","max-snippet":"max-snippet:-1","max-image-preview":"max-image-preview:large","max-video-preview":"max-video-preview:-1"},"canonical":"https:\/\/heikebrittaunap.com\/it\/ritiro-di-1-giorno\/","og_locale":"it_IT","og_type":"article","og_title":"Transformation Day - 1 Day Reatreat | Heike Britt Aunap","og_description":"Der TRANSFORMATION DAY bietet dir eine einmalige Gelegenheit,dich in einer Welt aus Luxus und Gelassenheit zu regenerieren.","og_url":"https:\/\/heikebrittaunap.com\/it\/ritiro-di-1-giorno\/","og_site_name":"heikebrittaunap.com","article_modified_time":"2025-11-06T00:08:41+00:00","og_image":[{"width":520,"height":388,"url":"https:\/\/heikebrittaunap.com\/wp-content\/uploads\/2024\/12\/Screenshot-2024-12-28-at-14.02.44.png","type":"image\/png"}],"twitter_card":"summary_large_image","twitter_misc":{"Tempo di lettura stimato":"9 minuti"},"schema":{"@context":"https:\/\/schema.org","@graph":[{"@type":"WebPage","@id":"https:\/\/heikebrittaunap.com\/1-day-retreat\/","url":"https:\/\/heikebrittaunap.com\/1-day-retreat\/","name":"Giornata della trasformazione - Ritiro di 1 giorno | Heike Britt Aunap","isPartOf":{"@id":"https:\/\/heikebrittaunap.com\/#website"},"primaryImageOfPage":{"@id":"https:\/\/heikebrittaunap.com\/1-day-retreat\/#primaryimage"},"image":{"@id":"https:\/\/heikebrittaunap.com\/1-day-retreat\/#primaryimage"},"thumbnailUrl":"https:\/\/heikebrittaunap.com\/wp-content\/uploads\/2024\/12\/Screenshot-2024-12-28-at-14.02.44.png","datePublished":"2024-07-18T20:05:53+00:00","dateModified":"2025-11-06T00:08:41+00:00","description":"La GIORNATA DELLA TRASFORMAZIONE vi offre un'opportunit\u00e0 unica per rigenerarvi in un mondo di lusso e serenit\u00e0.","breadcrumb":{"@id":"https:\/\/heikebrittaunap.com\/1-day-retreat\/#breadcrumb"},"inLanguage":"it-IT","potentialAction":[{"@type":"ReadAction","target":["https:\/\/heikebrittaunap.com\/1-day-retreat\/"]}]},{"@type":"ImageObject","inLanguage":"it-IT","@id":"https:\/\/heikebrittaunap.com\/1-day-retreat\/#primaryimage","url":"https:\/\/heikebrittaunap.com\/wp-content\/uploads\/2024\/12\/Screenshot-2024-12-28-at-14.02.44.png","contentUrl":"https:\/\/heikebrittaunap.com\/wp-content\/uploads\/2024\/12\/Screenshot-2024-12-28-at-14.02.44.png","width":520,"height":388},{"@type":"BreadcrumbList","@id":"https:\/\/heikebrittaunap.com\/1-day-retreat\/#breadcrumb","itemListElement":[{"@type":"ListItem","position":1,"name":"Startseite","item":"https:\/\/heikebrittaunap.com\/"},{"@type":"ListItem","position":2,"name":"1 Day Retreat"}]},{"@type":"WebSite","@id":"https:\/\/heikebrittaunap.com\/#website","url":"https:\/\/heikebrittaunap.com\/","name":"heikebrittaunap.com","description":"","potentialAction":[{"@type":"SearchAction","target":{"@type":"EntryPoint","urlTemplate":"https:\/\/heikebrittaunap.com\/?s={search_term_string}"},"query-input":{"@type":"PropertyValueSpecification","valueRequired":true,"valueName":"search_term_string"}}],"inLanguage":"it-IT"}]}},"_links":{"self":[{"href":"https:\/\/heikebrittaunap.com\/it\/wp-json\/wp\/v2\/pages\/1311","targetHints":{"allow":["GET"]}}],"collection":[{"href":"https:\/\/heikebrittaunap.com\/it\/wp-json\/wp\/v2\/pages"}],"about":[{"href":"https:\/\/heikebrittaunap.com\/it\/wp-json\/wp\/v2\/types\/page"}],"author":[{"embeddable":true,"href":"https:\/\/heikebrittaunap.com\/it\/wp-json\/wp\/v2\/users\/3"}],"replies":[{"embeddable":true,"href":"https:\/\/heikebrittaunap.com\/it\/wp-json\/wp\/v2\/comments?post=1311"}],"version-history":[{"count":10,"href":"https:\/\/heikebrittaunap.com\/it\/wp-json\/wp\/v2\/pages\/1311\/revisions"}],"predecessor-version":[{"id":2780,"href":"https:\/\/heikebrittaunap.com\/it\/wp-json\/wp\/v2\/pages\/1311\/revisions\/2780"}],"wp:featuredmedia":[{"embeddable":true,"href":"https:\/\/heikebrittaunap.com\/it\/wp-json\/wp\/v2\/media\/2383"}],"wp:attachment":[{"href":"https:\/\/heikebrittaunap.com\/it\/wp-json\/wp\/v2\/media?parent=1311"}],"curies":[{"name":"wp","href":"https:\/\/api.w.org\/{rel}","templated":true}]}}